{"id":102,"date":"2024-12-05T16:07:01","date_gmt":"2024-12-05T19:07:01","guid":{"rendered":"https:\/\/lunara.fi\/?page_id=102"},"modified":"2025-10-07T14:00:24","modified_gmt":"2025-10-07T17:00:24","slug":"hinnasto","status":"publish","type":"page","link":"https:\/\/lunara.fi\/?page_id=102","title":{"rendered":"Hinnasto"},"content":{"rendered":"\n<div class=\"wp-block-columns is-layout-flex wp-container-core-columns-is-layout-28f84493 wp-block-columns-is-layout-flex\">\n<div class=\"wp-block-column is-layout-flow wp-block-column-is-layout-flow\" style=\"flex-basis:66.66%\">\n<p>Valmennukset (<a href=\"https:\/\/lunara.fi\/?page_id=26\" data-type=\"page\" data-id=\"26\">lue lis\u00e4\u00e4<\/a>)<\/p>\n<\/div>\n\n\n\n<div class=\"wp-block-column is-layout-flow wp-block-column-is-layout-flow\" style=\"flex-basis:33.33%\">\n<p>85 EUR \/ tunti<\/p>\n<\/div>\n<\/div>\n\n\n\n<div class=\"wp-block-columns is-layout-flex wp-container-core-columns-is-layout-28f84493 wp-block-columns-is-layout-flex\">\n<div class=\"wp-block-column is-layout-flow wp-block-column-is-layout-flow\" style=\"flex-basis:66.66%\">\n<p>Vy\u00f6hykeretapia sis. korvanastat (lue lis\u00e4\u00e4&#8230;)<\/p>\n<\/div>\n\n\n\n<div class=\"wp-block-column is-layout-flow wp-block-column-is-layout-flow\" style=\"flex-basis:33.33%\">\n<p>75 EUR <\/p>\n<\/div>\n<\/div>\n\n\n\n<div class=\"wp-block-columns is-layout-flex wp-container-core-columns-is-layout-28f84493 wp-block-columns-is-layout-flex\">\n<div class=\"wp-block-column is-layout-flow wp-block-column-is-layout-flow\" style=\"flex-basis:66.66%\">\n<p>Homeopatia<\/p>\n\n\n\n<p>Aromaterapia<\/p>\n<\/div>\n\n\n\n<div class=\"wp-block-column is-layout-flow wp-block-column-is-layout-flow\" style=\"flex-basis:33.33%\">\n<p>75 EUR <\/p>\n\n\n\n<p>75 EUR <\/p>\n<\/div>\n<\/div>\n\n\n\n<div class=\"wp-block-columns is-layout-flex wp-container-core-columns-is-layout-28f84493 wp-block-columns-is-layout-flex\">\n<div class=\"wp-block-column is-layout-flow wp-block-column-is-layout-flow\" style=\"flex-basis:66.66%\">\n<p>Prana rentoutus<\/p>\n<\/div>\n\n\n\n<div class=\"wp-block-column is-layout-flow wp-block-column-is-layout-flow\" style=\"flex-basis:33.33%\">\n<p>55 EUR<\/p>\n<\/div>\n<\/div>\n\n\n\n<div class=\"wp-block-columns is-layout-flex wp-container-core-columns-is-layout-28f84493 wp-block-columns-is-layout-flex\">\n<div class=\"wp-block-column is-layout-flow wp-block-column-is-layout-flow\" style=\"flex-basis:66.66%\">\n<p>Tiibettil\u00e4inen \u00e4\u00e4nimaljahoito<\/p>\n<\/div>\n\n\n\n<div class=\"wp-block-column is-layout-flow wp-block-column-is-layout-flow\" style=\"flex-basis:33.33%\">\n<p>55 EUR<\/p>\n<\/div>\n<\/div>\n\n\n\n<div class=\"wp-block-columns is-layout-flex wp-container-core-columns-is-layout-28f84493 wp-block-columns-is-layout-flex\">\n<div class=\"wp-block-column is-layout-flow wp-block-column-is-layout-flow\" style=\"flex-basis:66.66%\">\n<p>HCA mittaus suppea<\/p>\n<\/div>\n\n\n\n<div class=\"wp-block-column is-layout-flow wp-block-column-is-layout-flow\" style=\"flex-basis:33.33%\">\n<p>50 EUR <\/p>\n<\/div>\n<\/div>\n\n\n\n<div class=\"wp-block-columns is-layout-flex wp-container-core-columns-is-layout-28f84493 wp-block-columns-is-layout-flex\">\n<div class=\"wp-block-column is-layout-flow wp-block-column-is-layout-flow\" style=\"flex-basis:66.66%\">\n<p>HCA mittaus laaja <\/p>\n\n\n\n<p>J\u00e4tett\u00e4v\u00e4t korva vy\u00f6hyketerapia nastat<\/p>\n\n\n\n<p>(muun hoidon yhteydess\u00e4)<\/p>\n<\/div>\n\n\n\n<div class=\"wp-block-column is-layout-flow wp-block-column-is-layout-flow\" style=\"flex-basis:33.33%\">\n<p>80 EUR <\/p>\n\n\n\n<p>49 EUR<\/p>\n\n\n\n<p>25 EUR<\/p>\n<\/div>\n<\/div>\n\n\n\n<div class=\"wp-block-columns is-layout-flex wp-container-core-columns-is-layout-28f84493 wp-block-columns-is-layout-flex\">\n<div class=\"wp-block-column is-layout-flow wp-block-column-is-layout-flow\" style=\"flex-basis:66.66%\">\n<p>Rentoutus ryhm\u00e4<\/p>\n\n\n\n<p>Vauvahierontaryhm\u00e4 <\/p>\n\n\n\n<p>Neurosonic<\/p>\n\n\n\n<p>Neurosonic<\/p>\n\n\n\n<p>(muiden hoitojen lis\u00e4n\u00e4\/yhteydess\u00e4)<\/p>\n<\/div>\n\n\n\n<div class=\"wp-block-column is-layout-flow wp-block-column-is-layout-flow\" style=\"flex-basis:33.33%\">\n<p>25 EUR \/ Kerta<\/p>\n\n\n\n<p>35 EUR kerta<\/p>\n\n\n\n<p>39 EUR krt<\/p>\n\n\n\n<p>5 sarjan lippu 150 EUR<\/p>\n\n\n\n<p>25 EUR<\/p>\n<\/div>\n<\/div>\n\n\n\n<p><\/p>\n\n\n\n<p><\/p>\n\n\n\n<div class=\"wp-block-group alignfull has-base-color has-contrast-background-color has-text-color has-background has-global-padding is-layout-constrained wp-container-core-group-is-layout-ef3d885c wp-block-group-is-layout-constrained\" style=\"margin-top:0;margin-bottom:0;padding-top:var(--wp--preset--spacing--60);padding-right:var(--wp--preset--spacing--60);padding-bottom:var(--wp--preset--spacing--60);padding-left:var(--wp--preset--spacing--60)\">\n<div class=\"wp-block-group has-global-padding is-layout-constrained wp-block-group-is-layout-constrained\">\n<p class=\"has-text-align-center has-base-color has-text-color has-heading-font-family has-x-large-font-size\" style=\"line-height:1.2\">&#8221;T\u00e4m\u00e4 hetki on ainoa todellisuus \u2013 el\u00e4m\u00e4 itse. Kaikki muu on muistoja tai kuvitelmia. \u00c4l\u00e4 koskaan kadota nykyhetken voimaa ja sen taianomaisuutta, sill\u00e4 juuri t\u00e4ss\u00e4 hetkess\u00e4 kaikki todella tapahtuu.&#8221;<\/p>\n<\/div>\n<\/div>\n","protected":false},"excerpt":{"rendered":"<p>Valmennukset (lue lis\u00e4\u00e4) 85 EUR \/ tunti Vy\u00f6hykeretapia sis. korvanastat (lue lis\u00e4\u00e4&#8230;) 75 EUR Homeopatia Aromaterapia 75 EUR 75 EUR Prana rentoutus 55 EUR Tiibettil\u00e4inen \u00e4\u00e4nimaljahoito 55 EUR HCA mittaus suppea 50 EUR HCA mittaus laaja J\u00e4tett\u00e4v\u00e4t korva vy\u00f6hyketerapia nastat (muun hoidon yhteydess\u00e4) 80 EUR 49 EUR 25 EUR Rentoutus ryhm\u00e4 Vauvahierontaryhm\u00e4 Neurosonic Neurosonic (muiden [&hellip;]<\/p>\n","protected":false},"author":1,"featured_media":0,"parent":0,"menu_order":0,"comment_status":"closed","ping_status":"closed","template":"","meta":{"footnotes":""},"class_list":["post-102","page","type-page","status-publish","hentry"],"yoast_head":"<!-- This site is optimized with the Yoast SEO plugin v27.4 - https:\/\/yoast.com\/product\/yoast-seo-wordpress\/ -->\n<title>Hinnasto - Lunara<\/title>\n<meta name=\"robots\" content=\"index, follow, max-snippet:-1, max-image-preview:large, max-video-preview:-1\" \/>\n<link rel=\"canonical\" href=\"https:\/\/lunara.fi\/?page_id=102\" \/>\n<meta property=\"og:locale\" content=\"fi_FI\" \/>\n<meta property=\"og:type\" content=\"article\" \/>\n<meta property=\"og:title\" content=\"Hinnasto - Lunara\" \/>\n<meta property=\"og:description\" content=\"Valmennukset (lue lis\u00e4\u00e4) 85 EUR \/ tunti Vy\u00f6hykeretapia sis. korvanastat (lue lis\u00e4\u00e4&#8230;) 75 EUR Homeopatia Aromaterapia 75 EUR 75 EUR Prana rentoutus 55 EUR Tiibettil\u00e4inen \u00e4\u00e4nimaljahoito 55 EUR HCA mittaus suppea 50 EUR HCA mittaus laaja J\u00e4tett\u00e4v\u00e4t korva vy\u00f6hyketerapia nastat (muun hoidon yhteydess\u00e4) 80 EUR 49 EUR 25 EUR Rentoutus ryhm\u00e4 Vauvahierontaryhm\u00e4 Neurosonic Neurosonic (muiden [&hellip;]\" \/>\n<meta property=\"og:url\" content=\"https:\/\/lunara.fi\/?page_id=102\" \/>\n<meta property=\"og:site_name\" content=\"Lunara\" \/>\n<meta property=\"article:modified_time\" content=\"2025-10-07T17:00:24+00:00\" \/>\n<meta name=\"twitter:card\" content=\"summary_large_image\" \/>\n<meta name=\"twitter:label1\" content=\"Arvioitu lukuaika\" \/>\n\t<meta name=\"twitter:data1\" content=\"1 minuutti\" \/>\n<script type=\"application\/ld+json\" class=\"yoast-schema-graph\">{\"@context\":\"https:\\\/\\\/schema.org\",\"@graph\":[{\"@type\":\"WebPage\",\"@id\":\"https:\\\/\\\/lunara.fi\\\/?page_id=102\",\"url\":\"https:\\\/\\\/lunara.fi\\\/?page_id=102\",\"name\":\"Hinnasto - Lunara\",\"isPartOf\":{\"@id\":\"https:\\\/\\\/lunara.fi\\\/#website\"},\"datePublished\":\"2024-12-05T19:07:01+00:00\",\"dateModified\":\"2025-10-07T17:00:24+00:00\",\"breadcrumb\":{\"@id\":\"https:\\\/\\\/lunara.fi\\\/?page_id=102#breadcrumb\"},\"inLanguage\":\"fi\",\"potentialAction\":[{\"@type\":\"ReadAction\",\"target\":[\"https:\\\/\\\/lunara.fi\\\/?page_id=102\"]}]},{\"@type\":\"BreadcrumbList\",\"@id\":\"https:\\\/\\\/lunara.fi\\\/?page_id=102#breadcrumb\",\"itemListElement\":[{\"@type\":\"ListItem\",\"position\":1,\"name\":\"Etusivu\",\"item\":\"https:\\\/\\\/lunara.fi\\\/\"},{\"@type\":\"ListItem\",\"position\":2,\"name\":\"Hinnasto\"}]},{\"@type\":\"WebSite\",\"@id\":\"https:\\\/\\\/lunara.fi\\\/#website\",\"url\":\"https:\\\/\\\/lunara.fi\\\/\",\"name\":\"Lunara\",\"description\":\"Tie rauhaan ja tasapainoon\",\"publisher\":{\"@id\":\"https:\\\/\\\/lunara.fi\\\/#organization\"},\"potentialAction\":[{\"@type\":\"SearchAction\",\"target\":{\"@type\":\"EntryPoint\",\"urlTemplate\":\"https:\\\/\\\/lunara.fi\\\/?s={search_term_string}\"},\"query-input\":{\"@type\":\"PropertyValueSpecification\",\"valueRequired\":true,\"valueName\":\"search_term_string\"}}],\"inLanguage\":\"fi\"},{\"@type\":\"Organization\",\"@id\":\"https:\\\/\\\/lunara.fi\\\/#organization\",\"name\":\"Lunara\",\"url\":\"https:\\\/\\\/lunara.fi\\\/\",\"logo\":{\"@type\":\"ImageObject\",\"inLanguage\":\"fi\",\"@id\":\"https:\\\/\\\/lunara.fi\\\/#\\\/schema\\\/logo\\\/image\\\/\",\"url\":\"https:\\\/\\\/lunara.fi\\\/wp-content\\\/uploads\\\/2024\\\/12\\\/logo.jpg\",\"contentUrl\":\"https:\\\/\\\/lunara.fi\\\/wp-content\\\/uploads\\\/2024\\\/12\\\/logo.jpg\",\"width\":513,\"height\":481,\"caption\":\"Lunara\"},\"image\":{\"@id\":\"https:\\\/\\\/lunara.fi\\\/#\\\/schema\\\/logo\\\/image\\\/\"}}]}<\/script>\n<!-- \/ Yoast SEO plugin. -->","yoast_head_json":{"title":"Hinnasto - Lunara","robots":{"index":"index","follow":"follow","max-snippet":"max-snippet:-1","max-image-preview":"max-image-preview:large","max-video-preview":"max-video-preview:-1"},"canonical":"https:\/\/lunara.fi\/?page_id=102","og_locale":"fi_FI","og_type":"article","og_title":"Hinnasto - Lunara","og_description":"Valmennukset (lue lis\u00e4\u00e4) 85 EUR \/ tunti Vy\u00f6hykeretapia sis. korvanastat (lue lis\u00e4\u00e4&#8230;) 75 EUR Homeopatia Aromaterapia 75 EUR 75 EUR Prana rentoutus 55 EUR Tiibettil\u00e4inen \u00e4\u00e4nimaljahoito 55 EUR HCA mittaus suppea 50 EUR HCA mittaus laaja J\u00e4tett\u00e4v\u00e4t korva vy\u00f6hyketerapia nastat (muun hoidon yhteydess\u00e4) 80 EUR 49 EUR 25 EUR Rentoutus ryhm\u00e4 Vauvahierontaryhm\u00e4 Neurosonic Neurosonic (muiden [&hellip;]","og_url":"https:\/\/lunara.fi\/?page_id=102","og_site_name":"Lunara","article_modified_time":"2025-10-07T17:00:24+00:00","twitter_card":"summary_large_image","twitter_misc":{"Arvioitu lukuaika":"1 minuutti"},"schema":{"@context":"https:\/\/schema.org","@graph":[{"@type":"WebPage","@id":"https:\/\/lunara.fi\/?page_id=102","url":"https:\/\/lunara.fi\/?page_id=102","name":"Hinnasto - Lunara","isPartOf":{"@id":"https:\/\/lunara.fi\/#website"},"datePublished":"2024-12-05T19:07:01+00:00","dateModified":"2025-10-07T17:00:24+00:00","breadcrumb":{"@id":"https:\/\/lunara.fi\/?page_id=102#breadcrumb"},"inLanguage":"fi","potentialAction":[{"@type":"ReadAction","target":["https:\/\/lunara.fi\/?page_id=102"]}]},{"@type":"BreadcrumbList","@id":"https:\/\/lunara.fi\/?page_id=102#breadcrumb","itemListElement":[{"@type":"ListItem","position":1,"name":"Etusivu","item":"https:\/\/lunara.fi\/"},{"@type":"ListItem","position":2,"name":"Hinnasto"}]},{"@type":"WebSite","@id":"https:\/\/lunara.fi\/#website","url":"https:\/\/lunara.fi\/","name":"Lunara","description":"Tie rauhaan ja tasapainoon","publisher":{"@id":"https:\/\/lunara.fi\/#organization"},"potentialAction":[{"@type":"SearchAction","target":{"@type":"EntryPoint","urlTemplate":"https:\/\/lunara.fi\/?s={search_term_string}"},"query-input":{"@type":"PropertyValueSpecification","valueRequired":true,"valueName":"search_term_string"}}],"inLanguage":"fi"},{"@type":"Organization","@id":"https:\/\/lunara.fi\/#organization","name":"Lunara","url":"https:\/\/lunara.fi\/","logo":{"@type":"ImageObject","inLanguage":"fi","@id":"https:\/\/lunara.fi\/#\/schema\/logo\/image\/","url":"https:\/\/lunara.fi\/wp-content\/uploads\/2024\/12\/logo.jpg","contentUrl":"https:\/\/lunara.fi\/wp-content\/uploads\/2024\/12\/logo.jpg","width":513,"height":481,"caption":"Lunara"},"image":{"@id":"https:\/\/lunara.fi\/#\/schema\/logo\/image\/"}}]}},"_links":{"self":[{"href":"https:\/\/lunara.fi\/index.php?rest_route=\/wp\/v2\/pages\/102","targetHints":{"allow":["GET"]}}],"collection":[{"href":"https:\/\/lunara.fi\/index.php?rest_route=\/wp\/v2\/pages"}],"about":[{"href":"https:\/\/lunara.fi\/index.php?rest_route=\/wp\/v2\/types\/page"}],"author":[{"embeddable":true,"href":"https:\/\/lunara.fi\/index.php?rest_route=\/wp\/v2\/users\/1"}],"replies":[{"embeddable":true,"href":"https:\/\/lunara.fi\/index.php?rest_route=%2Fwp%2Fv2%2Fcomments&post=102"}],"version-history":[{"count":13,"href":"https:\/\/lunara.fi\/index.php?rest_route=\/wp\/v2\/pages\/102\/revisions"}],"predecessor-version":[{"id":307,"href":"https:\/\/lunara.fi\/index.php?rest_route=\/wp\/v2\/pages\/102\/revisions\/307"}],"wp:attachment":[{"href":"https:\/\/lunara.fi\/index.php?rest_route=%2Fwp%2Fv2%2Fmedia&parent=102"}],"curies":[{"name":"wp","href":"https:\/\/api.w.org\/{rel}","templated":true}]}}