{"id":113,"date":"2024-12-05T16:26:49","date_gmt":"2024-12-05T19:26:49","guid":{"rendered":"https:\/\/lunara.fi\/?page_id=113"},"modified":"2024-12-10T13:05:40","modified_gmt":"2024-12-10T16:05:40","slug":"yhteydenotot-ja-ajanvaraus","status":"publish","type":"page","link":"https:\/\/lunara.fi\/?page_id=113","title":{"rendered":"Yhteydenotot ja ajanvaraus"},"content":{"rendered":"\n<div class=\"wp-block-columns is-layout-flex wp-container-core-columns-is-layout-28f84493 wp-block-columns-is-layout-flex\">\n<div class=\"wp-block-column is-layout-flow wp-block-column-is-layout-flow\" style=\"flex-basis:66.66%\">\n<p>Lis\u00e4tiedot ja ajanvaraus<\/p>\n\n\n\n<p>Satu <\/p>\n\n\n\n<p>Puhelin : 0503269091<\/p>\n\n\n\n<p>Email: <a href=\"mailto:satu@lunara.fi\">satu@lunara.fi<\/a><\/p>\n\n\n\n<p><\/p>\n<\/div>\n\n\n\n<div class=\"wp-block-column is-layout-flow wp-block-column-is-layout-flow\" style=\"flex-basis:33.33%\">\n<figure class=\"wp-block-image size-full\"><img loading=\"lazy\" decoding=\"async\" width=\"529\" height=\"370\" src=\"https:\/\/lunara.fi\/wp-content\/uploads\/2024\/12\/ajanvaraus-1.png\" alt=\"\" class=\"wp-image-115\" srcset=\"https:\/\/lunara.fi\/wp-content\/uploads\/2024\/12\/ajanvaraus-1.png 529w, https:\/\/lunara.fi\/wp-content\/uploads\/2024\/12\/ajanvaraus-1-300x210.png 300w\" sizes=\"auto, (max-width: 529px) 100vw, 529px\" \/><\/figure>\n<\/div>\n<\/div>\n\n\n\n<p><\/p>\n\n\n\n<div class=\"wp-block-group alignfull has-base-color has-contrast-background-color has-text-color has-background has-global-padding is-layout-constrained wp-container-core-group-is-layout-ef3d885c wp-block-group-is-layout-constrained\" style=\"margin-top:0;margin-bottom:0;padding-top:var(--wp--preset--spacing--60);padding-right:var(--wp--preset--spacing--60);padding-bottom:var(--wp--preset--spacing--60);padding-left:var(--wp--preset--spacing--60)\">\n<div class=\"wp-block-group has-global-padding is-layout-constrained wp-block-group-is-layout-constrained\">\n<p class=\"has-text-align-center has-base-color has-text-color has-heading-font-family has-x-large-font-size\" style=\"line-height:1.2\"><em>\u201cJokainen el\u00e4m\u00e4 on ainutlaatuinen lahja ja seikkailu. Meit\u00e4 johdatetaan jatkuvasti oikeaan suuntaan, kunhan osaamme seurata merkkej\u00e4, sill\u00e4 mik\u00e4\u00e4n ei ole sattumaa. Rohkeus tarttua uusiin asioihin on avain, sill\u00e4 jos mik\u00e4\u00e4n ei muutu, mik\u00e4\u00e4n ei muutu.&#8221;<\/em><\/p>\n<\/div>\n<\/div>\n","protected":false},"excerpt":{"rendered":"<p>Lis\u00e4tiedot ja ajanvaraus Satu Puhelin : 0503269091 Email: satu@lunara.fi \u201cJokainen el\u00e4m\u00e4 on ainutlaatuinen lahja ja seikkailu. Meit\u00e4 johdatetaan jatkuvasti oikeaan suuntaan, kunhan osaamme seurata merkkej\u00e4, sill\u00e4 mik\u00e4\u00e4n ei ole sattumaa. Rohkeus tarttua uusiin asioihin on avain, sill\u00e4 jos mik\u00e4\u00e4n ei muutu, mik\u00e4\u00e4n ei muutu.&#8221;<\/p>\n","protected":false},"author":1,"featured_media":0,"parent":0,"menu_order":0,"comment_status":"closed","ping_status":"closed","template":"","meta":{"footnotes":""},"class_list":["post-113","page","type-page","status-publish","hentry"],"yoast_head":"<!-- This site is optimized with the Yoast SEO plugin v27.4 - https:\/\/yoast.com\/product\/yoast-seo-wordpress\/ -->\n<title>Yhteydenotot ja ajanvaraus - Lunara<\/title>\n<meta name=\"robots\" content=\"index, follow, max-snippet:-1, max-image-preview:large, max-video-preview:-1\" \/>\n<link rel=\"canonical\" href=\"https:\/\/lunara.fi\/?page_id=113\" \/>\n<meta property=\"og:locale\" content=\"fi_FI\" \/>\n<meta property=\"og:type\" content=\"article\" \/>\n<meta property=\"og:title\" content=\"Yhteydenotot ja ajanvaraus - Lunara\" \/>\n<meta property=\"og:description\" content=\"Lis\u00e4tiedot ja ajanvaraus Satu Puhelin : 0503269091 Email: satu@lunara.fi \u201cJokainen el\u00e4m\u00e4 on ainutlaatuinen lahja ja seikkailu. Meit\u00e4 johdatetaan jatkuvasti oikeaan suuntaan, kunhan osaamme seurata merkkej\u00e4, sill\u00e4 mik\u00e4\u00e4n ei ole sattumaa. Rohkeus tarttua uusiin asioihin on avain, sill\u00e4 jos mik\u00e4\u00e4n ei muutu, mik\u00e4\u00e4n ei muutu.&#8221;\" \/>\n<meta property=\"og:url\" content=\"https:\/\/lunara.fi\/?page_id=113\" \/>\n<meta property=\"og:site_name\" content=\"Lunara\" \/>\n<meta property=\"article:modified_time\" content=\"2024-12-10T16:05:40+00:00\" \/>\n<meta property=\"og:image\" content=\"https:\/\/lunara.fi\/wp-content\/uploads\/2024\/12\/ajanvaraus-1.png\" \/>\n\t<meta property=\"og:image:width\" content=\"529\" \/>\n\t<meta property=\"og:image:height\" content=\"370\" \/>\n\t<meta property=\"og:image:type\" content=\"image\/png\" \/>\n<meta name=\"twitter:card\" content=\"summary_large_image\" \/>\n<script type=\"application\/ld+json\" class=\"yoast-schema-graph\">{\"@context\":\"https:\\\/\\\/schema.org\",\"@graph\":[{\"@type\":\"WebPage\",\"@id\":\"https:\\\/\\\/lunara.fi\\\/?page_id=113\",\"url\":\"https:\\\/\\\/lunara.fi\\\/?page_id=113\",\"name\":\"Yhteydenotot ja ajanvaraus - Lunara\",\"isPartOf\":{\"@id\":\"https:\\\/\\\/lunara.fi\\\/#website\"},\"primaryImageOfPage\":{\"@id\":\"https:\\\/\\\/lunara.fi\\\/?page_id=113#primaryimage\"},\"image\":{\"@id\":\"https:\\\/\\\/lunara.fi\\\/?page_id=113#primaryimage\"},\"thumbnailUrl\":\"https:\\\/\\\/lunara.fi\\\/wp-content\\\/uploads\\\/2024\\\/12\\\/ajanvaraus-1.png\",\"datePublished\":\"2024-12-05T19:26:49+00:00\",\"dateModified\":\"2024-12-10T16:05:40+00:00\",\"breadcrumb\":{\"@id\":\"https:\\\/\\\/lunara.fi\\\/?page_id=113#breadcrumb\"},\"inLanguage\":\"fi\",\"potentialAction\":[{\"@type\":\"ReadAction\",\"target\":[\"https:\\\/\\\/lunara.fi\\\/?page_id=113\"]}]},{\"@type\":\"ImageObject\",\"inLanguage\":\"fi\",\"@id\":\"https:\\\/\\\/lunara.fi\\\/?page_id=113#primaryimage\",\"url\":\"https:\\\/\\\/lunara.fi\\\/wp-content\\\/uploads\\\/2024\\\/12\\\/ajanvaraus-1.png\",\"contentUrl\":\"https:\\\/\\\/lunara.fi\\\/wp-content\\\/uploads\\\/2024\\\/12\\\/ajanvaraus-1.png\",\"width\":529,\"height\":370},{\"@type\":\"BreadcrumbList\",\"@id\":\"https:\\\/\\\/lunara.fi\\\/?page_id=113#breadcrumb\",\"itemListElement\":[{\"@type\":\"ListItem\",\"position\":1,\"name\":\"Etusivu\",\"item\":\"https:\\\/\\\/lunara.fi\\\/\"},{\"@type\":\"ListItem\",\"position\":2,\"name\":\"Yhteydenotot ja ajanvaraus\"}]},{\"@type\":\"WebSite\",\"@id\":\"https:\\\/\\\/lunara.fi\\\/#website\",\"url\":\"https:\\\/\\\/lunara.fi\\\/\",\"name\":\"Lunara\",\"description\":\"Tie rauhaan ja tasapainoon\",\"publisher\":{\"@id\":\"https:\\\/\\\/lunara.fi\\\/#organization\"},\"potentialAction\":[{\"@type\":\"SearchAction\",\"target\":{\"@type\":\"EntryPoint\",\"urlTemplate\":\"https:\\\/\\\/lunara.fi\\\/?s={search_term_string}\"},\"query-input\":{\"@type\":\"PropertyValueSpecification\",\"valueRequired\":true,\"valueName\":\"search_term_string\"}}],\"inLanguage\":\"fi\"},{\"@type\":\"Organization\",\"@id\":\"https:\\\/\\\/lunara.fi\\\/#organization\",\"name\":\"Lunara\",\"url\":\"https:\\\/\\\/lunara.fi\\\/\",\"logo\":{\"@type\":\"ImageObject\",\"inLanguage\":\"fi\",\"@id\":\"https:\\\/\\\/lunara.fi\\\/#\\\/schema\\\/logo\\\/image\\\/\",\"url\":\"https:\\\/\\\/lunara.fi\\\/wp-content\\\/uploads\\\/2024\\\/12\\\/logo.jpg\",\"contentUrl\":\"https:\\\/\\\/lunara.fi\\\/wp-content\\\/uploads\\\/2024\\\/12\\\/logo.jpg\",\"width\":513,\"height\":481,\"caption\":\"Lunara\"},\"image\":{\"@id\":\"https:\\\/\\\/lunara.fi\\\/#\\\/schema\\\/logo\\\/image\\\/\"}}]}<\/script>\n<!-- \/ Yoast SEO plugin. -->","yoast_head_json":{"title":"Yhteydenotot ja ajanvaraus - Lunara","robots":{"index":"index","follow":"follow","max-snippet":"max-snippet:-1","max-image-preview":"max-image-preview:large","max-video-preview":"max-video-preview:-1"},"canonical":"https:\/\/lunara.fi\/?page_id=113","og_locale":"fi_FI","og_type":"article","og_title":"Yhteydenotot ja ajanvaraus - Lunara","og_description":"Lis\u00e4tiedot ja ajanvaraus Satu Puhelin : 0503269091 Email: satu@lunara.fi \u201cJokainen el\u00e4m\u00e4 on ainutlaatuinen lahja ja seikkailu. Meit\u00e4 johdatetaan jatkuvasti oikeaan suuntaan, kunhan osaamme seurata merkkej\u00e4, sill\u00e4 mik\u00e4\u00e4n ei ole sattumaa. Rohkeus tarttua uusiin asioihin on avain, sill\u00e4 jos mik\u00e4\u00e4n ei muutu, mik\u00e4\u00e4n ei muutu.&#8221;","og_url":"https:\/\/lunara.fi\/?page_id=113","og_site_name":"Lunara","article_modified_time":"2024-12-10T16:05:40+00:00","og_image":[{"width":529,"height":370,"url":"https:\/\/lunara.fi\/wp-content\/uploads\/2024\/12\/ajanvaraus-1.png","type":"image\/png"}],"twitter_card":"summary_large_image","schema":{"@context":"https:\/\/schema.org","@graph":[{"@type":"WebPage","@id":"https:\/\/lunara.fi\/?page_id=113","url":"https:\/\/lunara.fi\/?page_id=113","name":"Yhteydenotot ja ajanvaraus - Lunara","isPartOf":{"@id":"https:\/\/lunara.fi\/#website"},"primaryImageOfPage":{"@id":"https:\/\/lunara.fi\/?page_id=113#primaryimage"},"image":{"@id":"https:\/\/lunara.fi\/?page_id=113#primaryimage"},"thumbnailUrl":"https:\/\/lunara.fi\/wp-content\/uploads\/2024\/12\/ajanvaraus-1.png","datePublished":"2024-12-05T19:26:49+00:00","dateModified":"2024-12-10T16:05:40+00:00","breadcrumb":{"@id":"https:\/\/lunara.fi\/?page_id=113#breadcrumb"},"inLanguage":"fi","potentialAction":[{"@type":"ReadAction","target":["https:\/\/lunara.fi\/?page_id=113"]}]},{"@type":"ImageObject","inLanguage":"fi","@id":"https:\/\/lunara.fi\/?page_id=113#primaryimage","url":"https:\/\/lunara.fi\/wp-content\/uploads\/2024\/12\/ajanvaraus-1.png","contentUrl":"https:\/\/lunara.fi\/wp-content\/uploads\/2024\/12\/ajanvaraus-1.png","width":529,"height":370},{"@type":"BreadcrumbList","@id":"https:\/\/lunara.fi\/?page_id=113#breadcrumb","itemListElement":[{"@type":"ListItem","position":1,"name":"Etusivu","item":"https:\/\/lunara.fi\/"},{"@type":"ListItem","position":2,"name":"Yhteydenotot ja ajanvaraus"}]},{"@type":"WebSite","@id":"https:\/\/lunara.fi\/#website","url":"https:\/\/lunara.fi\/","name":"Lunara","description":"Tie rauhaan ja tasapainoon","publisher":{"@id":"https:\/\/lunara.fi\/#organization"},"potentialAction":[{"@type":"SearchAction","target":{"@type":"EntryPoint","urlTemplate":"https:\/\/lunara.fi\/?s={search_term_string}"},"query-input":{"@type":"PropertyValueSpecification","valueRequired":true,"valueName":"search_term_string"}}],"inLanguage":"fi"},{"@type":"Organization","@id":"https:\/\/lunara.fi\/#organization","name":"Lunara","url":"https:\/\/lunara.fi\/","logo":{"@type":"ImageObject","inLanguage":"fi","@id":"https:\/\/lunara.fi\/#\/schema\/logo\/image\/","url":"https:\/\/lunara.fi\/wp-content\/uploads\/2024\/12\/logo.jpg","contentUrl":"https:\/\/lunara.fi\/wp-content\/uploads\/2024\/12\/logo.jpg","width":513,"height":481,"caption":"Lunara"},"image":{"@id":"https:\/\/lunara.fi\/#\/schema\/logo\/image\/"}}]}},"_links":{"self":[{"href":"https:\/\/lunara.fi\/index.php?rest_route=\/wp\/v2\/pages\/113","targetHints":{"allow":["GET"]}}],"collection":[{"href":"https:\/\/lunara.fi\/index.php?rest_route=\/wp\/v2\/pages"}],"about":[{"href":"https:\/\/lunara.fi\/index.php?rest_route=\/wp\/v2\/types\/page"}],"author":[{"embeddable":true,"href":"https:\/\/lunara.fi\/index.php?rest_route=\/wp\/v2\/users\/1"}],"replies":[{"embeddable":true,"href":"https:\/\/lunara.fi\/index.php?rest_route=%2Fwp%2Fv2%2Fcomments&post=113"}],"version-history":[{"count":6,"href":"https:\/\/lunara.fi\/index.php?rest_route=\/wp\/v2\/pages\/113\/revisions"}],"predecessor-version":[{"id":217,"href":"https:\/\/lunara.fi\/index.php?rest_route=\/wp\/v2\/pages\/113\/revisions\/217"}],"wp:attachment":[{"href":"https:\/\/lunara.fi\/index.php?rest_route=%2Fwp%2Fv2%2Fmedia&parent=113"}],"curies":[{"name":"wp","href":"https:\/\/api.w.org\/{rel}","templated":true}]}}