{"id":178,"date":"2024-12-06T09:09:38","date_gmt":"2024-12-06T12:09:38","guid":{"rendered":"https:\/\/lunara.fi\/?page_id=178"},"modified":"2024-12-10T10:43:48","modified_gmt":"2024-12-10T13:43:48","slug":"ihana-mina-valmennus-layda-itsesi-uudelleen-lempeasti-ja-rakkaudella","status":"publish","type":"page","link":"https:\/\/lunara.fi\/?page_id=178","title":{"rendered":"Ihana min\u00e4 valmennus- L\u00f6yd\u00e4 itsesi uudelleen lempe\u00e4sti ja rakkaudella"},"content":{"rendered":"\n<p>Ihana Min\u00e4 on viiden kerran syv\u00e4llinen matka itseen. Valmennus lis\u00e4\u00e4 itseymm\u00e4rryst\u00e4, my\u00f6t\u00e4tuntoa ja armollisuutta itse\u00e4si kohtaan. L\u00f6yd\u00e4 omat vahvuutesi ja anna niiden kantaa sinut kohti itsetuntemusta ja aitoa itseluottamusta.<\/p>\n\n\n\n<p>IHANA MIN\u00c4 vamennus on my\u00f6s taideterapeuttinen matka itsetuntemukseen, joka saa sinut parhaimmillaan &#8221;puhkeamaan kukkaan&#8221; eli auttaa sinua olemaan paras versio itsest\u00e4si.<\/p>\n\n\n\n<p>Harjoituksessa teemme&nbsp; matkan lapsuudestamme aina nykyhetkeen saakka. Parhaimmillaan t\u00e4m\u00e4 matka auttaa tekem\u00e4\u00e4n syv\u00e4\u00e4 ymm\u00e4rryst\u00e4 itse itsest\u00e4mme ja siit\u00e4, kuinka el\u00e4m\u00e4si sek\u00e4 sen kokemukset ovat muokanneet meist\u00e4 juuri sen henkil\u00f6n, joka&nbsp; t\u00e4n\u00e4\u00e4n olemme. Harjoitus avaa ymm\u00e4rryst\u00e4 sis\u00e4isest\u00e4 lapsesta, joka asuu edelleen&nbsp; meiss\u00e4 jokaisessa aikuisuutemme rinnalla. Harjoituksen my\u00f6t\u00e4 oivallamme keinoja tukea itse itse\u00e4mme.&nbsp;<\/p>\n\n\n\n<p>IHANA MIN\u00c4 harjoitteen tavoite on antaa osallistujalle ty\u00f6v\u00e4lineet sek\u00e4 tie syvemp\u00e4\u00e4n itsetuntemukseen sek\u00e4 omaan merkityksen ymm\u00e4rt\u00e4miseen, avaamalla oman historian sek\u00e4 menneisyyden merkityst\u00e4 siihen kuka olemme t\u00e4n\u00e4\u00e4n. T\u00e4m\u00e4 ymm\u00e4rrys luo useimmiten rauhan itsens\u00e4 sek\u00e4 eletyn el\u00e4m\u00e4n kanssa. T\u00e4m\u00e4 ymm\u00e4rrys on hyv\u00e4 perusta jatkaa el\u00e4m\u00e4ss\u00e4 eteenp\u00e4in kohti tulevaa.&nbsp;<\/p>\n\n\n\n<p>Mukaan harjoitukseen tarvitset valokuvia itsest\u00e4si seuraavilta eri ik\u00e4kausilta:<\/p>\n\n\n\n<p>1v, 7v,14,20v,30v. 40v,50v \u2026ja viimeisin kuva juuri nyt!<\/p>\n\n\n\n<p>Asiakkaat ovat kuvanneet t\u00e4t\u00e4 matkaa vapauttavana ja itseymm\u00e4rryst\u00e4 sek\u00e4 itse my\u00f6t\u00e4tuntoa lis\u00e4\u00e4v\u00e4n\u00e4 matkana, joka kannatti ehdottomasti ohjatusti tehd\u00e4.<\/p>\n\n\n\n<p>T\u00e4m\u00e4 valmennus saatavilla t\u00e4ll\u00e4 hetkell\u00e4 vain yksil\u00f6 valmennuksena, jos kiinnostuit niin ota yhteytt\u00e4. Valmennus onnistuu my\u00f6s et\u00e4n\u00e4! <\/p>\n\n\n\n<p>Iloa p\u00e4iv\u00e4\u00e4si juuri ihana sin\u00e4!<\/p>\n\n\n\n<div class=\"wp-block-group alignfull has-base-color has-contrast-background-color has-text-color has-background has-global-padding is-layout-constrained wp-container-core-group-is-layout-ef3d885c wp-block-group-is-layout-constrained\" style=\"margin-top:0;margin-bottom:0;padding-top:var(--wp--preset--spacing--60);padding-right:var(--wp--preset--spacing--60);padding-bottom:var(--wp--preset--spacing--60);padding-left:var(--wp--preset--spacing--60)\">\n<div class=\"wp-block-group has-global-padding is-layout-constrained wp-block-group-is-layout-constrained\">\n<p class=\"has-text-align-center has-base-color has-text-color has-heading-font-family has-x-large-font-size\" style=\"line-height:1.2\"><em>\u201cEl\u00e4m\u00e4n kauneus ei piile p\u00e4iviss\u00e4 vaan hetkiss\u00e4, jotka saavat syd\u00e4memme sykkim\u00e4\u00e4n hieman hitaammin ja hymyilem\u00e4\u00e4n hieman enemm\u00e4n\u201d<\/em><\/p>\n<\/div>\n<\/div>\n","protected":false},"excerpt":{"rendered":"<p>Ihana Min\u00e4 on viiden kerran syv\u00e4llinen matka itseen. Valmennus lis\u00e4\u00e4 itseymm\u00e4rryst\u00e4, my\u00f6t\u00e4tuntoa ja armollisuutta itse\u00e4si kohtaan. L\u00f6yd\u00e4 omat vahvuutesi ja anna niiden kantaa sinut kohti itsetuntemusta ja aitoa itseluottamusta. IHANA MIN\u00c4 vamennus on my\u00f6s taideterapeuttinen matka itsetuntemukseen, joka saa sinut parhaimmillaan &#8221;puhkeamaan kukkaan&#8221; eli auttaa sinua olemaan paras versio itsest\u00e4si. Harjoituksessa teemme&nbsp; matkan lapsuudestamme aina [&hellip;]<\/p>\n","protected":false},"author":1,"featured_media":0,"parent":0,"menu_order":0,"comment_status":"closed","ping_status":"closed","template":"","meta":{"footnotes":""},"class_list":["post-178","page","type-page","status-publish","hentry"],"yoast_head":"<!-- This site is optimized with the Yoast SEO plugin v27.4 - https:\/\/yoast.com\/product\/yoast-seo-wordpress\/ -->\n<title>Ihana min\u00e4 valmennus- L\u00f6yd\u00e4 itsesi uudelleen lempe\u00e4sti ja rakkaudella - Lunara<\/title>\n<meta name=\"robots\" content=\"index, follow, max-snippet:-1, max-image-preview:large, max-video-preview:-1\" \/>\n<link rel=\"canonical\" href=\"https:\/\/lunara.fi\/?page_id=178\" \/>\n<meta property=\"og:locale\" content=\"fi_FI\" \/>\n<meta property=\"og:type\" content=\"article\" \/>\n<meta property=\"og:title\" content=\"Ihana min\u00e4 valmennus- L\u00f6yd\u00e4 itsesi uudelleen lempe\u00e4sti ja rakkaudella - Lunara\" \/>\n<meta property=\"og:description\" content=\"Ihana Min\u00e4 on viiden kerran syv\u00e4llinen matka itseen. Valmennus lis\u00e4\u00e4 itseymm\u00e4rryst\u00e4, my\u00f6t\u00e4tuntoa ja armollisuutta itse\u00e4si kohtaan. L\u00f6yd\u00e4 omat vahvuutesi ja anna niiden kantaa sinut kohti itsetuntemusta ja aitoa itseluottamusta. IHANA MIN\u00c4 vamennus on my\u00f6s taideterapeuttinen matka itsetuntemukseen, joka saa sinut parhaimmillaan &#8221;puhkeamaan kukkaan&#8221; eli auttaa sinua olemaan paras versio itsest\u00e4si. Harjoituksessa teemme&nbsp; matkan lapsuudestamme aina [&hellip;]\" \/>\n<meta property=\"og:url\" content=\"https:\/\/lunara.fi\/?page_id=178\" \/>\n<meta property=\"og:site_name\" content=\"Lunara\" \/>\n<meta property=\"article:modified_time\" content=\"2024-12-10T13:43:48+00:00\" \/>\n<meta name=\"twitter:card\" content=\"summary_large_image\" \/>\n<meta name=\"twitter:label1\" content=\"Arvioitu lukuaika\" \/>\n\t<meta name=\"twitter:data1\" content=\"1 minuutti\" \/>\n<script type=\"application\/ld+json\" class=\"yoast-schema-graph\">{\"@context\":\"https:\\\/\\\/schema.org\",\"@graph\":[{\"@type\":\"WebPage\",\"@id\":\"https:\\\/\\\/lunara.fi\\\/?page_id=178\",\"url\":\"https:\\\/\\\/lunara.fi\\\/?page_id=178\",\"name\":\"Ihana min\u00e4 valmennus- L\u00f6yd\u00e4 itsesi uudelleen lempe\u00e4sti ja rakkaudella - Lunara\",\"isPartOf\":{\"@id\":\"https:\\\/\\\/lunara.fi\\\/#website\"},\"datePublished\":\"2024-12-06T12:09:38+00:00\",\"dateModified\":\"2024-12-10T13:43:48+00:00\",\"breadcrumb\":{\"@id\":\"https:\\\/\\\/lunara.fi\\\/?page_id=178#breadcrumb\"},\"inLanguage\":\"fi\",\"potentialAction\":[{\"@type\":\"ReadAction\",\"target\":[\"https:\\\/\\\/lunara.fi\\\/?page_id=178\"]}]},{\"@type\":\"BreadcrumbList\",\"@id\":\"https:\\\/\\\/lunara.fi\\\/?page_id=178#breadcrumb\",\"itemListElement\":[{\"@type\":\"ListItem\",\"position\":1,\"name\":\"Etusivu\",\"item\":\"https:\\\/\\\/lunara.fi\\\/\"},{\"@type\":\"ListItem\",\"position\":2,\"name\":\"Ihana min\u00e4 valmennus- L\u00f6yd\u00e4 itsesi uudelleen lempe\u00e4sti ja rakkaudella\"}]},{\"@type\":\"WebSite\",\"@id\":\"https:\\\/\\\/lunara.fi\\\/#website\",\"url\":\"https:\\\/\\\/lunara.fi\\\/\",\"name\":\"Lunara\",\"description\":\"Tie rauhaan ja tasapainoon\",\"publisher\":{\"@id\":\"https:\\\/\\\/lunara.fi\\\/#organization\"},\"potentialAction\":[{\"@type\":\"SearchAction\",\"target\":{\"@type\":\"EntryPoint\",\"urlTemplate\":\"https:\\\/\\\/lunara.fi\\\/?s={search_term_string}\"},\"query-input\":{\"@type\":\"PropertyValueSpecification\",\"valueRequired\":true,\"valueName\":\"search_term_string\"}}],\"inLanguage\":\"fi\"},{\"@type\":\"Organization\",\"@id\":\"https:\\\/\\\/lunara.fi\\\/#organization\",\"name\":\"Lunara\",\"url\":\"https:\\\/\\\/lunara.fi\\\/\",\"logo\":{\"@type\":\"ImageObject\",\"inLanguage\":\"fi\",\"@id\":\"https:\\\/\\\/lunara.fi\\\/#\\\/schema\\\/logo\\\/image\\\/\",\"url\":\"https:\\\/\\\/lunara.fi\\\/wp-content\\\/uploads\\\/2024\\\/12\\\/logo.jpg\",\"contentUrl\":\"https:\\\/\\\/lunara.fi\\\/wp-content\\\/uploads\\\/2024\\\/12\\\/logo.jpg\",\"width\":513,\"height\":481,\"caption\":\"Lunara\"},\"image\":{\"@id\":\"https:\\\/\\\/lunara.fi\\\/#\\\/schema\\\/logo\\\/image\\\/\"}}]}<\/script>\n<!-- \/ Yoast SEO plugin. -->","yoast_head_json":{"title":"Ihana min\u00e4 valmennus- L\u00f6yd\u00e4 itsesi uudelleen lempe\u00e4sti ja rakkaudella - Lunara","robots":{"index":"index","follow":"follow","max-snippet":"max-snippet:-1","max-image-preview":"max-image-preview:large","max-video-preview":"max-video-preview:-1"},"canonical":"https:\/\/lunara.fi\/?page_id=178","og_locale":"fi_FI","og_type":"article","og_title":"Ihana min\u00e4 valmennus- L\u00f6yd\u00e4 itsesi uudelleen lempe\u00e4sti ja rakkaudella - Lunara","og_description":"Ihana Min\u00e4 on viiden kerran syv\u00e4llinen matka itseen. Valmennus lis\u00e4\u00e4 itseymm\u00e4rryst\u00e4, my\u00f6t\u00e4tuntoa ja armollisuutta itse\u00e4si kohtaan. L\u00f6yd\u00e4 omat vahvuutesi ja anna niiden kantaa sinut kohti itsetuntemusta ja aitoa itseluottamusta. IHANA MIN\u00c4 vamennus on my\u00f6s taideterapeuttinen matka itsetuntemukseen, joka saa sinut parhaimmillaan &#8221;puhkeamaan kukkaan&#8221; eli auttaa sinua olemaan paras versio itsest\u00e4si. Harjoituksessa teemme&nbsp; matkan lapsuudestamme aina [&hellip;]","og_url":"https:\/\/lunara.fi\/?page_id=178","og_site_name":"Lunara","article_modified_time":"2024-12-10T13:43:48+00:00","twitter_card":"summary_large_image","twitter_misc":{"Arvioitu lukuaika":"1 minuutti"},"schema":{"@context":"https:\/\/schema.org","@graph":[{"@type":"WebPage","@id":"https:\/\/lunara.fi\/?page_id=178","url":"https:\/\/lunara.fi\/?page_id=178","name":"Ihana min\u00e4 valmennus- L\u00f6yd\u00e4 itsesi uudelleen lempe\u00e4sti ja rakkaudella - Lunara","isPartOf":{"@id":"https:\/\/lunara.fi\/#website"},"datePublished":"2024-12-06T12:09:38+00:00","dateModified":"2024-12-10T13:43:48+00:00","breadcrumb":{"@id":"https:\/\/lunara.fi\/?page_id=178#breadcrumb"},"inLanguage":"fi","potentialAction":[{"@type":"ReadAction","target":["https:\/\/lunara.fi\/?page_id=178"]}]},{"@type":"BreadcrumbList","@id":"https:\/\/lunara.fi\/?page_id=178#breadcrumb","itemListElement":[{"@type":"ListItem","position":1,"name":"Etusivu","item":"https:\/\/lunara.fi\/"},{"@type":"ListItem","position":2,"name":"Ihana min\u00e4 valmennus- L\u00f6yd\u00e4 itsesi uudelleen lempe\u00e4sti ja rakkaudella"}]},{"@type":"WebSite","@id":"https:\/\/lunara.fi\/#website","url":"https:\/\/lunara.fi\/","name":"Lunara","description":"Tie rauhaan ja tasapainoon","publisher":{"@id":"https:\/\/lunara.fi\/#organization"},"potentialAction":[{"@type":"SearchAction","target":{"@type":"EntryPoint","urlTemplate":"https:\/\/lunara.fi\/?s={search_term_string}"},"query-input":{"@type":"PropertyValueSpecification","valueRequired":true,"valueName":"search_term_string"}}],"inLanguage":"fi"},{"@type":"Organization","@id":"https:\/\/lunara.fi\/#organization","name":"Lunara","url":"https:\/\/lunara.fi\/","logo":{"@type":"ImageObject","inLanguage":"fi","@id":"https:\/\/lunara.fi\/#\/schema\/logo\/image\/","url":"https:\/\/lunara.fi\/wp-content\/uploads\/2024\/12\/logo.jpg","contentUrl":"https:\/\/lunara.fi\/wp-content\/uploads\/2024\/12\/logo.jpg","width":513,"height":481,"caption":"Lunara"},"image":{"@id":"https:\/\/lunara.fi\/#\/schema\/logo\/image\/"}}]}},"_links":{"self":[{"href":"https:\/\/lunara.fi\/index.php?rest_route=\/wp\/v2\/pages\/178","targetHints":{"allow":["GET"]}}],"collection":[{"href":"https:\/\/lunara.fi\/index.php?rest_route=\/wp\/v2\/pages"}],"about":[{"href":"https:\/\/lunara.fi\/index.php?rest_route=\/wp\/v2\/types\/page"}],"author":[{"embeddable":true,"href":"https:\/\/lunara.fi\/index.php?rest_route=\/wp\/v2\/users\/1"}],"replies":[{"embeddable":true,"href":"https:\/\/lunara.fi\/index.php?rest_route=%2Fwp%2Fv2%2Fcomments&post=178"}],"version-history":[{"count":4,"href":"https:\/\/lunara.fi\/index.php?rest_route=\/wp\/v2\/pages\/178\/revisions"}],"predecessor-version":[{"id":197,"href":"https:\/\/lunara.fi\/index.php?rest_route=\/wp\/v2\/pages\/178\/revisions\/197"}],"wp:attachment":[{"href":"https:\/\/lunara.fi\/index.php?rest_route=%2Fwp%2Fv2%2Fmedia&parent=178"}],"curies":[{"name":"wp","href":"https:\/\/api.w.org\/{rel}","templated":true}]}}