{"id":208,"date":"2024-12-10T11:55:11","date_gmt":"2024-12-10T14:55:11","guid":{"rendered":"https:\/\/lunara.fi\/?page_id=208"},"modified":"2025-05-22T10:12:24","modified_gmt":"2025-05-22T13:12:24","slug":"tietoja-minusta","status":"publish","type":"page","link":"https:\/\/lunara.fi\/?page_id=208","title":{"rendered":"Tietoja minusta"},"content":{"rendered":"\n<div class=\"wp-block-columns is-layout-flex wp-container-core-columns-is-layout-28f84493 wp-block-columns-is-layout-flex\">\n<div class=\"wp-block-column is-layout-flow wp-block-column-is-layout-flow\" style=\"flex-basis:66.66%\">\n<p>Satu \u2013 Homeopatian, NLP:n ja kokonaisvaltaisen hyvinvoinnin asiantuntija<\/p>\n\n\n\n<p>Lapsuuteni juuret ovat syv\u00e4ll\u00e4 vaihtoehtoisten hoitomuotojen maailmassa. Kasvoin vy\u00f6hyketerapian sek\u00e4 eteeristen \u00f6ljyjen ymp\u00e4r\u00f6im\u00e4n\u00e4, nuo hoidot olivat olennainen osa arkeamme. Ensimm\u00e4inen kosketukseni homeopatiaan oli 14-vuotiaana, kun olin jumissa angiina- ja antibioottikierteess\u00e4. \u00c4itini yst\u00e4v\u00e4, homeopaatti, auttoi minua katkaisemaan tuon kierteen, ja kiinnostukseni homeopatiaan her\u00e4si heti.<\/p>\n<\/div>\n\n\n\n<div class=\"wp-block-column is-vertically-aligned-top is-layout-flow wp-block-column-is-layout-flow\" style=\"flex-basis:33.33%\">\n<figure class=\"wp-block-image size-large\"><img loading=\"lazy\" decoding=\"async\" width=\"668\" height=\"1024\" src=\"https:\/\/lunara.fi\/wp-content\/uploads\/2025\/05\/DSC_1730-668x1024.jpg\" alt=\"\" class=\"wp-image-312\" srcset=\"https:\/\/lunara.fi\/wp-content\/uploads\/2025\/05\/DSC_1730-668x1024.jpg 668w, https:\/\/lunara.fi\/wp-content\/uploads\/2025\/05\/DSC_1730-196x300.jpg 196w, https:\/\/lunara.fi\/wp-content\/uploads\/2025\/05\/DSC_1730-768x1177.jpg 768w, https:\/\/lunara.fi\/wp-content\/uploads\/2025\/05\/DSC_1730-1002x1536.jpg 1002w, https:\/\/lunara.fi\/wp-content\/uploads\/2025\/05\/DSC_1730-1336x2048.jpg 1336w, https:\/\/lunara.fi\/wp-content\/uploads\/2025\/05\/DSC_1730.jpg 1664w\" sizes=\"auto, (max-width: 668px) 100vw, 668px\" \/><\/figure>\n<\/div>\n<\/div>\n\n\n\n<p>20-vuotiaana sukelsin syv\u00e4lle homeopatian maailmaan osallistumalla monenlaisiin kursseihin eri kouluttajien opissa. My\u00f6hemmin \u00e4idiksi tullessani homeopatia osoittautui korvaamattomaksi arjen haasteissa \u2013 ei vain omassa perheess\u00e4ni, vaan my\u00f6s yst\u00e4vien ja sukulaisten el\u00e4m\u00e4ss\u00e4. Olen auttanut ihmisi\u00e4 pieniss\u00e4 ja suurissa vaivoissa l\u00e4hes 30 vuoden ajan ja intohimoni homeopatiaa kohtaan jatkuu edelleen. T\u00e4ll\u00e4 hetkell\u00e4 syvenn\u00e4n osaamistani It&#8217;s Health Homeopatia -koulussa, jotta voin tarjota asiakkaille entist\u00e4 kattavampaa apua.<\/p>\n\n\n\n<p>Laajempi n\u00e4k\u00f6kulma ihmismieleen ja -kehoon<\/p>\n\n\n\n<p>Ensimm\u00e4inen kosketukseni NLP:hen tapahtui ty\u00f6skentelyni aikana Elisa Communicationsilla, kun t\u00e4ydensin osaamistani koulutussuunnittelijana. My\u00f6hemmin el\u00e4m\u00e4n haasteet johdattivat minut takaisin NLP-opintojen pariin. Valmistuin NLP Masteriksi syksyll\u00e4 2021 ja olen sittemmin hy\u00f6dynt\u00e4nyt NLP:t\u00e4, suggestiorentoutusta sek\u00e4 valmennustekniikoita ihmisten auttamisessa.<\/p>\n\n\n\n<p>Kaipasin kuitenkin lis\u00e4\u00e4 ty\u00f6kaluja asiakkaideni hyvinvoinnin tueksi ja aloitin opinnot taideterapian parissa. Taideterapian opinnot, jotka valmistuvat tammikuussa 2024, ovat tuoneet aivan uuden ulottuvuuden ty\u00f6skentelyyni \u2013 luovuus ja itseilmaisu t\u00e4ydent\u00e4v\u00e4t tehokkaasti mielen ja kehon tasapainotusta.<\/p>\n\n\n\n<p>Vy\u00f6hyketerapia ja eteeriset \u00f6ljyt \u2013 osa sukupolvien ketjua<\/p>\n\n\n\n<p>Vy\u00f6hyketerapia on ollut osa el\u00e4m\u00e4\u00e4ni lapsuudesta saakka ja omat lapseni ovat saaneet nauttia hoidoista mumminsa k\u00e4sist\u00e4. He jopa rohkaisivat minua opiskelemaan vy\u00f6hyketerapiaa, jotta t\u00e4m\u00e4 ihana rentoutuksen ja hyvinvoinnin perinne jatkuisi my\u00f6s tuleville sukupolville perheess\u00e4mme. Opiskelin vy\u00f6hyketerapian perusteet sek\u00e4 koliikkihoidon \u2013 hoitomuodon, joka tarjoaa apua erityisesti vauvoille ja pienille lapsille.<\/p>\n\n\n\n<p>Jo reilut 20 vuotta sitten intohimoni eteerisiin \u00f6ljyihin syttyi ja osallistuin moniin koulutuksiin my\u00f6s niiden parissa. Kymmenen vuotta sitten Young Living -\u00f6ljyt tulivat el\u00e4m\u00e4\u00e4ni&nbsp; ja k\u00e4vin heid\u00e4n Raindrop-tekniikkaan liittyv\u00e4n koulutuksensa. Opin muun muassa VitaFlex-tekniikan ja Lakota-intiaanien sulkasivelymenetelm\u00e4n, jotka ovat edelleen keskeinen osa hoitokokonaisuuksiani aromaterapiahoidossa.<\/p>\n\n\n\n<p>Rakkaudellista ohjausta ja kokonaisvaltaista hyvinvointia<\/p>\n\n\n\n<p>T\u00e4ll\u00e4 hetkell\u00e4 autan asiakkaitani yhdist\u00e4m\u00e4ll\u00e4 eri osa-alueita: homeopatiaa, NLP:t\u00e4, taideterapiaa, vy\u00f6hyketerapiaa ja eteerisi\u00e4 \u00f6ljyj\u00e4. Jokainen hoitokerta on ainutlaatuinen kokonaisuus, joka t\u00e4ht\u00e4\u00e4 kehon ja mielen tasapainoon sek\u00e4 kokonaisvaltaiseen hyvinvointiin. Ty\u00f6skentelyni pohjana on lempe\u00e4, rakkaudellinen ohjaus ja asiakkaan tarpeiden syv\u00e4llinen ymm\u00e4rt\u00e4minen.<\/p>\n\n\n\n<figure class=\"wp-block-image size-large\"><img loading=\"lazy\" decoding=\"async\" width=\"696\" height=\"1024\" src=\"https:\/\/lunara.fi\/wp-content\/uploads\/2025\/05\/DSC_2054-696x1024.jpg\" alt=\"\" class=\"wp-image-314\" srcset=\"https:\/\/lunara.fi\/wp-content\/uploads\/2025\/05\/DSC_2054-696x1024.jpg 696w, https:\/\/lunara.fi\/wp-content\/uploads\/2025\/05\/DSC_2054-204x300.jpg 204w, https:\/\/lunara.fi\/wp-content\/uploads\/2025\/05\/DSC_2054-768x1130.jpg 768w, https:\/\/lunara.fi\/wp-content\/uploads\/2025\/05\/DSC_2054-1044x1536.jpg 1044w, https:\/\/lunara.fi\/wp-content\/uploads\/2025\/05\/DSC_2054-1392x2048.jpg 1392w, https:\/\/lunara.fi\/wp-content\/uploads\/2025\/05\/DSC_2054.jpg 1734w\" sizes=\"auto, (max-width: 696px) 100vw, 696px\" \/><\/figure>\n\n\n\n<p>El\u00e4m\u00e4n viisaus ja my\u00f6t\u00e4tunto ty\u00f6ni perustana<\/p>\n\n\n\n<p>El\u00e4m\u00e4ni on ollut rikas ja monivivahteinen matka, joka on sis\u00e4lt\u00e4nyt paljon iloa ja onnea, mutta my\u00f6s syvi\u00e4 haasteita. Nuo haasteet el\u00e4m\u00e4n eri osa-alueilla ovat opettaneet minulle enemm\u00e4n kuin yksik\u00e4\u00e4n kirja tai kurssi voisi koskaan tarjota. Ne ovat antaneet minulle arvokasta kokemusasiantuntijuutta, ymm\u00e4rryst\u00e4 ja syd\u00e4men viisautta, joita hy\u00f6dynn\u00e4n jokaisessa asiakaskohtaamisessani.<\/p>\n\n\n\n<p>Ajattelen, ett\u00e4&nbsp; el\u00e4m\u00e4n tuoma syv\u00e4llinen ymm\u00e4rrys on lis\u00e4arvo palveluilleni, sill\u00e4 se mahdollistaa aidon yhteyden asiakkaisiini ja heid\u00e4n tarpeisiinsa. Jokainen voitettu koettelemus on vahvistanut intohimoani auttaa muita, jotka kamppailevat omien haasteidensa parissa. El\u00e4m\u00e4n antama viisaus sek\u00e4 kyky tuntea aitoa my\u00f6t\u00e4tuntoa ovat ty\u00f6t\u00e4ni ohjaavia peruskivi\u00e4. Ne mahdollistavat sen, ett\u00e4 voin olla aidosti l\u00e4sn\u00e4, kuulla ja tukea sinua matkallasi kohti tasapainoa, hyvinvointia ja sis\u00e4ist\u00e4 rauhaa.<\/p>\n\n\n\n<p>Ratkaisukeskeisten valmennuksieni sek\u00e4 tarjoamieni hoitojen avulla voit saavuttaa rauhallisen, tyynen mielen, hyvinvoivan kehon sek\u00e4 iloa el\u00e4m\u00e4\u00e4si \u2013 usein jo ensimm\u00e4isell\u00e4 kerralla. Tervetuloa tutustumaan tarkemmin, miten voin auttaa juuri sinua!<\/p>\n\n\n\n<div class=\"wp-block-group alignfull has-base-color has-contrast-background-color has-text-color has-background has-global-padding is-layout-constrained wp-container-core-group-is-layout-ef3d885c wp-block-group-is-layout-constrained\" style=\"margin-top:0;margin-bottom:0;padding-top:var(--wp--preset--spacing--60);padding-right:var(--wp--preset--spacing--60);padding-bottom:var(--wp--preset--spacing--60);padding-left:var(--wp--preset--spacing--60)\">\n<div class=\"wp-block-group has-global-padding is-layout-constrained wp-block-group-is-layout-constrained\">\n<p class=\"has-text-align-center has-base-color has-text-color has-heading-font-family has-x-large-font-size\" style=\"line-height:1.2\">&#8221;Jokaisen el\u00e4m\u00e4ss\u00e4 kulkee kuin punainen lanka, joka kietoutuu huomaamatta yhteen kokemusten, oppien ja kohtaamisten kanssa. J\u00e4lkik\u00e4teen katsottuna kaikki n\u00e4ytt\u00e4\u00e4 tarkkaan ajoitetulta, kuin suuremman tarkoituksen ohjaamana. El\u00e4m\u00e4 johdattaa meit\u00e4 k\u00e4rsiv\u00e4llisesti askel askeleelta kohti niit\u00e4 hetki\u00e4 ja tapahtumia, jotka muovaavat meist\u00e4 kokonaisen ja rakentavat jotain uutta ja merkityksellist\u00e4.&#8221;<\/p>\n<\/div>\n<\/div>\n","protected":false},"excerpt":{"rendered":"<p>Satu \u2013 Homeopatian, NLP:n ja kokonaisvaltaisen hyvinvoinnin asiantuntija Lapsuuteni juuret ovat syv\u00e4ll\u00e4 vaihtoehtoisten hoitomuotojen maailmassa. Kasvoin vy\u00f6hyketerapian sek\u00e4 eteeristen \u00f6ljyjen ymp\u00e4r\u00f6im\u00e4n\u00e4, nuo hoidot olivat olennainen osa arkeamme. Ensimm\u00e4inen kosketukseni homeopatiaan oli 14-vuotiaana, kun olin jumissa angiina- ja antibioottikierteess\u00e4. \u00c4itini yst\u00e4v\u00e4, homeopaatti, auttoi minua katkaisemaan tuon kierteen, ja kiinnostukseni homeopatiaan her\u00e4si heti. 20-vuotiaana sukelsin syv\u00e4lle homeopatian [&hellip;]<\/p>\n","protected":false},"author":1,"featured_media":0,"parent":0,"menu_order":0,"comment_status":"closed","ping_status":"closed","template":"","meta":{"footnotes":""},"class_list":["post-208","page","type-page","status-publish","hentry"],"yoast_head":"<!-- This site is optimized with the Yoast SEO plugin v27.4 - https:\/\/yoast.com\/product\/yoast-seo-wordpress\/ -->\n<title>Tietoja minusta - Lunara<\/title>\n<meta name=\"robots\" content=\"index, follow, max-snippet:-1, max-image-preview:large, max-video-preview:-1\" \/>\n<link rel=\"canonical\" href=\"https:\/\/lunara.fi\/?page_id=208\" \/>\n<meta property=\"og:locale\" content=\"fi_FI\" \/>\n<meta property=\"og:type\" content=\"article\" \/>\n<meta property=\"og:title\" content=\"Tietoja minusta - Lunara\" \/>\n<meta property=\"og:description\" content=\"Satu \u2013 Homeopatian, NLP:n ja kokonaisvaltaisen hyvinvoinnin asiantuntija Lapsuuteni juuret ovat syv\u00e4ll\u00e4 vaihtoehtoisten hoitomuotojen maailmassa. Kasvoin vy\u00f6hyketerapian sek\u00e4 eteeristen \u00f6ljyjen ymp\u00e4r\u00f6im\u00e4n\u00e4, nuo hoidot olivat olennainen osa arkeamme. Ensimm\u00e4inen kosketukseni homeopatiaan oli 14-vuotiaana, kun olin jumissa angiina- ja antibioottikierteess\u00e4. \u00c4itini yst\u00e4v\u00e4, homeopaatti, auttoi minua katkaisemaan tuon kierteen, ja kiinnostukseni homeopatiaan her\u00e4si heti. 20-vuotiaana sukelsin syv\u00e4lle homeopatian [&hellip;]\" \/>\n<meta property=\"og:url\" content=\"https:\/\/lunara.fi\/?page_id=208\" \/>\n<meta property=\"og:site_name\" content=\"Lunara\" \/>\n<meta property=\"article:modified_time\" content=\"2025-05-22T13:12:24+00:00\" \/>\n<meta property=\"og:image\" content=\"https:\/\/lunara.fi\/wp-content\/uploads\/2025\/05\/DSC_1730.jpg\" \/>\n\t<meta property=\"og:image:width\" content=\"1664\" \/>\n\t<meta property=\"og:image:height\" content=\"2551\" \/>\n\t<meta property=\"og:image:type\" content=\"image\/jpeg\" \/>\n<meta name=\"twitter:card\" content=\"summary_large_image\" \/>\n<meta name=\"twitter:label1\" content=\"Arvioitu lukuaika\" \/>\n\t<meta name=\"twitter:data1\" content=\"4 minuuttia\" \/>\n<script type=\"application\/ld+json\" class=\"yoast-schema-graph\">{\"@context\":\"https:\\\/\\\/schema.org\",\"@graph\":[{\"@type\":\"WebPage\",\"@id\":\"https:\\\/\\\/lunara.fi\\\/?page_id=208\",\"url\":\"https:\\\/\\\/lunara.fi\\\/?page_id=208\",\"name\":\"Tietoja minusta - Lunara\",\"isPartOf\":{\"@id\":\"https:\\\/\\\/lunara.fi\\\/#website\"},\"primaryImageOfPage\":{\"@id\":\"https:\\\/\\\/lunara.fi\\\/?page_id=208#primaryimage\"},\"image\":{\"@id\":\"https:\\\/\\\/lunara.fi\\\/?page_id=208#primaryimage\"},\"thumbnailUrl\":\"https:\\\/\\\/lunara.fi\\\/wp-content\\\/uploads\\\/2025\\\/05\\\/DSC_1730-668x1024.jpg\",\"datePublished\":\"2024-12-10T14:55:11+00:00\",\"dateModified\":\"2025-05-22T13:12:24+00:00\",\"breadcrumb\":{\"@id\":\"https:\\\/\\\/lunara.fi\\\/?page_id=208#breadcrumb\"},\"inLanguage\":\"fi\",\"potentialAction\":[{\"@type\":\"ReadAction\",\"target\":[\"https:\\\/\\\/lunara.fi\\\/?page_id=208\"]}]},{\"@type\":\"ImageObject\",\"inLanguage\":\"fi\",\"@id\":\"https:\\\/\\\/lunara.fi\\\/?page_id=208#primaryimage\",\"url\":\"https:\\\/\\\/lunara.fi\\\/wp-content\\\/uploads\\\/2025\\\/05\\\/DSC_1730.jpg\",\"contentUrl\":\"https:\\\/\\\/lunara.fi\\\/wp-content\\\/uploads\\\/2025\\\/05\\\/DSC_1730.jpg\",\"width\":1664,\"height\":2551},{\"@type\":\"BreadcrumbList\",\"@id\":\"https:\\\/\\\/lunara.fi\\\/?page_id=208#breadcrumb\",\"itemListElement\":[{\"@type\":\"ListItem\",\"position\":1,\"name\":\"Etusivu\",\"item\":\"https:\\\/\\\/lunara.fi\\\/\"},{\"@type\":\"ListItem\",\"position\":2,\"name\":\"Tietoja minusta\"}]},{\"@type\":\"WebSite\",\"@id\":\"https:\\\/\\\/lunara.fi\\\/#website\",\"url\":\"https:\\\/\\\/lunara.fi\\\/\",\"name\":\"Lunara\",\"description\":\"Tie rauhaan ja tasapainoon\",\"publisher\":{\"@id\":\"https:\\\/\\\/lunara.fi\\\/#organization\"},\"potentialAction\":[{\"@type\":\"SearchAction\",\"target\":{\"@type\":\"EntryPoint\",\"urlTemplate\":\"https:\\\/\\\/lunara.fi\\\/?s={search_term_string}\"},\"query-input\":{\"@type\":\"PropertyValueSpecification\",\"valueRequired\":true,\"valueName\":\"search_term_string\"}}],\"inLanguage\":\"fi\"},{\"@type\":\"Organization\",\"@id\":\"https:\\\/\\\/lunara.fi\\\/#organization\",\"name\":\"Lunara\",\"url\":\"https:\\\/\\\/lunara.fi\\\/\",\"logo\":{\"@type\":\"ImageObject\",\"inLanguage\":\"fi\",\"@id\":\"https:\\\/\\\/lunara.fi\\\/#\\\/schema\\\/logo\\\/image\\\/\",\"url\":\"https:\\\/\\\/lunara.fi\\\/wp-content\\\/uploads\\\/2024\\\/12\\\/logo.jpg\",\"contentUrl\":\"https:\\\/\\\/lunara.fi\\\/wp-content\\\/uploads\\\/2024\\\/12\\\/logo.jpg\",\"width\":513,\"height\":481,\"caption\":\"Lunara\"},\"image\":{\"@id\":\"https:\\\/\\\/lunara.fi\\\/#\\\/schema\\\/logo\\\/image\\\/\"}}]}<\/script>\n<!-- \/ Yoast SEO plugin. -->","yoast_head_json":{"title":"Tietoja minusta - Lunara","robots":{"index":"index","follow":"follow","max-snippet":"max-snippet:-1","max-image-preview":"max-image-preview:large","max-video-preview":"max-video-preview:-1"},"canonical":"https:\/\/lunara.fi\/?page_id=208","og_locale":"fi_FI","og_type":"article","og_title":"Tietoja minusta - Lunara","og_description":"Satu \u2013 Homeopatian, NLP:n ja kokonaisvaltaisen hyvinvoinnin asiantuntija Lapsuuteni juuret ovat syv\u00e4ll\u00e4 vaihtoehtoisten hoitomuotojen maailmassa. Kasvoin vy\u00f6hyketerapian sek\u00e4 eteeristen \u00f6ljyjen ymp\u00e4r\u00f6im\u00e4n\u00e4, nuo hoidot olivat olennainen osa arkeamme. Ensimm\u00e4inen kosketukseni homeopatiaan oli 14-vuotiaana, kun olin jumissa angiina- ja antibioottikierteess\u00e4. \u00c4itini yst\u00e4v\u00e4, homeopaatti, auttoi minua katkaisemaan tuon kierteen, ja kiinnostukseni homeopatiaan her\u00e4si heti. 20-vuotiaana sukelsin syv\u00e4lle homeopatian [&hellip;]","og_url":"https:\/\/lunara.fi\/?page_id=208","og_site_name":"Lunara","article_modified_time":"2025-05-22T13:12:24+00:00","og_image":[{"width":1664,"height":2551,"url":"https:\/\/lunara.fi\/wp-content\/uploads\/2025\/05\/DSC_1730.jpg","type":"image\/jpeg"}],"twitter_card":"summary_large_image","twitter_misc":{"Arvioitu lukuaika":"4 minuuttia"},"schema":{"@context":"https:\/\/schema.org","@graph":[{"@type":"WebPage","@id":"https:\/\/lunara.fi\/?page_id=208","url":"https:\/\/lunara.fi\/?page_id=208","name":"Tietoja minusta - Lunara","isPartOf":{"@id":"https:\/\/lunara.fi\/#website"},"primaryImageOfPage":{"@id":"https:\/\/lunara.fi\/?page_id=208#primaryimage"},"image":{"@id":"https:\/\/lunara.fi\/?page_id=208#primaryimage"},"thumbnailUrl":"https:\/\/lunara.fi\/wp-content\/uploads\/2025\/05\/DSC_1730-668x1024.jpg","datePublished":"2024-12-10T14:55:11+00:00","dateModified":"2025-05-22T13:12:24+00:00","breadcrumb":{"@id":"https:\/\/lunara.fi\/?page_id=208#breadcrumb"},"inLanguage":"fi","potentialAction":[{"@type":"ReadAction","target":["https:\/\/lunara.fi\/?page_id=208"]}]},{"@type":"ImageObject","inLanguage":"fi","@id":"https:\/\/lunara.fi\/?page_id=208#primaryimage","url":"https:\/\/lunara.fi\/wp-content\/uploads\/2025\/05\/DSC_1730.jpg","contentUrl":"https:\/\/lunara.fi\/wp-content\/uploads\/2025\/05\/DSC_1730.jpg","width":1664,"height":2551},{"@type":"BreadcrumbList","@id":"https:\/\/lunara.fi\/?page_id=208#breadcrumb","itemListElement":[{"@type":"ListItem","position":1,"name":"Etusivu","item":"https:\/\/lunara.fi\/"},{"@type":"ListItem","position":2,"name":"Tietoja minusta"}]},{"@type":"WebSite","@id":"https:\/\/lunara.fi\/#website","url":"https:\/\/lunara.fi\/","name":"Lunara","description":"Tie rauhaan ja tasapainoon","publisher":{"@id":"https:\/\/lunara.fi\/#organization"},"potentialAction":[{"@type":"SearchAction","target":{"@type":"EntryPoint","urlTemplate":"https:\/\/lunara.fi\/?s={search_term_string}"},"query-input":{"@type":"PropertyValueSpecification","valueRequired":true,"valueName":"search_term_string"}}],"inLanguage":"fi"},{"@type":"Organization","@id":"https:\/\/lunara.fi\/#organization","name":"Lunara","url":"https:\/\/lunara.fi\/","logo":{"@type":"ImageObject","inLanguage":"fi","@id":"https:\/\/lunara.fi\/#\/schema\/logo\/image\/","url":"https:\/\/lunara.fi\/wp-content\/uploads\/2024\/12\/logo.jpg","contentUrl":"https:\/\/lunara.fi\/wp-content\/uploads\/2024\/12\/logo.jpg","width":513,"height":481,"caption":"Lunara"},"image":{"@id":"https:\/\/lunara.fi\/#\/schema\/logo\/image\/"}}]}},"_links":{"self":[{"href":"https:\/\/lunara.fi\/index.php?rest_route=\/wp\/v2\/pages\/208","targetHints":{"allow":["GET"]}}],"collection":[{"href":"https:\/\/lunara.fi\/index.php?rest_route=\/wp\/v2\/pages"}],"about":[{"href":"https:\/\/lunara.fi\/index.php?rest_route=\/wp\/v2\/types\/page"}],"author":[{"embeddable":true,"href":"https:\/\/lunara.fi\/index.php?rest_route=\/wp\/v2\/users\/1"}],"replies":[{"embeddable":true,"href":"https:\/\/lunara.fi\/index.php?rest_route=%2Fwp%2Fv2%2Fcomments&post=208"}],"version-history":[{"count":4,"href":"https:\/\/lunara.fi\/index.php?rest_route=\/wp\/v2\/pages\/208\/revisions"}],"predecessor-version":[{"id":316,"href":"https:\/\/lunara.fi\/index.php?rest_route=\/wp\/v2\/pages\/208\/revisions\/316"}],"wp:attachment":[{"href":"https:\/\/lunara.fi\/index.php?rest_route=%2Fwp%2Fv2%2Fmedia&parent=208"}],"curies":[{"name":"wp","href":"https:\/\/api.w.org\/{rel}","templated":true}]}}