{"id":253,"date":"2025-02-01T10:50:12","date_gmt":"2025-02-01T13:50:12","guid":{"rendered":"https:\/\/lunara.fi\/?page_id=253"},"modified":"2026-03-26T13:53:13","modified_gmt":"2026-03-26T16:53:13","slug":"rentoutusilta","status":"publish","type":"page","link":"https:\/\/lunara.fi\/?page_id=253","title":{"rendered":"Rentousryhm\u00e4t"},"content":{"rendered":"\n<div class=\"wp-block-columns is-layout-flex wp-container-core-columns-is-layout-28f84493 wp-block-columns-is-layout-flex\">\n<div class=\"wp-block-column is-layout-flow wp-block-column-is-layout-flow\" style=\"flex-basis:33.33%\">\n<figure class=\"wp-block-image size-large\"><img loading=\"lazy\" decoding=\"async\" width=\"1024\" height=\"1024\" src=\"https:\/\/lunara.fi\/wp-content\/uploads\/2025\/02\/1000091899-2-1-1024x1024.jpg\" alt=\"\" class=\"wp-image-258\" srcset=\"https:\/\/lunara.fi\/wp-content\/uploads\/2025\/02\/1000091899-2-1-1024x1024.jpg 1024w, https:\/\/lunara.fi\/wp-content\/uploads\/2025\/02\/1000091899-2-1-300x300.jpg 300w, https:\/\/lunara.fi\/wp-content\/uploads\/2025\/02\/1000091899-2-1-150x150.jpg 150w, https:\/\/lunara.fi\/wp-content\/uploads\/2025\/02\/1000091899-2-1-768x768.jpg 768w, https:\/\/lunara.fi\/wp-content\/uploads\/2025\/02\/1000091899-2-1-1536x1536.jpg 1536w, https:\/\/lunara.fi\/wp-content\/uploads\/2025\/02\/1000091899-2-1-2048x2048.jpg 2048w\" sizes=\"auto, (max-width: 1024px) 100vw, 1024px\" \/><\/figure>\n<\/div>\n\n\n\n<div class=\"wp-block-column is-layout-flow wp-block-column-is-layout-flow\" style=\"flex-basis:66.66%\">\n<p><strong>Kuuletko kehosi kutsun rauhaan ja tasapainoon?<\/strong><\/p>\n\n\n\n<p>Anna itsellesi lupa hellitt\u00e4\u00e4, hengitt\u00e4\u00e4 ja hemmotella  ja tule kokemaan ainutlaatuinen iltap\u00e4iv\u00e4, joka hoitaa niin kehoa, mielt\u00e4 kuin sielua.<\/p>\n\n\n\n<p>Klaukkalassa lauantaisin klo 16-17, Leps\u00e4m\u00e4ntie 1, 01800 Klaukkala . Hinta: 25 \u20ac. <\/p>\n\n\n\n<p>Kuun ensimm\u00e4inen ja viimeinen perjantai Maunulassa klo 18.30-19.30, Mets\u00e4purontie 25<\/p>\n\n\n\n<p>Tapanilan kyl\u00e4tilalla kerran kuukaudessa perjantaisin 17.4 ja 22.5  klo 17.00 ja 18.30<\/p>\n\n\n\n<p>Kumpulan kyl\u00e4talolla 12.4  klo.18:30<\/p>\n\n\n\n<p>Kaikki kuukauden \u00e4\u00e4nimaljat ja luovat ty\u00f6pajat l\u00f6yd\u00e4t <a href=\"https:\/\/lunara.fi\/?page_id=329\">T\u00c4\u00c4LT\u00c4<\/a><\/p>\n\n\n\n<p><\/p>\n<\/div>\n<\/div>\n\n\n\n<div class=\"wp-block-columns is-layout-flex wp-container-core-columns-is-layout-28f84493 wp-block-columns-is-layout-flex\">\n<div class=\"wp-block-column is-layout-flow wp-block-column-is-layout-flow\" style=\"flex-basis:66.66%\">\n<p><strong>Hengitysty\u00f6skentelyn ja \u00e4\u00e4nihoidon t\u00e4ydellinen yhdistelm\u00e4&nbsp;<\/strong><\/p>\n\n\n\n<p>T\u00e4m\u00e4 tunti on omistettu sinulle ja hyvinvoinnillesi. Hengitysty\u00f6skentely auttaa sinua vapautumaan mielen levottomuudesta ja avautumaan syvemmille oivalluksille. \u00c4\u00e4nihoito puolestaan resonoi kehossasi, luoden rauhan ja selkeyden tilan \u2013 t\u00e4ydellisen alustan p\u00e4\u00e4st\u00e4\u00e4 irti vanhasta ja ottaa vastaan uutta.<\/p>\n\n\n\n<p><\/p>\n<\/div>\n\n\n\n<div class=\"wp-block-column is-layout-flow wp-block-column-is-layout-flow\" style=\"flex-basis:33.33%\">\n<figure class=\"wp-block-image size-large\"><img loading=\"lazy\" decoding=\"async\" width=\"1024\" height=\"1024\" src=\"https:\/\/lunara.fi\/wp-content\/uploads\/2025\/02\/1000093422-1024x1024.jpg\" alt=\"\" class=\"wp-image-260\" srcset=\"https:\/\/lunara.fi\/wp-content\/uploads\/2025\/02\/1000093422-1024x1024.jpg 1024w, https:\/\/lunara.fi\/wp-content\/uploads\/2025\/02\/1000093422-300x300.jpg 300w, https:\/\/lunara.fi\/wp-content\/uploads\/2025\/02\/1000093422-150x150.jpg 150w, https:\/\/lunara.fi\/wp-content\/uploads\/2025\/02\/1000093422-768x768.jpg 768w, https:\/\/lunara.fi\/wp-content\/uploads\/2025\/02\/1000093422-1536x1536.jpg 1536w, https:\/\/lunara.fi\/wp-content\/uploads\/2025\/02\/1000093422-2048x2048.jpg 2048w\" sizes=\"auto, (max-width: 1024px) 100vw, 1024px\" \/><\/figure>\n<\/div>\n<\/div>\n\n\n\n<div class=\"wp-block-columns is-layout-flex wp-container-core-columns-is-layout-28f84493 wp-block-columns-is-layout-flex\">\n<div class=\"wp-block-column is-layout-flow wp-block-column-is-layout-flow\" style=\"flex-basis:33.33%\">\n<figure class=\"wp-block-image size-full\"><img loading=\"lazy\" decoding=\"async\" width=\"862\" height=\"920\" src=\"https:\/\/lunara.fi\/wp-content\/uploads\/2025\/02\/1000092631.jpg\" alt=\"\" class=\"wp-image-261\" srcset=\"https:\/\/lunara.fi\/wp-content\/uploads\/2025\/02\/1000092631.jpg 862w, https:\/\/lunara.fi\/wp-content\/uploads\/2025\/02\/1000092631-281x300.jpg 281w, https:\/\/lunara.fi\/wp-content\/uploads\/2025\/02\/1000092631-768x820.jpg 768w\" sizes=\"auto, (max-width: 862px) 100vw, 862px\" \/><\/figure>\n<\/div>\n\n\n\n<div class=\"wp-block-column is-layout-flow wp-block-column-is-layout-flow\" style=\"flex-basis:66.66%\">\n<p><strong>Kaipaatko rentoutta, parempaa y\u00f6unta tai mielen tyyneytt\u00e4?<\/strong><\/p>\n\n\n\n<p>Tiibetil\u00e4iset \u00e4\u00e4nimaljat hoitavat sinua hell\u00e4sti. \u00c4\u00e4niaaltojen ja v\u00e4r\u00e4htelyn kautta kehosi l\u00f6yt\u00e4\u00e4 harmoniaa, mielesi tyyntyy ja energiatasosi tasapainottuvat.<\/p>\n<\/div>\n<\/div>\n\n\n\n<div class=\"wp-block-columns is-layout-flex wp-container-core-columns-is-layout-28f84493 wp-block-columns-is-layout-flex\">\n<div class=\"wp-block-column is-layout-flow wp-block-column-is-layout-flow\" style=\"flex-basis:66.66%\">\n<p>T\u00e4m\u00e4 hetki on juuri sinulle, jos:<\/p>\n\n\n\n<ul class=\"wp-block-list\">\n<li>Haluat lievitt\u00e4\u00e4 stressi\u00e4<\/li>\n\n\n\n<li>Etsit syv\u00e4rentoutusta<\/li>\n\n\n\n<li>Kamppailet unettomuuden tai ahdistuksen kanssa<\/li>\n\n\n\n<li>Kaipaat yhteytt\u00e4 sis\u00e4iseen rauhaasi<\/li>\n<\/ul>\n\n\n\n<p>Tervetuloa viritt\u00e4m\u00e4\u00e4n itsesi uuteen harmoniaan. Anna itsellesi t\u00e4m\u00e4 hetki \u2013 olet sen ansainnut.<\/p>\n<\/div>\n\n\n\n<div class=\"wp-block-column is-layout-flow wp-block-column-is-layout-flow\" style=\"flex-basis:33.33%\">\n<figure class=\"wp-block-image size-large\"><img loading=\"lazy\" decoding=\"async\" width=\"1024\" height=\"1024\" src=\"https:\/\/lunara.fi\/wp-content\/uploads\/2025\/02\/1000092556-1024x1024.jpg\" alt=\"\" class=\"wp-image-262\" srcset=\"https:\/\/lunara.fi\/wp-content\/uploads\/2025\/02\/1000092556-1024x1024.jpg 1024w, https:\/\/lunara.fi\/wp-content\/uploads\/2025\/02\/1000092556-300x300.jpg 300w, https:\/\/lunara.fi\/wp-content\/uploads\/2025\/02\/1000092556-150x150.jpg 150w, https:\/\/lunara.fi\/wp-content\/uploads\/2025\/02\/1000092556-768x768.jpg 768w, https:\/\/lunara.fi\/wp-content\/uploads\/2025\/02\/1000092556-1536x1536.jpg 1536w, https:\/\/lunara.fi\/wp-content\/uploads\/2025\/02\/1000092556-2048x2048.jpg 2048w\" sizes=\"auto, (max-width: 1024px) 100vw, 1024px\" \/><\/figure>\n<\/div>\n<\/div>\n\n\n\n<p><\/p>\n\n\n\n<p><strong>Ilmoittautuminen:<\/strong><\/p>\n\n\n\n<p>Satu Lappalainen \/ 050 326 9091\/ satu@lunara.fi<\/p>\n\n\n\n<p><\/p>\n\n\n\n<p>Varaa paikkasi pian ja tule kokemaan, mit\u00e4 rauha, tasapaino ja hell\u00e4 hoiva voivat sinulle antaa.&nbsp;<\/p>\n\n\n\n<p><\/p>\n","protected":false},"excerpt":{"rendered":"<p>Kuuletko kehosi kutsun rauhaan ja tasapainoon? Anna itsellesi lupa hellitt\u00e4\u00e4, hengitt\u00e4\u00e4 ja hemmotella ja tule kokemaan ainutlaatuinen iltap\u00e4iv\u00e4, joka hoitaa niin kehoa, mielt\u00e4 kuin sielua. Klaukkalassa lauantaisin klo 16-17, Leps\u00e4m\u00e4ntie 1, 01800 Klaukkala . Hinta: 25 \u20ac. Kuun ensimm\u00e4inen ja viimeinen perjantai Maunulassa klo 18.30-19.30, Mets\u00e4purontie 25 Tapanilan kyl\u00e4tilalla kerran kuukaudessa perjantaisin 17.4 ja 22.5 [&hellip;]<\/p>\n","protected":false},"author":1,"featured_media":254,"parent":0,"menu_order":0,"comment_status":"closed","ping_status":"closed","template":"","meta":{"footnotes":""},"class_list":["post-253","page","type-page","status-publish","has-post-thumbnail","hentry"],"yoast_head":"<!-- This site is optimized with the Yoast SEO plugin v27.4 - https:\/\/yoast.com\/product\/yoast-seo-wordpress\/ -->\n<title>Rentousryhm\u00e4t - Lunara<\/title>\n<meta name=\"robots\" content=\"index, follow, max-snippet:-1, max-image-preview:large, max-video-preview:-1\" \/>\n<link rel=\"canonical\" href=\"https:\/\/lunara.fi\/?page_id=253\" \/>\n<meta property=\"og:locale\" content=\"fi_FI\" \/>\n<meta property=\"og:type\" content=\"article\" \/>\n<meta property=\"og:title\" content=\"Rentousryhm\u00e4t - Lunara\" \/>\n<meta property=\"og:description\" content=\"Kuuletko kehosi kutsun rauhaan ja tasapainoon? Anna itsellesi lupa hellitt\u00e4\u00e4, hengitt\u00e4\u00e4 ja hemmotella ja tule kokemaan ainutlaatuinen iltap\u00e4iv\u00e4, joka hoitaa niin kehoa, mielt\u00e4 kuin sielua. Klaukkalassa lauantaisin klo 16-17, Leps\u00e4m\u00e4ntie 1, 01800 Klaukkala . Hinta: 25 \u20ac. Kuun ensimm\u00e4inen ja viimeinen perjantai Maunulassa klo 18.30-19.30, Mets\u00e4purontie 25 Tapanilan kyl\u00e4tilalla kerran kuukaudessa perjantaisin 17.4 ja 22.5 [&hellip;]\" \/>\n<meta property=\"og:url\" content=\"https:\/\/lunara.fi\/?page_id=253\" \/>\n<meta property=\"og:site_name\" content=\"Lunara\" \/>\n<meta property=\"article:modified_time\" content=\"2026-03-26T16:53:13+00:00\" \/>\n<meta property=\"og:image\" content=\"https:\/\/lunara.fi\/wp-content\/uploads\/2025\/02\/1000091899-2-scaled.jpg\" \/>\n\t<meta property=\"og:image:width\" content=\"2560\" \/>\n\t<meta property=\"og:image:height\" content=\"2560\" \/>\n\t<meta property=\"og:image:type\" content=\"image\/jpeg\" \/>\n<meta name=\"twitter:card\" content=\"summary_large_image\" \/>\n<meta name=\"twitter:label1\" content=\"Arvioitu lukuaika\" \/>\n\t<meta name=\"twitter:data1\" content=\"3 minuuttia\" \/>\n<script type=\"application\/ld+json\" class=\"yoast-schema-graph\">{\"@context\":\"https:\\\/\\\/schema.org\",\"@graph\":[{\"@type\":\"WebPage\",\"@id\":\"https:\\\/\\\/lunara.fi\\\/?page_id=253\",\"url\":\"https:\\\/\\\/lunara.fi\\\/?page_id=253\",\"name\":\"Rentousryhm\u00e4t - Lunara\",\"isPartOf\":{\"@id\":\"https:\\\/\\\/lunara.fi\\\/#website\"},\"primaryImageOfPage\":{\"@id\":\"https:\\\/\\\/lunara.fi\\\/?page_id=253#primaryimage\"},\"image\":{\"@id\":\"https:\\\/\\\/lunara.fi\\\/?page_id=253#primaryimage\"},\"thumbnailUrl\":\"https:\\\/\\\/lunara.fi\\\/wp-content\\\/uploads\\\/2025\\\/02\\\/1000091899-2-scaled.jpg\",\"datePublished\":\"2025-02-01T13:50:12+00:00\",\"dateModified\":\"2026-03-26T16:53:13+00:00\",\"breadcrumb\":{\"@id\":\"https:\\\/\\\/lunara.fi\\\/?page_id=253#breadcrumb\"},\"inLanguage\":\"fi\",\"potentialAction\":[{\"@type\":\"ReadAction\",\"target\":[\"https:\\\/\\\/lunara.fi\\\/?page_id=253\"]}]},{\"@type\":\"ImageObject\",\"inLanguage\":\"fi\",\"@id\":\"https:\\\/\\\/lunara.fi\\\/?page_id=253#primaryimage\",\"url\":\"https:\\\/\\\/lunara.fi\\\/wp-content\\\/uploads\\\/2025\\\/02\\\/1000091899-2-scaled.jpg\",\"contentUrl\":\"https:\\\/\\\/lunara.fi\\\/wp-content\\\/uploads\\\/2025\\\/02\\\/1000091899-2-scaled.jpg\",\"width\":2560,\"height\":2560},{\"@type\":\"BreadcrumbList\",\"@id\":\"https:\\\/\\\/lunara.fi\\\/?page_id=253#breadcrumb\",\"itemListElement\":[{\"@type\":\"ListItem\",\"position\":1,\"name\":\"Etusivu\",\"item\":\"https:\\\/\\\/lunara.fi\\\/\"},{\"@type\":\"ListItem\",\"position\":2,\"name\":\"Rentousryhm\u00e4t\"}]},{\"@type\":\"WebSite\",\"@id\":\"https:\\\/\\\/lunara.fi\\\/#website\",\"url\":\"https:\\\/\\\/lunara.fi\\\/\",\"name\":\"Lunara\",\"description\":\"Tie rauhaan ja tasapainoon\",\"publisher\":{\"@id\":\"https:\\\/\\\/lunara.fi\\\/#organization\"},\"potentialAction\":[{\"@type\":\"SearchAction\",\"target\":{\"@type\":\"EntryPoint\",\"urlTemplate\":\"https:\\\/\\\/lunara.fi\\\/?s={search_term_string}\"},\"query-input\":{\"@type\":\"PropertyValueSpecification\",\"valueRequired\":true,\"valueName\":\"search_term_string\"}}],\"inLanguage\":\"fi\"},{\"@type\":\"Organization\",\"@id\":\"https:\\\/\\\/lunara.fi\\\/#organization\",\"name\":\"Lunara\",\"url\":\"https:\\\/\\\/lunara.fi\\\/\",\"logo\":{\"@type\":\"ImageObject\",\"inLanguage\":\"fi\",\"@id\":\"https:\\\/\\\/lunara.fi\\\/#\\\/schema\\\/logo\\\/image\\\/\",\"url\":\"https:\\\/\\\/lunara.fi\\\/wp-content\\\/uploads\\\/2024\\\/12\\\/logo.jpg\",\"contentUrl\":\"https:\\\/\\\/lunara.fi\\\/wp-content\\\/uploads\\\/2024\\\/12\\\/logo.jpg\",\"width\":513,\"height\":481,\"caption\":\"Lunara\"},\"image\":{\"@id\":\"https:\\\/\\\/lunara.fi\\\/#\\\/schema\\\/logo\\\/image\\\/\"}}]}<\/script>\n<!-- \/ Yoast SEO plugin. -->","yoast_head_json":{"title":"Rentousryhm\u00e4t - Lunara","robots":{"index":"index","follow":"follow","max-snippet":"max-snippet:-1","max-image-preview":"max-image-preview:large","max-video-preview":"max-video-preview:-1"},"canonical":"https:\/\/lunara.fi\/?page_id=253","og_locale":"fi_FI","og_type":"article","og_title":"Rentousryhm\u00e4t - Lunara","og_description":"Kuuletko kehosi kutsun rauhaan ja tasapainoon? Anna itsellesi lupa hellitt\u00e4\u00e4, hengitt\u00e4\u00e4 ja hemmotella ja tule kokemaan ainutlaatuinen iltap\u00e4iv\u00e4, joka hoitaa niin kehoa, mielt\u00e4 kuin sielua. Klaukkalassa lauantaisin klo 16-17, Leps\u00e4m\u00e4ntie 1, 01800 Klaukkala . Hinta: 25 \u20ac. Kuun ensimm\u00e4inen ja viimeinen perjantai Maunulassa klo 18.30-19.30, Mets\u00e4purontie 25 Tapanilan kyl\u00e4tilalla kerran kuukaudessa perjantaisin 17.4 ja 22.5 [&hellip;]","og_url":"https:\/\/lunara.fi\/?page_id=253","og_site_name":"Lunara","article_modified_time":"2026-03-26T16:53:13+00:00","og_image":[{"width":2560,"height":2560,"url":"https:\/\/lunara.fi\/wp-content\/uploads\/2025\/02\/1000091899-2-scaled.jpg","type":"image\/jpeg"}],"twitter_card":"summary_large_image","twitter_misc":{"Arvioitu lukuaika":"3 minuuttia"},"schema":{"@context":"https:\/\/schema.org","@graph":[{"@type":"WebPage","@id":"https:\/\/lunara.fi\/?page_id=253","url":"https:\/\/lunara.fi\/?page_id=253","name":"Rentousryhm\u00e4t - Lunara","isPartOf":{"@id":"https:\/\/lunara.fi\/#website"},"primaryImageOfPage":{"@id":"https:\/\/lunara.fi\/?page_id=253#primaryimage"},"image":{"@id":"https:\/\/lunara.fi\/?page_id=253#primaryimage"},"thumbnailUrl":"https:\/\/lunara.fi\/wp-content\/uploads\/2025\/02\/1000091899-2-scaled.jpg","datePublished":"2025-02-01T13:50:12+00:00","dateModified":"2026-03-26T16:53:13+00:00","breadcrumb":{"@id":"https:\/\/lunara.fi\/?page_id=253#breadcrumb"},"inLanguage":"fi","potentialAction":[{"@type":"ReadAction","target":["https:\/\/lunara.fi\/?page_id=253"]}]},{"@type":"ImageObject","inLanguage":"fi","@id":"https:\/\/lunara.fi\/?page_id=253#primaryimage","url":"https:\/\/lunara.fi\/wp-content\/uploads\/2025\/02\/1000091899-2-scaled.jpg","contentUrl":"https:\/\/lunara.fi\/wp-content\/uploads\/2025\/02\/1000091899-2-scaled.jpg","width":2560,"height":2560},{"@type":"BreadcrumbList","@id":"https:\/\/lunara.fi\/?page_id=253#breadcrumb","itemListElement":[{"@type":"ListItem","position":1,"name":"Etusivu","item":"https:\/\/lunara.fi\/"},{"@type":"ListItem","position":2,"name":"Rentousryhm\u00e4t"}]},{"@type":"WebSite","@id":"https:\/\/lunara.fi\/#website","url":"https:\/\/lunara.fi\/","name":"Lunara","description":"Tie rauhaan ja tasapainoon","publisher":{"@id":"https:\/\/lunara.fi\/#organization"},"potentialAction":[{"@type":"SearchAction","target":{"@type":"EntryPoint","urlTemplate":"https:\/\/lunara.fi\/?s={search_term_string}"},"query-input":{"@type":"PropertyValueSpecification","valueRequired":true,"valueName":"search_term_string"}}],"inLanguage":"fi"},{"@type":"Organization","@id":"https:\/\/lunara.fi\/#organization","name":"Lunara","url":"https:\/\/lunara.fi\/","logo":{"@type":"ImageObject","inLanguage":"fi","@id":"https:\/\/lunara.fi\/#\/schema\/logo\/image\/","url":"https:\/\/lunara.fi\/wp-content\/uploads\/2024\/12\/logo.jpg","contentUrl":"https:\/\/lunara.fi\/wp-content\/uploads\/2024\/12\/logo.jpg","width":513,"height":481,"caption":"Lunara"},"image":{"@id":"https:\/\/lunara.fi\/#\/schema\/logo\/image\/"}}]}},"_links":{"self":[{"href":"https:\/\/lunara.fi\/index.php?rest_route=\/wp\/v2\/pages\/253","targetHints":{"allow":["GET"]}}],"collection":[{"href":"https:\/\/lunara.fi\/index.php?rest_route=\/wp\/v2\/pages"}],"about":[{"href":"https:\/\/lunara.fi\/index.php?rest_route=\/wp\/v2\/types\/page"}],"author":[{"embeddable":true,"href":"https:\/\/lunara.fi\/index.php?rest_route=\/wp\/v2\/users\/1"}],"replies":[{"embeddable":true,"href":"https:\/\/lunara.fi\/index.php?rest_route=%2Fwp%2Fv2%2Fcomments&post=253"}],"version-history":[{"count":10,"href":"https:\/\/lunara.fi\/index.php?rest_route=\/wp\/v2\/pages\/253\/revisions"}],"predecessor-version":[{"id":394,"href":"https:\/\/lunara.fi\/index.php?rest_route=\/wp\/v2\/pages\/253\/revisions\/394"}],"wp:featuredmedia":[{"embeddable":true,"href":"https:\/\/lunara.fi\/index.php?rest_route=\/wp\/v2\/media\/254"}],"wp:attachment":[{"href":"https:\/\/lunara.fi\/index.php?rest_route=%2Fwp%2Fv2%2Fmedia&parent=253"}],"curies":[{"name":"wp","href":"https:\/\/api.w.org\/{rel}","templated":true}]}}