{"id":26,"date":"2024-12-05T14:26:24","date_gmt":"2024-12-05T17:26:24","guid":{"rendered":"https:\/\/lunara.fi\/?page_id=26"},"modified":"2024-12-10T10:44:01","modified_gmt":"2024-12-10T13:44:01","slug":"valmennukset","status":"publish","type":"page","link":"https:\/\/lunara.fi\/?page_id=26","title":{"rendered":"Valmennukset"},"content":{"rendered":"\n<figure class=\"wp-block-image size-large\"><img loading=\"lazy\" decoding=\"async\" width=\"1024\" height=\"309\" src=\"https:\/\/lunara.fi\/wp-content\/uploads\/2024\/12\/valmennuslogo-3-1024x309.jpg\" alt=\"\" class=\"wp-image-29\" srcset=\"https:\/\/lunara.fi\/wp-content\/uploads\/2024\/12\/valmennuslogo-3-1024x309.jpg 1024w, https:\/\/lunara.fi\/wp-content\/uploads\/2024\/12\/valmennuslogo-3-300x91.jpg 300w, https:\/\/lunara.fi\/wp-content\/uploads\/2024\/12\/valmennuslogo-3-768x232.jpg 768w, https:\/\/lunara.fi\/wp-content\/uploads\/2024\/12\/valmennuslogo-3.jpg 1027w\" sizes=\"auto, (max-width: 1024px) 100vw, 1024px\" \/><\/figure>\n\n\n\n<p><strong>LUNARA VALMENNUKSET &#8211; <\/strong>&nbsp;Valosi l\u00f6yt\u00e4misen matka.<\/p>\n\n\n\n<p>Lunara valmennukset on omistettu sinulle, joka haluat syvent\u00e4\u00e4 ymm\u00e4rryst\u00e4si itsest\u00e4si, kasvaa ja kukoistaa omassa voimassa.<\/p>\n\n\n\n<p>Palveluiden ytimess\u00e4 on sinun hyvinvointisi sek\u00e4 my\u00f6s henkinen kasvu \u2013 askel kerrallaan autan sinua l\u00f6yt\u00e4m\u00e4\u00e4n rauhan, tasapainon ja kirkkauden, joka on jo sis\u00e4ll\u00e4si.&nbsp;<\/p>\n\n\n\n<p>Valmennus luodaan aina yksil\u00f6llisesti juuri sinun tarpeidesi ja tavoitteiden pohjalta \u2013 yhdess\u00e4 suunnitellen. Voit my\u00f6s valita valmiin valmennus paketin, joka vastaa toiveitasi ja vie sinua kohti unelmiasi. Valinta on sinun.<\/p>\n\n\n\n<p>Valmennuksen ytimess\u00e4 ovat monipuoliset ja tehokkaat menetelm\u00e4t, jotka tukevat sinua kokonaisvaltaisesti:<\/p>\n\n\n\n<p><strong>NLP ja suggestiivinen syv\u00e4rentoutus<\/strong> auttavat purkamaan haitallisia ajatusmalleja ja l\u00f6yt\u00e4m\u00e4\u00e4n rauhan.<\/p>\n\n\n\n<p><strong>Ravintoainemittaus<\/strong> auttaa optimoimaan ruokavaliosi hyvinvointisi tueksi.<\/p>\n\n\n\n<p><strong>Taideterapia<\/strong> her\u00e4tt\u00e4\u00e4 luovuutesi ja auttaa tunteiden k\u00e4sittelyss\u00e4.<\/p>\n\n\n\n<p><strong>Homeopatia ja vy\u00f6hyketerapia <\/strong>tukevat kehon luonnollista tasapainoa ja terveytt\u00e4.<\/p>\n\n\n\n<p>&nbsp;Ota askel kohti tasapainoisempaa ja energisemp\u00e4\u00e4 el\u00e4m\u00e4\u00e4 \u2013 yksil\u00f6llisesti ja turvallisesti.<\/p>\n\n\n\n<p><\/p>\n\n\n\n<p><strong>LUNARA \u2013 Valmiit valmennus kokonaisuudet<\/strong><\/p>\n\n\n\n<p>Lunaran valmennukset ovat huolella suunniteltuja matkoja kohti syvemp\u00e4\u00e4 itsetuntemusta, tasapainoa ja hyvinvointia. Jokainen kokonaisuus tarjoaa ainutlaatuisen mahdollisuuden syventy\u00e4 itsesi \u00e4\u00e4relle ja l\u00f6yt\u00e4\u00e4 voimaa sek\u00e4 iloa el\u00e4m\u00e4\u00e4si. Valitse oma polkusi:<\/p>\n\n\n\n<p><strong>Unilintu<\/strong> &#8211; Rauha alkaa sinusta, anna Lunaran johdattaa.<\/p>\n\n\n\n<p>Unilintu on kuin aikuisten unikoulu \u2013 viiden kerran valmennus, joka johdattaa sinut kohti parempia y\u00f6unia ja hermoston rauhoittumista. L\u00f6yd\u00e4 levollisuus ja her\u00e4\u00e4 energisen\u00e4 uuteen p\u00e4iv\u00e4\u00e4n.&nbsp;<\/p>\n\n\n\n<p><strong>Ihana Min\u00e4<\/strong> -L\u00f6yd\u00e4 itsesi uudelleen, lempe\u00e4sti ja rakkaudella.<\/p>\n\n\n\n<p>Ihana Min\u00e4 on viiden kerran syv\u00e4llinen matka itseen. Lis\u00e4\u00e4 itseymm\u00e4rryst\u00e4, my\u00f6t\u00e4tuntoa ja armollisuutta itse\u00e4si kohtaan. L\u00f6yd\u00e4 omat vahvuutesi ja anna niiden kantaa sinut kohti itsetuntemusta ja aitoa itseluottamusta.<\/p>\n\n\n\n<p><strong>Vapaaksi<\/strong> -Sinun hetkesi pys\u00e4hty\u00e4, l\u00f6yt\u00e4\u00e4 ja vahvistua.<\/p>\n\n\n\n<p>Vapaaksi on yhdest\u00e4 kolmeen kertaan kest\u00e4v\u00e4 valmennus, joka auttaa sinua p\u00e4\u00e4st\u00e4m\u00e4\u00e4n lempe\u00e4sti irti menneisyyden traumoista, vaikeista tunteista ja muistoista. Vapautta kohti, askel kerrallaan.<\/p>\n\n\n\n<p><strong>El\u00e4m\u00e4nilo<\/strong> -valo el\u00e4m\u00e4\u00e4si, voima sisimp\u00e4\u00e4si.<\/p>\n\n\n\n<p>El\u00e4m\u00e4nilo on 21 p\u00e4iv\u00e4n tiivis ohjelma, joka auttaa sinua l\u00f6yt\u00e4m\u00e4\u00e4n uudelleen el\u00e4m\u00e4nilon ja tuntemaan syv\u00e4\u00e4 kiitollisuutta, rakkautta ja onnea omaa el\u00e4m\u00e4\u00e4si kohtaan. Nauti el\u00e4m\u00e4si ainutlaatuisesta rikkaudesta t\u00e4ysin rinnoin.<\/p>\n\n\n\n<p><strong>El\u00e4m\u00e4ni V\u00e4rit<\/strong> \u2013 l\u00f6yd\u00e4 menneisyyden merkitys, nykyhetken rauha ja tulevaisuuden kirkkaus. El\u00e4m\u00e4ni V\u00e4rit on kolmen kerran valmennus, joka avaa syvemm\u00e4n ymm\u00e4rryksen omaan el\u00e4m\u00e4\u00e4si ja sen tapahtumiin.<\/p>\n\n\n\n<p><strong><em>&#8221;Anna itsellesi tai l\u00e4heisellesi lahja, joka hoitaa syd\u00e4nt\u00e4, mielt\u00e4 ja kehoa \u2013 askel kohti tasapainoa ja hyvinvointia alkaa t\u00e4st\u00e4.&#8221;<\/em><\/strong><\/p>\n\n\n\n<div class=\"wp-block-group alignfull has-base-color has-contrast-background-color has-text-color has-background has-global-padding is-layout-constrained wp-container-core-group-is-layout-ef3d885c wp-block-group-is-layout-constrained\" style=\"margin-top:0;margin-bottom:0;padding-top:var(--wp--preset--spacing--60);padding-right:var(--wp--preset--spacing--60);padding-bottom:var(--wp--preset--spacing--60);padding-left:var(--wp--preset--spacing--60)\">\n<div class=\"wp-block-group has-global-padding is-layout-constrained wp-block-group-is-layout-constrained\">\n<p class=\"has-text-align-center has-base-color has-text-color has-heading-font-family has-x-large-font-size\" style=\"line-height:1.2\"><em>\u201cEl\u00e4m\u00e4n kauneus ei piile p\u00e4iviss\u00e4 vaan hetkiss\u00e4, jotka saavat syd\u00e4memme sykkim\u00e4\u00e4n hieman hitaammin ja hymyilem\u00e4\u00e4n hieman enemm\u00e4n\u201d<\/em><\/p>\n<\/div>\n<\/div>\n","protected":false},"excerpt":{"rendered":"<p>LUNARA VALMENNUKSET &#8211; &nbsp;Valosi l\u00f6yt\u00e4misen matka. Lunara valmennukset on omistettu sinulle, joka haluat syvent\u00e4\u00e4 ymm\u00e4rryst\u00e4si itsest\u00e4si, kasvaa ja kukoistaa omassa voimassa. Palveluiden ytimess\u00e4 on sinun hyvinvointisi sek\u00e4 my\u00f6s henkinen kasvu \u2013 askel kerrallaan autan sinua l\u00f6yt\u00e4m\u00e4\u00e4n rauhan, tasapainon ja kirkkauden, joka on jo sis\u00e4ll\u00e4si.&nbsp; Valmennus luodaan aina yksil\u00f6llisesti juuri sinun tarpeidesi ja tavoitteiden pohjalta \u2013 [&hellip;]<\/p>\n","protected":false},"author":1,"featured_media":0,"parent":0,"menu_order":0,"comment_status":"closed","ping_status":"closed","template":"","meta":{"footnotes":""},"class_list":["post-26","page","type-page","status-publish","hentry"],"yoast_head":"<!-- This site is optimized with the Yoast SEO plugin v27.4 - https:\/\/yoast.com\/product\/yoast-seo-wordpress\/ -->\n<title>Valmennukset - Lunara<\/title>\n<meta name=\"robots\" content=\"index, follow, max-snippet:-1, max-image-preview:large, max-video-preview:-1\" \/>\n<link rel=\"canonical\" href=\"https:\/\/lunara.fi\/?page_id=26\" \/>\n<meta property=\"og:locale\" content=\"fi_FI\" \/>\n<meta property=\"og:type\" content=\"article\" \/>\n<meta property=\"og:title\" content=\"Valmennukset - Lunara\" \/>\n<meta property=\"og:description\" content=\"LUNARA VALMENNUKSET &#8211; &nbsp;Valosi l\u00f6yt\u00e4misen matka. Lunara valmennukset on omistettu sinulle, joka haluat syvent\u00e4\u00e4 ymm\u00e4rryst\u00e4si itsest\u00e4si, kasvaa ja kukoistaa omassa voimassa. Palveluiden ytimess\u00e4 on sinun hyvinvointisi sek\u00e4 my\u00f6s henkinen kasvu \u2013 askel kerrallaan autan sinua l\u00f6yt\u00e4m\u00e4\u00e4n rauhan, tasapainon ja kirkkauden, joka on jo sis\u00e4ll\u00e4si.&nbsp; Valmennus luodaan aina yksil\u00f6llisesti juuri sinun tarpeidesi ja tavoitteiden pohjalta \u2013 [&hellip;]\" \/>\n<meta property=\"og:url\" content=\"https:\/\/lunara.fi\/?page_id=26\" \/>\n<meta property=\"og:site_name\" content=\"Lunara\" \/>\n<meta property=\"article:modified_time\" content=\"2024-12-10T13:44:01+00:00\" \/>\n<meta property=\"og:image\" content=\"https:\/\/lunara.fi\/wp-content\/uploads\/2024\/12\/valmennuslogo-3.jpg\" \/>\n\t<meta property=\"og:image:width\" content=\"1027\" \/>\n\t<meta property=\"og:image:height\" content=\"310\" \/>\n\t<meta property=\"og:image:type\" content=\"image\/jpeg\" \/>\n<meta name=\"twitter:card\" content=\"summary_large_image\" \/>\n<meta name=\"twitter:label1\" content=\"Arvioitu lukuaika\" \/>\n\t<meta name=\"twitter:data1\" content=\"2 minuuttia\" \/>\n<script type=\"application\/ld+json\" class=\"yoast-schema-graph\">{\"@context\":\"https:\\\/\\\/schema.org\",\"@graph\":[{\"@type\":\"WebPage\",\"@id\":\"https:\\\/\\\/lunara.fi\\\/?page_id=26\",\"url\":\"https:\\\/\\\/lunara.fi\\\/?page_id=26\",\"name\":\"Valmennukset - Lunara\",\"isPartOf\":{\"@id\":\"https:\\\/\\\/lunara.fi\\\/#website\"},\"primaryImageOfPage\":{\"@id\":\"https:\\\/\\\/lunara.fi\\\/?page_id=26#primaryimage\"},\"image\":{\"@id\":\"https:\\\/\\\/lunara.fi\\\/?page_id=26#primaryimage\"},\"thumbnailUrl\":\"https:\\\/\\\/lunara.fi\\\/wp-content\\\/uploads\\\/2024\\\/12\\\/valmennuslogo-3-1024x309.jpg\",\"datePublished\":\"2024-12-05T17:26:24+00:00\",\"dateModified\":\"2024-12-10T13:44:01+00:00\",\"breadcrumb\":{\"@id\":\"https:\\\/\\\/lunara.fi\\\/?page_id=26#breadcrumb\"},\"inLanguage\":\"fi\",\"potentialAction\":[{\"@type\":\"ReadAction\",\"target\":[\"https:\\\/\\\/lunara.fi\\\/?page_id=26\"]}]},{\"@type\":\"ImageObject\",\"inLanguage\":\"fi\",\"@id\":\"https:\\\/\\\/lunara.fi\\\/?page_id=26#primaryimage\",\"url\":\"https:\\\/\\\/lunara.fi\\\/wp-content\\\/uploads\\\/2024\\\/12\\\/valmennuslogo-3.jpg\",\"contentUrl\":\"https:\\\/\\\/lunara.fi\\\/wp-content\\\/uploads\\\/2024\\\/12\\\/valmennuslogo-3.jpg\",\"width\":1027,\"height\":310},{\"@type\":\"BreadcrumbList\",\"@id\":\"https:\\\/\\\/lunara.fi\\\/?page_id=26#breadcrumb\",\"itemListElement\":[{\"@type\":\"ListItem\",\"position\":1,\"name\":\"Etusivu\",\"item\":\"https:\\\/\\\/lunara.fi\\\/\"},{\"@type\":\"ListItem\",\"position\":2,\"name\":\"Valmennukset\"}]},{\"@type\":\"WebSite\",\"@id\":\"https:\\\/\\\/lunara.fi\\\/#website\",\"url\":\"https:\\\/\\\/lunara.fi\\\/\",\"name\":\"Lunara\",\"description\":\"Tie rauhaan ja tasapainoon\",\"publisher\":{\"@id\":\"https:\\\/\\\/lunara.fi\\\/#organization\"},\"potentialAction\":[{\"@type\":\"SearchAction\",\"target\":{\"@type\":\"EntryPoint\",\"urlTemplate\":\"https:\\\/\\\/lunara.fi\\\/?s={search_term_string}\"},\"query-input\":{\"@type\":\"PropertyValueSpecification\",\"valueRequired\":true,\"valueName\":\"search_term_string\"}}],\"inLanguage\":\"fi\"},{\"@type\":\"Organization\",\"@id\":\"https:\\\/\\\/lunara.fi\\\/#organization\",\"name\":\"Lunara\",\"url\":\"https:\\\/\\\/lunara.fi\\\/\",\"logo\":{\"@type\":\"ImageObject\",\"inLanguage\":\"fi\",\"@id\":\"https:\\\/\\\/lunara.fi\\\/#\\\/schema\\\/logo\\\/image\\\/\",\"url\":\"https:\\\/\\\/lunara.fi\\\/wp-content\\\/uploads\\\/2024\\\/12\\\/logo.jpg\",\"contentUrl\":\"https:\\\/\\\/lunara.fi\\\/wp-content\\\/uploads\\\/2024\\\/12\\\/logo.jpg\",\"width\":513,\"height\":481,\"caption\":\"Lunara\"},\"image\":{\"@id\":\"https:\\\/\\\/lunara.fi\\\/#\\\/schema\\\/logo\\\/image\\\/\"}}]}<\/script>\n<!-- \/ Yoast SEO plugin. -->","yoast_head_json":{"title":"Valmennukset - Lunara","robots":{"index":"index","follow":"follow","max-snippet":"max-snippet:-1","max-image-preview":"max-image-preview:large","max-video-preview":"max-video-preview:-1"},"canonical":"https:\/\/lunara.fi\/?page_id=26","og_locale":"fi_FI","og_type":"article","og_title":"Valmennukset - Lunara","og_description":"LUNARA VALMENNUKSET &#8211; &nbsp;Valosi l\u00f6yt\u00e4misen matka. Lunara valmennukset on omistettu sinulle, joka haluat syvent\u00e4\u00e4 ymm\u00e4rryst\u00e4si itsest\u00e4si, kasvaa ja kukoistaa omassa voimassa. Palveluiden ytimess\u00e4 on sinun hyvinvointisi sek\u00e4 my\u00f6s henkinen kasvu \u2013 askel kerrallaan autan sinua l\u00f6yt\u00e4m\u00e4\u00e4n rauhan, tasapainon ja kirkkauden, joka on jo sis\u00e4ll\u00e4si.&nbsp; Valmennus luodaan aina yksil\u00f6llisesti juuri sinun tarpeidesi ja tavoitteiden pohjalta \u2013 [&hellip;]","og_url":"https:\/\/lunara.fi\/?page_id=26","og_site_name":"Lunara","article_modified_time":"2024-12-10T13:44:01+00:00","og_image":[{"width":1027,"height":310,"url":"https:\/\/lunara.fi\/wp-content\/uploads\/2024\/12\/valmennuslogo-3.jpg","type":"image\/jpeg"}],"twitter_card":"summary_large_image","twitter_misc":{"Arvioitu lukuaika":"2 minuuttia"},"schema":{"@context":"https:\/\/schema.org","@graph":[{"@type":"WebPage","@id":"https:\/\/lunara.fi\/?page_id=26","url":"https:\/\/lunara.fi\/?page_id=26","name":"Valmennukset - Lunara","isPartOf":{"@id":"https:\/\/lunara.fi\/#website"},"primaryImageOfPage":{"@id":"https:\/\/lunara.fi\/?page_id=26#primaryimage"},"image":{"@id":"https:\/\/lunara.fi\/?page_id=26#primaryimage"},"thumbnailUrl":"https:\/\/lunara.fi\/wp-content\/uploads\/2024\/12\/valmennuslogo-3-1024x309.jpg","datePublished":"2024-12-05T17:26:24+00:00","dateModified":"2024-12-10T13:44:01+00:00","breadcrumb":{"@id":"https:\/\/lunara.fi\/?page_id=26#breadcrumb"},"inLanguage":"fi","potentialAction":[{"@type":"ReadAction","target":["https:\/\/lunara.fi\/?page_id=26"]}]},{"@type":"ImageObject","inLanguage":"fi","@id":"https:\/\/lunara.fi\/?page_id=26#primaryimage","url":"https:\/\/lunara.fi\/wp-content\/uploads\/2024\/12\/valmennuslogo-3.jpg","contentUrl":"https:\/\/lunara.fi\/wp-content\/uploads\/2024\/12\/valmennuslogo-3.jpg","width":1027,"height":310},{"@type":"BreadcrumbList","@id":"https:\/\/lunara.fi\/?page_id=26#breadcrumb","itemListElement":[{"@type":"ListItem","position":1,"name":"Etusivu","item":"https:\/\/lunara.fi\/"},{"@type":"ListItem","position":2,"name":"Valmennukset"}]},{"@type":"WebSite","@id":"https:\/\/lunara.fi\/#website","url":"https:\/\/lunara.fi\/","name":"Lunara","description":"Tie rauhaan ja tasapainoon","publisher":{"@id":"https:\/\/lunara.fi\/#organization"},"potentialAction":[{"@type":"SearchAction","target":{"@type":"EntryPoint","urlTemplate":"https:\/\/lunara.fi\/?s={search_term_string}"},"query-input":{"@type":"PropertyValueSpecification","valueRequired":true,"valueName":"search_term_string"}}],"inLanguage":"fi"},{"@type":"Organization","@id":"https:\/\/lunara.fi\/#organization","name":"Lunara","url":"https:\/\/lunara.fi\/","logo":{"@type":"ImageObject","inLanguage":"fi","@id":"https:\/\/lunara.fi\/#\/schema\/logo\/image\/","url":"https:\/\/lunara.fi\/wp-content\/uploads\/2024\/12\/logo.jpg","contentUrl":"https:\/\/lunara.fi\/wp-content\/uploads\/2024\/12\/logo.jpg","width":513,"height":481,"caption":"Lunara"},"image":{"@id":"https:\/\/lunara.fi\/#\/schema\/logo\/image\/"}}]}},"_links":{"self":[{"href":"https:\/\/lunara.fi\/index.php?rest_route=\/wp\/v2\/pages\/26","targetHints":{"allow":["GET"]}}],"collection":[{"href":"https:\/\/lunara.fi\/index.php?rest_route=\/wp\/v2\/pages"}],"about":[{"href":"https:\/\/lunara.fi\/index.php?rest_route=\/wp\/v2\/types\/page"}],"author":[{"embeddable":true,"href":"https:\/\/lunara.fi\/index.php?rest_route=\/wp\/v2\/users\/1"}],"replies":[{"embeddable":true,"href":"https:\/\/lunara.fi\/index.php?rest_route=%2Fwp%2Fv2%2Fcomments&post=26"}],"version-history":[{"count":4,"href":"https:\/\/lunara.fi\/index.php?rest_route=\/wp\/v2\/pages\/26\/revisions"}],"predecessor-version":[{"id":198,"href":"https:\/\/lunara.fi\/index.php?rest_route=\/wp\/v2\/pages\/26\/revisions\/198"}],"wp:attachment":[{"href":"https:\/\/lunara.fi\/index.php?rest_route=%2Fwp%2Fv2%2Fmedia&parent=26"}],"curies":[{"name":"wp","href":"https:\/\/api.w.org\/{rel}","templated":true}]}}