{"id":264,"date":"2025-02-01T11:07:11","date_gmt":"2025-02-01T14:07:11","guid":{"rendered":"https:\/\/lunara.fi\/?page_id=264"},"modified":"2025-02-01T11:07:12","modified_gmt":"2025-02-01T14:07:12","slug":"ole-avoin-kuun-salaisuuksille-ja-unelmiesi-voimalle","status":"publish","type":"page","link":"https:\/\/lunara.fi\/?page_id=264","title":{"rendered":"Ole avoin kuun salaisuuksille ja unelmiesi voimalle"},"content":{"rendered":"\n<p><\/p>\n\n\n\n<p>Viikon alussa kerroin, ett\u00e4 juuri t\u00e4m\u00e4 viikko on yksi vuoden voimakkaimmista viikoista p\u00e4\u00e4st\u00e4\u00e4 irti ja luoda unelmia. Saatoit j\u00e4\u00e4d\u00e4 ihmettelem\u00e4\u00e4n, miksi juuri t\u00e4m\u00e4 viikko olisi sen kummallisempi kuin muutkaan viikot ja siksi tahdonkin avata sinulle asiaa hieman tarkemmin.&nbsp;<\/p>\n\n\n\n<p>Alkuper\u00e4iskansat ja esi-is\u00e4mme eliv\u00e4t luonnon rytmien ohjaamina ja heid\u00e4n tapansa kunnioittaa luonnon kiertokulkuja kantavat edelleen ajattoman viisauden. T\u00e4m\u00e4 on ollut my\u00f6s oma inspiraationi l\u00e4hde viimeisen kymmenen vuoden ajan. Aluksi saatoin olla skeptinen esimerkiksi kuun kierron vaikutuksesta el\u00e4m\u00e4\u00e4mme, mutta ajan my\u00f6t\u00e4 olen huomannut, ett\u00e4 ajoituksella todella on merkityst\u00e4.<\/p>\n\n\n\n<p>Olen oppinut, ettei kaikkea kannata tehd\u00e4 vastavirtaan \u2013 on viisaampaa kuunnella ajanlaatua ja sen tarjoamaa tukea. Huomasin jo vuosia sitten, ett\u00e4 tammikuu ei ole otollinen aika uusille aloituksille. Usein asiat tuntuivat pys\u00e4htyv\u00e4n tai vaativan kohtuuttomasti ponnisteluja. Mutta helmikuussa sen sijaan, kiinalaisen uuden vuoden kynnyksell\u00e4 saatoin aina huomata, ett\u00e4 el\u00e4m\u00e4 alkoi virrata luonnollisemmin ja uudet ideat sek\u00e4 hankkeet l\u00e4htiv\u00e4t kasvamaan kuin itsest\u00e4\u00e4n, mik\u00e4li ne olivat ylip\u00e4\u00e4t\u00e4\u00e4n sellaisia joiden tuli kasvaa.<\/p>\n\n\n\n<p>T\u00e4m\u00e4 hetki, nousevan kuun juuri alkanut aika ja energian virtaus helmikuuta kohti, on t\u00e4ydellinen hetki unelmoida rohkeasti ja laittaa uusia asioita liikkeelle. Ole avoin kuun salaisuuksille ja maailmankaikkeuden kuiskauksille \u2013 ne voivat ohjata sinua juuri oikeaan suuntaan.<\/p>\n\n\n\n<p>Unelmilla on t\u00e4rke\u00e4 teht\u00e4v\u00e4 el\u00e4m\u00e4ss\u00e4mme, ne ovat parhaimmillaan el\u00e4m\u00e4mme valoa ja suunta. Ne pit\u00e4v\u00e4t meid\u00e4t liikkeess\u00e4 ja antavat toivoa. Mutta unelmointi ei ole vain haaveilua \u2013 se on taito, jonka avulla voit kuvitella itsellesi el\u00e4m\u00e4n, joka tuntuu merkitykselliselt\u00e4 ja hyv\u00e4lt\u00e4.<\/p>\n\n\n\n<p>Mit\u00e4 sin\u00e4 kaipaat el\u00e4m\u00e4\u00e4si juuri nyt? Mitk\u00e4 unelmat kuiskivat syd\u00e4mess\u00e4si? T\u00e4m\u00e4 hetki on t\u00e4ydellinen pys\u00e4hty\u00e4 kuuntelemaan sisint\u00e4si ja antaa unelmien kasvaa.<\/p>\n\n\n\n<p>Haluan jakaa kanssasi pienen harjoituksen, joka voi konkreettisesti auttaa sinua ruokkimaan unelmiasi \u2013 aivan kirjaimellisesti. Istuta joku siemen multaan, jokaisen unelmasi symboliksi. Anna niiden kasvaa valossa, hoivassa ja kastelussa. Jokainen kastelu hetki muistuttaa sinua siit\u00e4, ett\u00e4 unelmat vaativat aikaa ja huolenpitoa. Samalla, kun siemenen varsi venyy yl\u00f6sp\u00e4in, huomaat ehk\u00e4 omien unelmiesi vahvistuvan ja nousevan kohti valoa.<\/p>\n\n\n\n<p>Tee unelmista totta \u2013 lempe\u00e4 kutsu valmennukseeni<\/p>\n\n\n\n<p>Unelmia voi toteuttaa monella tavalla. NLP:n, tunnety\u00f6skentelyn ja taideterapian avulla voimme yhdess\u00e4 rakentaa ja tukea lempe\u00e4sti polkua kohti juuri sinun n\u00e4k\u00f6ist\u00e4 el\u00e4m\u00e4\u00e4. Jos tunnet sielusi kutsun syventy\u00e4 unelmiisi ja tehd\u00e4 niist\u00e4 totta, olet l\u00e4mpim\u00e4sti tervetullut tutkimaan ja ty\u00f6st\u00e4m\u00e4\u00e4n niit\u00e4 kanssani.<\/p>\n\n\n\n<p>Olipa unelmasi sitten mik\u00e4 tahansa niin t\u00e4rkeint\u00e4 on ottaa rohkeasti ensimm\u00e4inen askel kohti unelmaa sill\u00e4 mik\u00e4\u00e4n ei muutu, jos mik\u00e4\u00e4n ei muutu. Ensimm\u00e4inen askel on aina valinta ja alku uudelle polulle. Unelmat ansaitsevat kasvaa ja loistaa \u2013 anna niiden valaista vuottasi.\u00a0<\/p>\n\n\n\n<p>L\u00e4mpimin ajatuksin,<\/p>\n\n\n\n<p>Satu<\/p>\n\n\n\n<figure class=\"wp-block-image size-large\"><img loading=\"lazy\" decoding=\"async\" width=\"1024\" height=\"1024\" src=\"https:\/\/lunara.fi\/wp-content\/uploads\/2025\/02\/1000093282-1024x1024.jpg\" alt=\"\" class=\"wp-image-266\" srcset=\"https:\/\/lunara.fi\/wp-content\/uploads\/2025\/02\/1000093282-1024x1024.jpg 1024w, https:\/\/lunara.fi\/wp-content\/uploads\/2025\/02\/1000093282-300x300.jpg 300w, https:\/\/lunara.fi\/wp-content\/uploads\/2025\/02\/1000093282-150x150.jpg 150w, https:\/\/lunara.fi\/wp-content\/uploads\/2025\/02\/1000093282-768x768.jpg 768w, https:\/\/lunara.fi\/wp-content\/uploads\/2025\/02\/1000093282.jpg 1077w\" sizes=\"auto, (max-width: 1024px) 100vw, 1024px\" \/><\/figure>\n","protected":false},"excerpt":{"rendered":"<p>Viikon alussa kerroin, ett\u00e4 juuri t\u00e4m\u00e4 viikko on yksi vuoden voimakkaimmista viikoista p\u00e4\u00e4st\u00e4\u00e4 irti ja luoda unelmia. Saatoit j\u00e4\u00e4d\u00e4 ihmettelem\u00e4\u00e4n, miksi juuri t\u00e4m\u00e4 viikko olisi sen kummallisempi kuin muutkaan viikot ja siksi tahdonkin avata sinulle asiaa hieman tarkemmin.&nbsp; Alkuper\u00e4iskansat ja esi-is\u00e4mme eliv\u00e4t luonnon rytmien ohjaamina ja heid\u00e4n tapansa kunnioittaa luonnon kiertokulkuja kantavat edelleen ajattoman viisauden. [&hellip;]<\/p>\n","protected":false},"author":1,"featured_media":0,"parent":0,"menu_order":0,"comment_status":"closed","ping_status":"closed","template":"","meta":{"footnotes":""},"class_list":["post-264","page","type-page","status-publish","hentry"],"yoast_head":"<!-- This site is optimized with the Yoast SEO plugin v27.4 - https:\/\/yoast.com\/product\/yoast-seo-wordpress\/ -->\n<title>Ole avoin kuun salaisuuksille ja unelmiesi voimalle - Lunara<\/title>\n<meta name=\"robots\" content=\"index, follow, max-snippet:-1, max-image-preview:large, max-video-preview:-1\" \/>\n<link rel=\"canonical\" href=\"https:\/\/lunara.fi\/?page_id=264\" \/>\n<meta property=\"og:locale\" content=\"fi_FI\" \/>\n<meta property=\"og:type\" content=\"article\" \/>\n<meta property=\"og:title\" content=\"Ole avoin kuun salaisuuksille ja unelmiesi voimalle - Lunara\" \/>\n<meta property=\"og:description\" content=\"Viikon alussa kerroin, ett\u00e4 juuri t\u00e4m\u00e4 viikko on yksi vuoden voimakkaimmista viikoista p\u00e4\u00e4st\u00e4\u00e4 irti ja luoda unelmia. Saatoit j\u00e4\u00e4d\u00e4 ihmettelem\u00e4\u00e4n, miksi juuri t\u00e4m\u00e4 viikko olisi sen kummallisempi kuin muutkaan viikot ja siksi tahdonkin avata sinulle asiaa hieman tarkemmin.&nbsp; Alkuper\u00e4iskansat ja esi-is\u00e4mme eliv\u00e4t luonnon rytmien ohjaamina ja heid\u00e4n tapansa kunnioittaa luonnon kiertokulkuja kantavat edelleen ajattoman viisauden. [&hellip;]\" \/>\n<meta property=\"og:url\" content=\"https:\/\/lunara.fi\/?page_id=264\" \/>\n<meta property=\"og:site_name\" content=\"Lunara\" \/>\n<meta property=\"article:modified_time\" content=\"2025-02-01T14:07:12+00:00\" \/>\n<meta property=\"og:image\" content=\"https:\/\/lunara.fi\/wp-content\/uploads\/2025\/02\/1000093282.jpg\" \/>\n\t<meta property=\"og:image:width\" content=\"1077\" \/>\n\t<meta property=\"og:image:height\" content=\"1077\" \/>\n\t<meta property=\"og:image:type\" content=\"image\/jpeg\" \/>\n<meta name=\"twitter:card\" content=\"summary_large_image\" \/>\n<meta name=\"twitter:label1\" content=\"Arvioitu lukuaika\" \/>\n\t<meta name=\"twitter:data1\" content=\"3 minuuttia\" \/>\n<script type=\"application\/ld+json\" class=\"yoast-schema-graph\">{\"@context\":\"https:\\\/\\\/schema.org\",\"@graph\":[{\"@type\":\"WebPage\",\"@id\":\"https:\\\/\\\/lunara.fi\\\/?page_id=264\",\"url\":\"https:\\\/\\\/lunara.fi\\\/?page_id=264\",\"name\":\"Ole avoin kuun salaisuuksille ja unelmiesi voimalle - Lunara\",\"isPartOf\":{\"@id\":\"https:\\\/\\\/lunara.fi\\\/#website\"},\"primaryImageOfPage\":{\"@id\":\"https:\\\/\\\/lunara.fi\\\/?page_id=264#primaryimage\"},\"image\":{\"@id\":\"https:\\\/\\\/lunara.fi\\\/?page_id=264#primaryimage\"},\"thumbnailUrl\":\"https:\\\/\\\/lunara.fi\\\/wp-content\\\/uploads\\\/2025\\\/02\\\/1000093282-1024x1024.jpg\",\"datePublished\":\"2025-02-01T14:07:11+00:00\",\"dateModified\":\"2025-02-01T14:07:12+00:00\",\"breadcrumb\":{\"@id\":\"https:\\\/\\\/lunara.fi\\\/?page_id=264#breadcrumb\"},\"inLanguage\":\"fi\",\"potentialAction\":[{\"@type\":\"ReadAction\",\"target\":[\"https:\\\/\\\/lunara.fi\\\/?page_id=264\"]}]},{\"@type\":\"ImageObject\",\"inLanguage\":\"fi\",\"@id\":\"https:\\\/\\\/lunara.fi\\\/?page_id=264#primaryimage\",\"url\":\"https:\\\/\\\/lunara.fi\\\/wp-content\\\/uploads\\\/2025\\\/02\\\/1000093282.jpg\",\"contentUrl\":\"https:\\\/\\\/lunara.fi\\\/wp-content\\\/uploads\\\/2025\\\/02\\\/1000093282.jpg\",\"width\":1077,\"height\":1077},{\"@type\":\"BreadcrumbList\",\"@id\":\"https:\\\/\\\/lunara.fi\\\/?page_id=264#breadcrumb\",\"itemListElement\":[{\"@type\":\"ListItem\",\"position\":1,\"name\":\"Etusivu\",\"item\":\"https:\\\/\\\/lunara.fi\\\/\"},{\"@type\":\"ListItem\",\"position\":2,\"name\":\"Ole avoin kuun salaisuuksille ja unelmiesi voimalle\"}]},{\"@type\":\"WebSite\",\"@id\":\"https:\\\/\\\/lunara.fi\\\/#website\",\"url\":\"https:\\\/\\\/lunara.fi\\\/\",\"name\":\"Lunara\",\"description\":\"Tie rauhaan ja tasapainoon\",\"publisher\":{\"@id\":\"https:\\\/\\\/lunara.fi\\\/#organization\"},\"potentialAction\":[{\"@type\":\"SearchAction\",\"target\":{\"@type\":\"EntryPoint\",\"urlTemplate\":\"https:\\\/\\\/lunara.fi\\\/?s={search_term_string}\"},\"query-input\":{\"@type\":\"PropertyValueSpecification\",\"valueRequired\":true,\"valueName\":\"search_term_string\"}}],\"inLanguage\":\"fi\"},{\"@type\":\"Organization\",\"@id\":\"https:\\\/\\\/lunara.fi\\\/#organization\",\"name\":\"Lunara\",\"url\":\"https:\\\/\\\/lunara.fi\\\/\",\"logo\":{\"@type\":\"ImageObject\",\"inLanguage\":\"fi\",\"@id\":\"https:\\\/\\\/lunara.fi\\\/#\\\/schema\\\/logo\\\/image\\\/\",\"url\":\"https:\\\/\\\/lunara.fi\\\/wp-content\\\/uploads\\\/2024\\\/12\\\/logo.jpg\",\"contentUrl\":\"https:\\\/\\\/lunara.fi\\\/wp-content\\\/uploads\\\/2024\\\/12\\\/logo.jpg\",\"width\":513,\"height\":481,\"caption\":\"Lunara\"},\"image\":{\"@id\":\"https:\\\/\\\/lunara.fi\\\/#\\\/schema\\\/logo\\\/image\\\/\"}}]}<\/script>\n<!-- \/ Yoast SEO plugin. -->","yoast_head_json":{"title":"Ole avoin kuun salaisuuksille ja unelmiesi voimalle - Lunara","robots":{"index":"index","follow":"follow","max-snippet":"max-snippet:-1","max-image-preview":"max-image-preview:large","max-video-preview":"max-video-preview:-1"},"canonical":"https:\/\/lunara.fi\/?page_id=264","og_locale":"fi_FI","og_type":"article","og_title":"Ole avoin kuun salaisuuksille ja unelmiesi voimalle - Lunara","og_description":"Viikon alussa kerroin, ett\u00e4 juuri t\u00e4m\u00e4 viikko on yksi vuoden voimakkaimmista viikoista p\u00e4\u00e4st\u00e4\u00e4 irti ja luoda unelmia. Saatoit j\u00e4\u00e4d\u00e4 ihmettelem\u00e4\u00e4n, miksi juuri t\u00e4m\u00e4 viikko olisi sen kummallisempi kuin muutkaan viikot ja siksi tahdonkin avata sinulle asiaa hieman tarkemmin.&nbsp; Alkuper\u00e4iskansat ja esi-is\u00e4mme eliv\u00e4t luonnon rytmien ohjaamina ja heid\u00e4n tapansa kunnioittaa luonnon kiertokulkuja kantavat edelleen ajattoman viisauden. [&hellip;]","og_url":"https:\/\/lunara.fi\/?page_id=264","og_site_name":"Lunara","article_modified_time":"2025-02-01T14:07:12+00:00","og_image":[{"width":1077,"height":1077,"url":"https:\/\/lunara.fi\/wp-content\/uploads\/2025\/02\/1000093282.jpg","type":"image\/jpeg"}],"twitter_card":"summary_large_image","twitter_misc":{"Arvioitu lukuaika":"3 minuuttia"},"schema":{"@context":"https:\/\/schema.org","@graph":[{"@type":"WebPage","@id":"https:\/\/lunara.fi\/?page_id=264","url":"https:\/\/lunara.fi\/?page_id=264","name":"Ole avoin kuun salaisuuksille ja unelmiesi voimalle - Lunara","isPartOf":{"@id":"https:\/\/lunara.fi\/#website"},"primaryImageOfPage":{"@id":"https:\/\/lunara.fi\/?page_id=264#primaryimage"},"image":{"@id":"https:\/\/lunara.fi\/?page_id=264#primaryimage"},"thumbnailUrl":"https:\/\/lunara.fi\/wp-content\/uploads\/2025\/02\/1000093282-1024x1024.jpg","datePublished":"2025-02-01T14:07:11+00:00","dateModified":"2025-02-01T14:07:12+00:00","breadcrumb":{"@id":"https:\/\/lunara.fi\/?page_id=264#breadcrumb"},"inLanguage":"fi","potentialAction":[{"@type":"ReadAction","target":["https:\/\/lunara.fi\/?page_id=264"]}]},{"@type":"ImageObject","inLanguage":"fi","@id":"https:\/\/lunara.fi\/?page_id=264#primaryimage","url":"https:\/\/lunara.fi\/wp-content\/uploads\/2025\/02\/1000093282.jpg","contentUrl":"https:\/\/lunara.fi\/wp-content\/uploads\/2025\/02\/1000093282.jpg","width":1077,"height":1077},{"@type":"BreadcrumbList","@id":"https:\/\/lunara.fi\/?page_id=264#breadcrumb","itemListElement":[{"@type":"ListItem","position":1,"name":"Etusivu","item":"https:\/\/lunara.fi\/"},{"@type":"ListItem","position":2,"name":"Ole avoin kuun salaisuuksille ja unelmiesi voimalle"}]},{"@type":"WebSite","@id":"https:\/\/lunara.fi\/#website","url":"https:\/\/lunara.fi\/","name":"Lunara","description":"Tie rauhaan ja tasapainoon","publisher":{"@id":"https:\/\/lunara.fi\/#organization"},"potentialAction":[{"@type":"SearchAction","target":{"@type":"EntryPoint","urlTemplate":"https:\/\/lunara.fi\/?s={search_term_string}"},"query-input":{"@type":"PropertyValueSpecification","valueRequired":true,"valueName":"search_term_string"}}],"inLanguage":"fi"},{"@type":"Organization","@id":"https:\/\/lunara.fi\/#organization","name":"Lunara","url":"https:\/\/lunara.fi\/","logo":{"@type":"ImageObject","inLanguage":"fi","@id":"https:\/\/lunara.fi\/#\/schema\/logo\/image\/","url":"https:\/\/lunara.fi\/wp-content\/uploads\/2024\/12\/logo.jpg","contentUrl":"https:\/\/lunara.fi\/wp-content\/uploads\/2024\/12\/logo.jpg","width":513,"height":481,"caption":"Lunara"},"image":{"@id":"https:\/\/lunara.fi\/#\/schema\/logo\/image\/"}}]}},"_links":{"self":[{"href":"https:\/\/lunara.fi\/index.php?rest_route=\/wp\/v2\/pages\/264","targetHints":{"allow":["GET"]}}],"collection":[{"href":"https:\/\/lunara.fi\/index.php?rest_route=\/wp\/v2\/pages"}],"about":[{"href":"https:\/\/lunara.fi\/index.php?rest_route=\/wp\/v2\/types\/page"}],"author":[{"embeddable":true,"href":"https:\/\/lunara.fi\/index.php?rest_route=\/wp\/v2\/users\/1"}],"replies":[{"embeddable":true,"href":"https:\/\/lunara.fi\/index.php?rest_route=%2Fwp%2Fv2%2Fcomments&post=264"}],"version-history":[{"count":1,"href":"https:\/\/lunara.fi\/index.php?rest_route=\/wp\/v2\/pages\/264\/revisions"}],"predecessor-version":[{"id":267,"href":"https:\/\/lunara.fi\/index.php?rest_route=\/wp\/v2\/pages\/264\/revisions\/267"}],"wp:attachment":[{"href":"https:\/\/lunara.fi\/index.php?rest_route=%2Fwp%2Fv2%2Fmedia&parent=264"}],"curies":[{"name":"wp","href":"https:\/\/api.w.org\/{rel}","templated":true}]}}