{"id":31,"date":"2024-12-05T14:25:07","date_gmt":"2024-12-05T17:25:07","guid":{"rendered":"https:\/\/lunara.fi\/?page_id=31"},"modified":"2025-04-05T08:49:52","modified_gmt":"2025-04-05T11:49:52","slug":"hoidot","status":"publish","type":"page","link":"https:\/\/lunara.fi\/?page_id=31","title":{"rendered":"Hoidot"},"content":{"rendered":"\n<figure class=\"wp-block-image size-full\"><img loading=\"lazy\" decoding=\"async\" width=\"1006\" height=\"309\" src=\"https:\/\/lunara.fi\/wp-content\/uploads\/2024\/12\/hoidot-2.jpg\" alt=\"\" class=\"wp-image-33\" srcset=\"https:\/\/lunara.fi\/wp-content\/uploads\/2024\/12\/hoidot-2.jpg 1006w, https:\/\/lunara.fi\/wp-content\/uploads\/2024\/12\/hoidot-2-300x92.jpg 300w, https:\/\/lunara.fi\/wp-content\/uploads\/2024\/12\/hoidot-2-768x236.jpg 768w\" sizes=\"auto, (max-width: 1006px) 100vw, 1006px\" \/><\/figure>\n\n\n\n<p><strong>LUNARA HOIDOT<\/strong> \u2013 Hoitavia hetki\u00e4 keholle ja mielelle<\/p>\n\n\n\n<p>Lunaran tarjoamat hoidot ovat lempeit\u00e4 kutsuja sis\u00e4iseen tasapainoon ja kokonaisvaltaiseen hyvinvointiin. Jokainen hoito on suunniteltu tukemaan kehosi ja mielesi luonnollista kyky\u00e4 uudistua, vahvistua ja l\u00f6yt\u00e4\u00e4 rauha. Vy\u00f6hyketerapian syv\u00e4llinen kosketus, aromaterapian rentouttava tuoksumaailma ja homeopatian hienovarainen voima muodostavat yhdess\u00e4 harmonisen matkan kohti kokonaisvaltaista hyvinvointia.<\/p>\n\n\n\n<p><\/p>\n\n\n\n<p><strong>Vy\u00f6hyketerapia<\/strong> \u2013 Luonnollinen Tie Tasapainoon ja Hyvinvointiin<\/p>\n\n\n\n<p>Vy\u00f6hyketerapia on ikivanha ja lempe\u00e4 hoitomuoto, joka auttaa kehoa l\u00f6yt\u00e4m\u00e4\u00e4n luonnollisen tasapainon ja yll\u00e4pit\u00e4m\u00e4\u00e4n terveytt\u00e4. T\u00e4m\u00e4 kokonaisvaltainen hoito hy\u00f6dynt\u00e4\u00e4 kehossa sijaitsevia heijaste pisteit\u00e4, joiden kautta voidaan vaikuttaa kehon toimintoihin ja lievitt\u00e4\u00e4 erilaisia h\u00e4iri\u00f6tiloja.<\/p>\n\n\n\n<p>Vy\u00f6hyketerapiahoito tapahtuu kehon vy\u00f6hyketasoja ja -ratoja painelemalla ja stimuloimalla. Vy\u00f6hyketerapeutti voi k\u00e4sitell\u00e4 pelk\u00e4st\u00e4\u00e4n jalkaterien heijastepisteit\u00e4 tai koko kehon heijasteita eli my\u00f6s k\u00e4si\u00e4, korvia, kasvoja ja keskivartaloa.<\/p>\n\n\n\n<p>Vy\u00f6hyketerapiasta voi saada apua mm. seuraaviin vaivoihin:<\/p>\n\n\n\n<ul class=\"wp-block-list\">\n<li>stressi ja levottomuus<\/li>\n\n\n\n<li>unettomuus<\/li>\n\n\n\n<li>p\u00e4\u00e4ns\u00e4rky<\/li>\n\n\n\n<li>niska- ja hartiaj\u00e4nnitys<\/li>\n\n\n\n<li>lihas- ja nivelongelmat<\/li>\n\n\n\n<li>hormoni- ja aineenvaihduntah\u00e4iri\u00f6t<\/li>\n\n\n\n<li>refluksitauti<\/li>\n\n\n\n<li>vatsan toiminnallisuush\u00e4iri\u00f6t<\/li>\n\n\n\n<li>y\u00f6kastelu<\/li>\n\n\n\n<li>vauvojen koliikki sek\u00e4 levottomuus<\/li>\n<\/ul>\n\n\n\n<p>Terapian tavoitteena on parantaa ja nopeuttaa kehon palautumista sairauden tai leikkauksen j\u00e4lkeen. Vy\u00f6hyketerapia toimii kehon omien parantavien mekanismien tukena ja t\u00e4ydent\u00e4\u00e4 l\u00e4\u00e4ketieteellisi\u00e4 hoitoja. <\/p>\n\n\n\n<p>Monet ovat l\u00f6yt\u00e4neet vy\u00f6hyketerapiasta apua esimerkiksi hormonaalisiin h\u00e4iri\u00f6ihin, kipuihin ja stressiper\u00e4isiin vaivoihin. Se sopii niin ennaltaehk\u00e4isyyn kuin tukemaan toipumista erilaisista kehon ep\u00e4tasapaino tiloista.<\/p>\n\n\n\n<p>Anna kehosi l\u00f6yt\u00e4\u00e4 oma voimansa. Kokeile vy\u00f6hyketerapiaa ja tunne sen eheytt\u00e4v\u00e4 vaikutus.<\/p>\n\n\n\n<p><\/p>\n\n\n\n<p><\/p>\n\n\n\n<p><strong>Aromaterapia<\/strong> \u2013 Hyvinvointia Keholle ja Mielelle<\/p>\n\n\n\n<p>Aromaterapia on kokonaisvaltainen hoitokokemus, joka hoitaa ja tukee mielen ja kehon tasapainoa. Hoito r\u00e4\u00e4t\u00e4l\u00f6id\u00e4\u00e4n yksil\u00f6llisesti juuri sinun tarpeidesi mukaan hy\u00f6dynt\u00e4m\u00e4ll\u00e4 korkealaatuisia eteerisi\u00e4 \u00f6ljyj\u00e4. Jokainen hoitokerta on ainutlaatuinen matka kohti syv\u00e4\u00e4 hyvinvointia ja rentoutumista.<\/p>\n\n\n\n<p>Aromaterapiassa tarkkaan valitut eteeriset \u00f6ljyt tukevat mielt\u00e4 ja kehoa, rentouttaen ja virkist\u00e4en. Hoidossa k\u00e4ytett\u00e4v\u00e4 VitaFlex-tekniikka on vanha tiibetil\u00e4inen tekniikka, joka stimuloi kehon luonnollista tasapainoa ja energiaa. Hoidossa k\u00e4ytet\u00e4\u00e4n my\u00f6s Lakota-intiaanien sulkasively tekniikkaa, joka on lempe\u00e4 sek\u00e4 syv\u00e4sti rentouttava menetelm\u00e4, joka harmonisoi energiakanavat ja kehon toiminnot.<\/p>\n\n\n\n<p>Hoito puhdistaa kehoa aina solutasolle asti ja aktivoi immuunij\u00e4rjestelm\u00e4n toimimaan optimaalisesti. Aromaterapian avulla voit vapautua stressist\u00e4, vahvistaa vastustuskyky\u00e4 ja tukea kehon kokonaisvaltaista hyvinvointia.<\/p>\n\n\n\n<p>L\u00f6yd\u00e4 mielenrauha ja kehon tasapaino aromaterapian avulla \u2013 luonnollisesti ja lempe\u00e4sti.<\/p>\n\n\n\n<p><\/p>\n\n\n\n<p><strong>Homeopatia<\/strong> \u2013 Luonnollinen Tie Tasapainoon ja Hyvinvointiin<\/p>\n\n\n\n<p>Homeopatia on kokonaisvaltainen l\u00e4\u00e4kint\u00e4 j\u00e4rjestelm\u00e4, joka tukee kehoa lempe\u00e4sti mutta tehokkaasti. Homeopaattiset valmisteet ovat huolellisesti valmistettuja ja voimakkaasti laimennettuja, joten ne ovat turvallisia k\u00e4ytt\u00e4\u00e4 \u2013 ilman haittavaikutusten riski\u00e4.<\/p>\n\n\n\n<p>Homeopaattiset l\u00e4\u00e4keaineet toimivat l\u00e4hett\u00e4m\u00e4ll\u00e4 immuunij\u00e4rjestelm\u00e4lle tarkkoja viestej\u00e4, jotka auttavat kehoa korjaamaan ep\u00e4tasapainotiloja. Ne tukevat kehon omia parantavia mekanismeja, vahvistaen hyvinvointia sis\u00e4lt\u00e4 ulosp\u00e4in.<\/p>\n\n\n\n<p>Homeopatian hy\u00f6dyt:<\/p>\n\n\n\n<ul class=\"wp-block-list\">\n<li>Tukee kehon luonnollista tasapainoa<\/li>\n\n\n\n<li>Aktivoi immuunij\u00e4rjestelm\u00e4n toimintaa<\/li>\n\n\n\n<li>Sopii hyvin pitk\u00e4aikaisten vaivojen hoitoon<\/li>\n\n\n\n<li>Turvallinen ja lempe\u00e4 my\u00f6s herkille yksil\u00f6ille<\/li>\n<\/ul>\n\n\n\n<p>Anna kehosi l\u00f6yt\u00e4\u00e4 uusi tasapaino ja elinvoima \u2013 luonnollisesti ja tehokkaasti. Kokeile homeopatiaa ja koe sen syv\u00e4lliset vaikutukset.<\/p>\n\n\n\n<p><\/p>\n\n\n\n<p><\/p>\n\n\n\n<p><strong>HCA-Mittaus<\/strong>&#8211; tie kehon tasapainoon<\/p>\n\n\n\n<p>(HCA=Health Concept Analyzer)<\/p>\n\n\n\n<p>Etsitk\u00f6 keinoja ymm\u00e4rt\u00e4\u00e4 kehosi tarpeita paremmin ja saavuttaa kokonaisvaltainen tasapaino?&nbsp;<\/p>\n\n\n\n<p>HCA-mittaus analysoi kehosi tilan syv\u00e4llisesti, tarjoten arvokasta tietoa esimerkiksi kehon energia tasapainosta, stressitekij\u00f6ist\u00e4 ja palautumis kyvyst\u00e4. N\u00e4iden tietojen avulla luomme r\u00e4\u00e4t\u00e4l\u00f6idyn suunnitelman, joka auttaa sinua saavuttamaan optimaalisen hyvinvoinnin \u2013 oli tavoitteesi sitten parempi jaksaminen, unen laadun parantaminen tai kokonaisvaltainen el\u00e4m\u00e4nlaadun kohentaminen.<\/p>\n\n\n\n<p>Yksil\u00f6lliset suositukset eli mittaustulokset muunnetaan helposti ymm\u00e4rrett\u00e4viksi ja k\u00e4yt\u00e4nn\u00f6nl\u00e4heisist\u00e4 toimenpide suunnitelmiksi kohti kehon parempaa hyvinvointia ravinnon avulla.<\/p>\n\n\n\n<p>Mittauksessa k\u00e4dell\u00e4 pidett\u00e4v\u00e4 sensori kokoaa muutamassa minuutissa tietoja elimist\u00f6n eri osien toiminnoista. Mittaamalla kehon s\u00e4hk\u00f6mangeettistaresonanssia voidaan saada helposti tietoa elintoimintojen h\u00e4iri\u00f6ist\u00e4, laite siis tunnistaa jonkin poikkeavan tilan. Laaja mittaus antaa tietoa kehon sen hetkisest\u00e4 tilasta seuraavilta osa-alueilta; syd\u00e4n ja verisuonet, ruuansulatus, aivot ja keskushermosto, luun mineraalitiheys, kivenn\u00e4isaineet, vitamiinit, aminohapot, koentsyymit, immuunij\u00e4rjestelm\u00e4, haitalliset aineet, raskasmetallit, fyysienen perustaso ja iho. Kapammassa mittausessa keskitymme vain vitamiinie, kivenn\u00e4isaineiden sek\u00e4 aminohappojen tilaan kehossa.<\/p>\n\n\n\n<p><strong><em>&#8221;Anna itsellesi tai l\u00e4heisellesi lahja, joka hoitaa syd\u00e4nt\u00e4, mielt\u00e4 ja kehoa \u2013 askel kohti tasapainoa ja hyvinvointia alkaa t\u00e4st\u00e4.&#8221;<\/em><\/strong><\/p>\n\n\n\n<div class=\"wp-block-group alignfull has-base-color has-contrast-background-color has-text-color has-background has-global-padding is-layout-constrained wp-container-core-group-is-layout-ef3d885c wp-block-group-is-layout-constrained\" style=\"margin-top:0;margin-bottom:0;padding-top:var(--wp--preset--spacing--60);padding-right:var(--wp--preset--spacing--60);padding-bottom:var(--wp--preset--spacing--60);padding-left:var(--wp--preset--spacing--60)\">\n<div class=\"wp-block-group has-global-padding is-layout-constrained wp-block-group-is-layout-constrained\">\n<p class=\"has-text-align-center has-base-color has-text-color has-heading-font-family has-x-large-font-size\" style=\"line-height:1.2\"><em>&#8221;Rohkeus ei ole pelon puuttumista, vaan sen kohtaamista. Todellinen rohkeus vapauttaa, sill\u00e4 pelot ovat usein vain mielemme luomia uskomuksia, jotka el\u00e4m\u00e4 on matkan varrella muovannut.<\/em><\/p>\n<\/div>\n<\/div>\n","protected":false},"excerpt":{"rendered":"<p>LUNARA HOIDOT \u2013 Hoitavia hetki\u00e4 keholle ja mielelle Lunaran tarjoamat hoidot ovat lempeit\u00e4 kutsuja sis\u00e4iseen tasapainoon ja kokonaisvaltaiseen hyvinvointiin. Jokainen hoito on suunniteltu tukemaan kehosi ja mielesi luonnollista kyky\u00e4 uudistua, vahvistua ja l\u00f6yt\u00e4\u00e4 rauha. Vy\u00f6hyketerapian syv\u00e4llinen kosketus, aromaterapian rentouttava tuoksumaailma ja homeopatian hienovarainen voima muodostavat yhdess\u00e4 harmonisen matkan kohti kokonaisvaltaista hyvinvointia. Vy\u00f6hyketerapia \u2013 Luonnollinen Tie [&hellip;]<\/p>\n","protected":false},"author":1,"featured_media":0,"parent":0,"menu_order":0,"comment_status":"closed","ping_status":"closed","template":"","meta":{"footnotes":""},"class_list":["post-31","page","type-page","status-publish","hentry"],"yoast_head":"<!-- This site is optimized with the Yoast SEO plugin v27.4 - https:\/\/yoast.com\/product\/yoast-seo-wordpress\/ -->\n<title>Hoidot - Lunara<\/title>\n<meta name=\"robots\" content=\"index, follow, max-snippet:-1, max-image-preview:large, max-video-preview:-1\" \/>\n<link rel=\"canonical\" href=\"https:\/\/lunara.fi\/?page_id=31\" \/>\n<meta property=\"og:locale\" content=\"fi_FI\" \/>\n<meta property=\"og:type\" content=\"article\" \/>\n<meta property=\"og:title\" content=\"Hoidot - Lunara\" \/>\n<meta property=\"og:description\" content=\"LUNARA HOIDOT \u2013 Hoitavia hetki\u00e4 keholle ja mielelle Lunaran tarjoamat hoidot ovat lempeit\u00e4 kutsuja sis\u00e4iseen tasapainoon ja kokonaisvaltaiseen hyvinvointiin. Jokainen hoito on suunniteltu tukemaan kehosi ja mielesi luonnollista kyky\u00e4 uudistua, vahvistua ja l\u00f6yt\u00e4\u00e4 rauha. Vy\u00f6hyketerapian syv\u00e4llinen kosketus, aromaterapian rentouttava tuoksumaailma ja homeopatian hienovarainen voima muodostavat yhdess\u00e4 harmonisen matkan kohti kokonaisvaltaista hyvinvointia. Vy\u00f6hyketerapia \u2013 Luonnollinen Tie [&hellip;]\" \/>\n<meta property=\"og:url\" content=\"https:\/\/lunara.fi\/?page_id=31\" \/>\n<meta property=\"og:site_name\" content=\"Lunara\" \/>\n<meta property=\"article:modified_time\" content=\"2025-04-05T11:49:52+00:00\" \/>\n<meta property=\"og:image\" content=\"https:\/\/lunara.fi\/wp-content\/uploads\/2024\/12\/hoidot-2.jpg\" \/>\n\t<meta property=\"og:image:width\" content=\"1006\" \/>\n\t<meta property=\"og:image:height\" content=\"309\" \/>\n\t<meta property=\"og:image:type\" content=\"image\/jpeg\" \/>\n<meta name=\"twitter:card\" content=\"summary_large_image\" \/>\n<meta name=\"twitter:label1\" content=\"Arvioitu lukuaika\" \/>\n\t<meta name=\"twitter:data1\" content=\"4 minuuttia\" \/>\n<script type=\"application\/ld+json\" class=\"yoast-schema-graph\">{\"@context\":\"https:\\\/\\\/schema.org\",\"@graph\":[{\"@type\":\"WebPage\",\"@id\":\"https:\\\/\\\/lunara.fi\\\/?page_id=31\",\"url\":\"https:\\\/\\\/lunara.fi\\\/?page_id=31\",\"name\":\"Hoidot - Lunara\",\"isPartOf\":{\"@id\":\"https:\\\/\\\/lunara.fi\\\/#website\"},\"primaryImageOfPage\":{\"@id\":\"https:\\\/\\\/lunara.fi\\\/?page_id=31#primaryimage\"},\"image\":{\"@id\":\"https:\\\/\\\/lunara.fi\\\/?page_id=31#primaryimage\"},\"thumbnailUrl\":\"https:\\\/\\\/lunara.fi\\\/wp-content\\\/uploads\\\/2024\\\/12\\\/hoidot-2.jpg\",\"datePublished\":\"2024-12-05T17:25:07+00:00\",\"dateModified\":\"2025-04-05T11:49:52+00:00\",\"breadcrumb\":{\"@id\":\"https:\\\/\\\/lunara.fi\\\/?page_id=31#breadcrumb\"},\"inLanguage\":\"fi\",\"potentialAction\":[{\"@type\":\"ReadAction\",\"target\":[\"https:\\\/\\\/lunara.fi\\\/?page_id=31\"]}]},{\"@type\":\"ImageObject\",\"inLanguage\":\"fi\",\"@id\":\"https:\\\/\\\/lunara.fi\\\/?page_id=31#primaryimage\",\"url\":\"https:\\\/\\\/lunara.fi\\\/wp-content\\\/uploads\\\/2024\\\/12\\\/hoidot-2.jpg\",\"contentUrl\":\"https:\\\/\\\/lunara.fi\\\/wp-content\\\/uploads\\\/2024\\\/12\\\/hoidot-2.jpg\",\"width\":1006,\"height\":309},{\"@type\":\"BreadcrumbList\",\"@id\":\"https:\\\/\\\/lunara.fi\\\/?page_id=31#breadcrumb\",\"itemListElement\":[{\"@type\":\"ListItem\",\"position\":1,\"name\":\"Etusivu\",\"item\":\"https:\\\/\\\/lunara.fi\\\/\"},{\"@type\":\"ListItem\",\"position\":2,\"name\":\"Hoidot\"}]},{\"@type\":\"WebSite\",\"@id\":\"https:\\\/\\\/lunara.fi\\\/#website\",\"url\":\"https:\\\/\\\/lunara.fi\\\/\",\"name\":\"Lunara\",\"description\":\"Tie rauhaan ja tasapainoon\",\"publisher\":{\"@id\":\"https:\\\/\\\/lunara.fi\\\/#organization\"},\"potentialAction\":[{\"@type\":\"SearchAction\",\"target\":{\"@type\":\"EntryPoint\",\"urlTemplate\":\"https:\\\/\\\/lunara.fi\\\/?s={search_term_string}\"},\"query-input\":{\"@type\":\"PropertyValueSpecification\",\"valueRequired\":true,\"valueName\":\"search_term_string\"}}],\"inLanguage\":\"fi\"},{\"@type\":\"Organization\",\"@id\":\"https:\\\/\\\/lunara.fi\\\/#organization\",\"name\":\"Lunara\",\"url\":\"https:\\\/\\\/lunara.fi\\\/\",\"logo\":{\"@type\":\"ImageObject\",\"inLanguage\":\"fi\",\"@id\":\"https:\\\/\\\/lunara.fi\\\/#\\\/schema\\\/logo\\\/image\\\/\",\"url\":\"https:\\\/\\\/lunara.fi\\\/wp-content\\\/uploads\\\/2024\\\/12\\\/logo.jpg\",\"contentUrl\":\"https:\\\/\\\/lunara.fi\\\/wp-content\\\/uploads\\\/2024\\\/12\\\/logo.jpg\",\"width\":513,\"height\":481,\"caption\":\"Lunara\"},\"image\":{\"@id\":\"https:\\\/\\\/lunara.fi\\\/#\\\/schema\\\/logo\\\/image\\\/\"}}]}<\/script>\n<!-- \/ Yoast SEO plugin. -->","yoast_head_json":{"title":"Hoidot - Lunara","robots":{"index":"index","follow":"follow","max-snippet":"max-snippet:-1","max-image-preview":"max-image-preview:large","max-video-preview":"max-video-preview:-1"},"canonical":"https:\/\/lunara.fi\/?page_id=31","og_locale":"fi_FI","og_type":"article","og_title":"Hoidot - Lunara","og_description":"LUNARA HOIDOT \u2013 Hoitavia hetki\u00e4 keholle ja mielelle Lunaran tarjoamat hoidot ovat lempeit\u00e4 kutsuja sis\u00e4iseen tasapainoon ja kokonaisvaltaiseen hyvinvointiin. Jokainen hoito on suunniteltu tukemaan kehosi ja mielesi luonnollista kyky\u00e4 uudistua, vahvistua ja l\u00f6yt\u00e4\u00e4 rauha. Vy\u00f6hyketerapian syv\u00e4llinen kosketus, aromaterapian rentouttava tuoksumaailma ja homeopatian hienovarainen voima muodostavat yhdess\u00e4 harmonisen matkan kohti kokonaisvaltaista hyvinvointia. Vy\u00f6hyketerapia \u2013 Luonnollinen Tie [&hellip;]","og_url":"https:\/\/lunara.fi\/?page_id=31","og_site_name":"Lunara","article_modified_time":"2025-04-05T11:49:52+00:00","og_image":[{"width":1006,"height":309,"url":"https:\/\/lunara.fi\/wp-content\/uploads\/2024\/12\/hoidot-2.jpg","type":"image\/jpeg"}],"twitter_card":"summary_large_image","twitter_misc":{"Arvioitu lukuaika":"4 minuuttia"},"schema":{"@context":"https:\/\/schema.org","@graph":[{"@type":"WebPage","@id":"https:\/\/lunara.fi\/?page_id=31","url":"https:\/\/lunara.fi\/?page_id=31","name":"Hoidot - Lunara","isPartOf":{"@id":"https:\/\/lunara.fi\/#website"},"primaryImageOfPage":{"@id":"https:\/\/lunara.fi\/?page_id=31#primaryimage"},"image":{"@id":"https:\/\/lunara.fi\/?page_id=31#primaryimage"},"thumbnailUrl":"https:\/\/lunara.fi\/wp-content\/uploads\/2024\/12\/hoidot-2.jpg","datePublished":"2024-12-05T17:25:07+00:00","dateModified":"2025-04-05T11:49:52+00:00","breadcrumb":{"@id":"https:\/\/lunara.fi\/?page_id=31#breadcrumb"},"inLanguage":"fi","potentialAction":[{"@type":"ReadAction","target":["https:\/\/lunara.fi\/?page_id=31"]}]},{"@type":"ImageObject","inLanguage":"fi","@id":"https:\/\/lunara.fi\/?page_id=31#primaryimage","url":"https:\/\/lunara.fi\/wp-content\/uploads\/2024\/12\/hoidot-2.jpg","contentUrl":"https:\/\/lunara.fi\/wp-content\/uploads\/2024\/12\/hoidot-2.jpg","width":1006,"height":309},{"@type":"BreadcrumbList","@id":"https:\/\/lunara.fi\/?page_id=31#breadcrumb","itemListElement":[{"@type":"ListItem","position":1,"name":"Etusivu","item":"https:\/\/lunara.fi\/"},{"@type":"ListItem","position":2,"name":"Hoidot"}]},{"@type":"WebSite","@id":"https:\/\/lunara.fi\/#website","url":"https:\/\/lunara.fi\/","name":"Lunara","description":"Tie rauhaan ja tasapainoon","publisher":{"@id":"https:\/\/lunara.fi\/#organization"},"potentialAction":[{"@type":"SearchAction","target":{"@type":"EntryPoint","urlTemplate":"https:\/\/lunara.fi\/?s={search_term_string}"},"query-input":{"@type":"PropertyValueSpecification","valueRequired":true,"valueName":"search_term_string"}}],"inLanguage":"fi"},{"@type":"Organization","@id":"https:\/\/lunara.fi\/#organization","name":"Lunara","url":"https:\/\/lunara.fi\/","logo":{"@type":"ImageObject","inLanguage":"fi","@id":"https:\/\/lunara.fi\/#\/schema\/logo\/image\/","url":"https:\/\/lunara.fi\/wp-content\/uploads\/2024\/12\/logo.jpg","contentUrl":"https:\/\/lunara.fi\/wp-content\/uploads\/2024\/12\/logo.jpg","width":513,"height":481,"caption":"Lunara"},"image":{"@id":"https:\/\/lunara.fi\/#\/schema\/logo\/image\/"}}]}},"_links":{"self":[{"href":"https:\/\/lunara.fi\/index.php?rest_route=\/wp\/v2\/pages\/31","targetHints":{"allow":["GET"]}}],"collection":[{"href":"https:\/\/lunara.fi\/index.php?rest_route=\/wp\/v2\/pages"}],"about":[{"href":"https:\/\/lunara.fi\/index.php?rest_route=\/wp\/v2\/types\/page"}],"author":[{"embeddable":true,"href":"https:\/\/lunara.fi\/index.php?rest_route=\/wp\/v2\/users\/1"}],"replies":[{"embeddable":true,"href":"https:\/\/lunara.fi\/index.php?rest_route=%2Fwp%2Fv2%2Fcomments&post=31"}],"version-history":[{"count":10,"href":"https:\/\/lunara.fi\/index.php?rest_route=\/wp\/v2\/pages\/31\/revisions"}],"predecessor-version":[{"id":304,"href":"https:\/\/lunara.fi\/index.php?rest_route=\/wp\/v2\/pages\/31\/revisions\/304"}],"wp:attachment":[{"href":"https:\/\/lunara.fi\/index.php?rest_route=%2Fwp%2Fv2%2Fmedia&parent=31"}],"curies":[{"name":"wp","href":"https:\/\/api.w.org\/{rel}","templated":true}]}}