{"id":329,"date":"2025-10-07T13:00:18","date_gmt":"2025-10-07T16:00:18","guid":{"rendered":"https:\/\/lunara.fi\/?page_id=329"},"modified":"2025-10-07T13:00:18","modified_gmt":"2025-10-07T16:00:18","slug":"tapahtumat","status":"publish","type":"page","link":"https:\/\/lunara.fi\/?page_id=329","title":{"rendered":"Tapahtumat"},"content":{"rendered":"\n<figure class=\"wp-block-image size-large\"><img loading=\"lazy\" decoding=\"async\" width=\"1024\" height=\"1024\" src=\"https:\/\/lunara.fi\/wp-content\/uploads\/2025\/10\/20251001_193225-COLLAGE-1024x1024.jpg\" alt=\"\" class=\"wp-image-330\" srcset=\"https:\/\/lunara.fi\/wp-content\/uploads\/2025\/10\/20251001_193225-COLLAGE-1024x1024.jpg 1024w, https:\/\/lunara.fi\/wp-content\/uploads\/2025\/10\/20251001_193225-COLLAGE-300x300.jpg 300w, https:\/\/lunara.fi\/wp-content\/uploads\/2025\/10\/20251001_193225-COLLAGE-150x150.jpg 150w, https:\/\/lunara.fi\/wp-content\/uploads\/2025\/10\/20251001_193225-COLLAGE-768x768.jpg 768w, https:\/\/lunara.fi\/wp-content\/uploads\/2025\/10\/20251001_193225-COLLAGE-1536x1536.jpg 1536w, https:\/\/lunara.fi\/wp-content\/uploads\/2025\/10\/20251001_193225-COLLAGE-2048x2048.jpg 2048w\" sizes=\"auto, (max-width: 1024px) 100vw, 1024px\" \/><\/figure>\n\n\n\n<p><strong>LOKAKUU 2025<\/strong><\/p>\n\n\n\n<p>Jos tahdomme el\u00e4\u00e4 luonnon rytmien mukaisesti, kuunnellen kehoamme niin lokakuu on ennen kaikkea lempeyden ja levon aikaa, jolloin meid\u00e4n kannattaa ker\u00e4t\u00e4 voimavaroja tulevaan talven pimeyteen. Ilma viilenee ja luonto tarjoilee meille viimeisen v\u00e4riloistonsa ennen talven lepoa. Lokakuu kutsuukin meit\u00e4 etsim\u00e4\u00e4n v\u00e4ri\u00e4 ja voimaa paitsi ymp\u00e4rilt\u00e4mme, my\u00f6s omista elintavoistamme, ravinnosta, luovuudesta sek\u00e4 ennen kaikkea pienist\u00e4 nautinnollisista hetkist\u00e4. Voimme sallia itsellemme lis\u00e4\u00e4 lepoa ja hiljaisuutta valon m\u00e4\u00e4r\u00e4n v\u00e4hentyess\u00e4 sek\u00e4 suunnata katseemme etenkin kaikkeen, mik\u00e4 voimaannuttaa meit\u00e4 niin sis\u00e4isesti kuin ulkoisestikin, tuoden samalla hyv\u00e4\u00e4 sis\u00e4ist\u00e4 oloa sek\u00e4 lempe\u00e4\u00e4 levollisuutta, rauhaa ja tasapainoa, joka huokuu meist\u00e4 my\u00f6s ymp\u00e4rillemme.<\/p>\n\n\n\n<p>Haluankin kutsua sinut lokakuussa ennen kaikkea voimaantumaan l\u00e4sn\u00e4olon, levollisuuden ja luovuuden kautta:<\/p>\n\n\n\n<p>3-5.10\u00a0ei tapahtumia, koska viet\u00e4mme mieheni kanssa 27 -vuotis h\u00e4\u00e4p\u00e4iv\u00e4\u00e4mme\u00a0<\/p>\n\n\n\n<p>10.10 Maunulassa \u00e4\u00e4nimalja syv\u00e4rentoutus kl 18.30, Mets\u00e4purontie 25. Voit varata aikaa my\u00f6s ihanaan vy\u00f6hyketerapiaan, HCA mittaukseen tai ratkaisukeskeiseen NLP &amp; taideterapia valmennukseen.<\/p>\n\n\n\n<p>11.10 Sinulla on mahdollisuus sukeltaa syv\u00e4rentoutukseen, joka saattaa kehosi, mielesi ja sielusi harmoniaan. Samalla kerralla pieni koiranpentu tulee tarjoamaan ainutlaatuista l\u00e4sn\u00e4olon ja kosketuksen tuomaa hellyytt\u00e4, jota vain pienet koiranpennut voivat kantaa mukanaan. T\u00e4m\u00e4 lauantai tarjoaa rentoutumista sek\u00e4 hyv\u00e4n mielen hormonien ihanan cocktailin, josta on hyv\u00e4 jatkaa viikonlopun viettoa kevein ja tyynin askelin.<\/p>\n\n\n\n<p>17.10 Tapanilan kyl\u00e4tilalla starttaa ihana vauvojen v\u00e4rikylpy sy\u00f6t\u00e4vill\u00e4 v\u00e4reill\u00e4 kl 15- 16. Syv\u00e4rentoutus ilta hermostoa rauhoittavalla hengityksell\u00e4 ja \u00e4\u00e4nimaljoilla kl 17 ja 18.30<\/p>\n\n\n\n<p>18.10 Kutsun sinut hiljaisuuden iltaan, jossa luomme luonnonmukaisen myrkytt\u00f6m\u00e4n kynttil\u00e4n ja samalla opit, miten voit k\u00e4ytt\u00e4\u00e4 t\u00e4t\u00e4 kynttil\u00e4\u00e4 unelmiesi saavuttamiseen. Tutustuttavana&nbsp; my\u00f6s ihanat aidot propolisuutteet todelliset superfoodiit suoraan tuottajalta. Tiesitk\u00f6, ett\u00e4 mehil\u00e4iset valmistavat propolista hoitaakseen ja parantaakseen toisiaan? T\u00e4m\u00e4 ihmetuote tukee my\u00f6s meid\u00e4n hyvinvointiamme monella tasolla. Ilta p\u00e4\u00e4ttyy kehon tyynytt\u00e4v\u00e4\u00e4n sek\u00e4 mielen hiljent\u00e4v\u00e4\u00e4n syv\u00e4rentoutukseen, joka tuo levollisuuden niin kehoon,mieleen kuin sieluunkin.<\/p>\n\n\n\n<p>25.10 El\u00e4m\u00e4nkaari luova maalaus, Astrologian viisaus &amp; \u00e4\u00e4nimaljojen lempeys&nbsp;<\/p>\n\n\n\n<p>Onko el\u00e4m\u00e4mme kirjoitettu t\u00e4htiin?<\/p>\n\n\n\n<p>Astrologia ei ole ennustamista&nbsp; vaan kaunis ty\u00f6kalu, joka auttaa ymm\u00e4rt\u00e4m\u00e4\u00e4n el\u00e4m\u00e4\u00e4, omia vahvuuksia ja kasvunpaikkoja. Se muistuttaa meit\u00e4 siit\u00e4, ett\u00e4 oma polku on juuri se oikea, eik\u00e4 toisten matkaa voi kopioida ilman turhaa kivikkoa. Tule kurkistamaan omalle kartallesi sek\u00e4 kokemaan el\u00e4m\u00e4nkaari luovan maalauksen eheytt\u00e4v\u00e4 ja uudistava voima. Illan p\u00e4\u00e4tteeksi p\u00e4\u00e4set syv\u00e4 rentoutumaan \u00e4\u00e4niaaltojen sielua, kehoa ja mielt\u00e4 harmonisoivaan voimaan. Kokonaisvaltainen hyv\u00e4nolon ilta oman el\u00e4m\u00e4n \u00e4\u00e4rell\u00e4<\/p>\n\n\n\n<p>31.10 Maunulassa kl 18.30 syv\u00e4rentoutusryhm\u00e4 sek\u00e4 aikoja hoitoihin koko p\u00e4iv\u00e4n.<\/p>\n\n\n\n<p>Lis\u00e4ksi voit varata aikoja lempeisiin yksil\u00f6 hoitoihin ja valmennuksiin Klaukkalaan tai Maunulaan. Teen my\u00f6s kotik\u00e4yntej\u00e4. Jos sinulla on suunnitteilla juhlia tai muita ikimuistoisia hetki\u00e4 yst\u00e4viesi kanssa voit rikastuttaa niit\u00e4 lempe\u00e4ll\u00e4 hyvinvointi hetkell\u00e4, jonka r\u00e4\u00e4t\u00e4l\u00f6imme juuri teid\u00e4n tarpeiden pohjalta sek\u00e4 teid\u00e4n n\u00e4k\u00f6iseksi hetkeksi.&nbsp;<\/p>\n\n\n\n<p>Aikoinaan toimiessani koulutussuunnittelijana Elisa Communicationsilla vastasin mm. Henkil\u00f6st\u00f6n ty\u00f6hyvinvoinnista ja sen yll\u00e4pit\u00e4misest\u00e4, suunnittelin sek\u00e4 toteutin mm. TYKY p\u00e4ivi\u00e4 eli jos ty\u00f6yhteis\u00f6ss\u00e4si kaivattaisiin TYKY p\u00e4iviin r\u00e4\u00e4t\u00e4l\u00f6ity\u00e4 hyvinvointi ohjelmaa esimerkiksi hyvin pidetyn luovan maalauksen parissa tai syv\u00e4rentoutus hetki\u00e4 niin ota yhteytt\u00e4.<\/p>\n\n\n\n<p>L\u00e4mpim\u00e4sti tervetuloa mukaan nauttimaan lokakuun lempeist\u00e4 hetkist\u00e4&nbsp;<img decoding=\"async\" alt=\"\ud83d\udc9b\" src=\"https:\/\/fonts.gstatic.com\/s\/e\/notoemoji\/16.0\/1f49b\/72.png\"><img decoding=\"async\" alt=\"\ud83d\udc1d\" src=\"https:\/\/fonts.gstatic.com\/s\/e\/notoemoji\/16.0\/1f41d\/72.png\"><img decoding=\"async\" alt=\"\ud83d\udc3e\" src=\"https:\/\/fonts.gstatic.com\/s\/e\/notoemoji\/16.0\/1f43e\/72.png\"><\/p>\n\n\n\n<p>Mit\u00e4 parhainta lokakuuta juurikin sinulle toivoen,<\/p>\n\n\n\n<p>Satu<\/p>\n\n\n\n<p>P.S HCA- mittaus, joka kertoo kehosi tilan sek\u00e4 ravintosi yksil\u00f6lliset avaimet sinun hyvinvointiisi lokakuussa VAIN 57e ( norm. 80e)<\/p>\n\n\n\n<p>#luovamaalaus<\/p>\n\n\n\n<p>#syv\u00e4rentoutus<\/p>\n\n\n\n<p>#hyvinvointi<\/p>\n\n\n\n<p>#NLPvalmennus<\/p>\n\n\n\n<p>#TYKYp\u00e4iv\u00e4ohjelma<\/p>\n\n\n\n<p>#luontaishoidot<\/p>\n\n\n\n<p>#lunara<\/p>\n","protected":false},"excerpt":{"rendered":"<p>LOKAKUU 2025 Jos tahdomme el\u00e4\u00e4 luonnon rytmien mukaisesti, kuunnellen kehoamme niin lokakuu on ennen kaikkea lempeyden ja levon aikaa, jolloin meid\u00e4n kannattaa ker\u00e4t\u00e4 voimavaroja tulevaan talven pimeyteen. Ilma viilenee ja luonto tarjoilee meille viimeisen v\u00e4riloistonsa ennen talven lepoa. Lokakuu kutsuukin meit\u00e4 etsim\u00e4\u00e4n v\u00e4ri\u00e4 ja voimaa paitsi ymp\u00e4rilt\u00e4mme, my\u00f6s omista elintavoistamme, ravinnosta, luovuudesta sek\u00e4 ennen kaikkea [&hellip;]<\/p>\n","protected":false},"author":1,"featured_media":0,"parent":0,"menu_order":0,"comment_status":"closed","ping_status":"closed","template":"","meta":{"footnotes":""},"class_list":["post-329","page","type-page","status-publish","hentry"],"yoast_head":"<!-- This site is optimized with the Yoast SEO plugin v27.4 - https:\/\/yoast.com\/product\/yoast-seo-wordpress\/ -->\n<title>Tapahtumat - Lunara<\/title>\n<meta name=\"robots\" content=\"index, follow, max-snippet:-1, max-image-preview:large, max-video-preview:-1\" \/>\n<link rel=\"canonical\" href=\"https:\/\/lunara.fi\/?page_id=329\" \/>\n<meta property=\"og:locale\" content=\"fi_FI\" \/>\n<meta property=\"og:type\" content=\"article\" \/>\n<meta property=\"og:title\" content=\"Tapahtumat - Lunara\" \/>\n<meta property=\"og:description\" content=\"LOKAKUU 2025 Jos tahdomme el\u00e4\u00e4 luonnon rytmien mukaisesti, kuunnellen kehoamme niin lokakuu on ennen kaikkea lempeyden ja levon aikaa, jolloin meid\u00e4n kannattaa ker\u00e4t\u00e4 voimavaroja tulevaan talven pimeyteen. Ilma viilenee ja luonto tarjoilee meille viimeisen v\u00e4riloistonsa ennen talven lepoa. Lokakuu kutsuukin meit\u00e4 etsim\u00e4\u00e4n v\u00e4ri\u00e4 ja voimaa paitsi ymp\u00e4rilt\u00e4mme, my\u00f6s omista elintavoistamme, ravinnosta, luovuudesta sek\u00e4 ennen kaikkea [&hellip;]\" \/>\n<meta property=\"og:url\" content=\"https:\/\/lunara.fi\/?page_id=329\" \/>\n<meta property=\"og:site_name\" content=\"Lunara\" \/>\n<meta property=\"og:image\" content=\"https:\/\/lunara.fi\/wp-content\/uploads\/2025\/10\/20251001_193225-COLLAGE-scaled.jpg\" \/>\n\t<meta property=\"og:image:width\" content=\"2560\" \/>\n\t<meta property=\"og:image:height\" content=\"2560\" \/>\n\t<meta property=\"og:image:type\" content=\"image\/jpeg\" \/>\n<meta name=\"twitter:card\" content=\"summary_large_image\" \/>\n<meta name=\"twitter:label1\" content=\"Arvioitu lukuaika\" \/>\n\t<meta name=\"twitter:data1\" content=\"4 minuuttia\" \/>\n<script type=\"application\/ld+json\" class=\"yoast-schema-graph\">{\"@context\":\"https:\\\/\\\/schema.org\",\"@graph\":[{\"@type\":\"WebPage\",\"@id\":\"https:\\\/\\\/lunara.fi\\\/?page_id=329\",\"url\":\"https:\\\/\\\/lunara.fi\\\/?page_id=329\",\"name\":\"Tapahtumat - Lunara\",\"isPartOf\":{\"@id\":\"https:\\\/\\\/lunara.fi\\\/#website\"},\"primaryImageOfPage\":{\"@id\":\"https:\\\/\\\/lunara.fi\\\/?page_id=329#primaryimage\"},\"image\":{\"@id\":\"https:\\\/\\\/lunara.fi\\\/?page_id=329#primaryimage\"},\"thumbnailUrl\":\"https:\\\/\\\/lunara.fi\\\/wp-content\\\/uploads\\\/2025\\\/10\\\/20251001_193225-COLLAGE-1024x1024.jpg\",\"datePublished\":\"2025-10-07T16:00:18+00:00\",\"breadcrumb\":{\"@id\":\"https:\\\/\\\/lunara.fi\\\/?page_id=329#breadcrumb\"},\"inLanguage\":\"fi\",\"potentialAction\":[{\"@type\":\"ReadAction\",\"target\":[\"https:\\\/\\\/lunara.fi\\\/?page_id=329\"]}]},{\"@type\":\"ImageObject\",\"inLanguage\":\"fi\",\"@id\":\"https:\\\/\\\/lunara.fi\\\/?page_id=329#primaryimage\",\"url\":\"https:\\\/\\\/lunara.fi\\\/wp-content\\\/uploads\\\/2025\\\/10\\\/20251001_193225-COLLAGE-scaled.jpg\",\"contentUrl\":\"https:\\\/\\\/lunara.fi\\\/wp-content\\\/uploads\\\/2025\\\/10\\\/20251001_193225-COLLAGE-scaled.jpg\",\"width\":2560,\"height\":2560},{\"@type\":\"BreadcrumbList\",\"@id\":\"https:\\\/\\\/lunara.fi\\\/?page_id=329#breadcrumb\",\"itemListElement\":[{\"@type\":\"ListItem\",\"position\":1,\"name\":\"Etusivu\",\"item\":\"https:\\\/\\\/lunara.fi\\\/\"},{\"@type\":\"ListItem\",\"position\":2,\"name\":\"Tapahtumat\"}]},{\"@type\":\"WebSite\",\"@id\":\"https:\\\/\\\/lunara.fi\\\/#website\",\"url\":\"https:\\\/\\\/lunara.fi\\\/\",\"name\":\"Lunara\",\"description\":\"Tie rauhaan ja tasapainoon\",\"publisher\":{\"@id\":\"https:\\\/\\\/lunara.fi\\\/#organization\"},\"potentialAction\":[{\"@type\":\"SearchAction\",\"target\":{\"@type\":\"EntryPoint\",\"urlTemplate\":\"https:\\\/\\\/lunara.fi\\\/?s={search_term_string}\"},\"query-input\":{\"@type\":\"PropertyValueSpecification\",\"valueRequired\":true,\"valueName\":\"search_term_string\"}}],\"inLanguage\":\"fi\"},{\"@type\":\"Organization\",\"@id\":\"https:\\\/\\\/lunara.fi\\\/#organization\",\"name\":\"Lunara\",\"url\":\"https:\\\/\\\/lunara.fi\\\/\",\"logo\":{\"@type\":\"ImageObject\",\"inLanguage\":\"fi\",\"@id\":\"https:\\\/\\\/lunara.fi\\\/#\\\/schema\\\/logo\\\/image\\\/\",\"url\":\"https:\\\/\\\/lunara.fi\\\/wp-content\\\/uploads\\\/2024\\\/12\\\/logo.jpg\",\"contentUrl\":\"https:\\\/\\\/lunara.fi\\\/wp-content\\\/uploads\\\/2024\\\/12\\\/logo.jpg\",\"width\":513,\"height\":481,\"caption\":\"Lunara\"},\"image\":{\"@id\":\"https:\\\/\\\/lunara.fi\\\/#\\\/schema\\\/logo\\\/image\\\/\"}}]}<\/script>\n<!-- \/ Yoast SEO plugin. -->","yoast_head_json":{"title":"Tapahtumat - Lunara","robots":{"index":"index","follow":"follow","max-snippet":"max-snippet:-1","max-image-preview":"max-image-preview:large","max-video-preview":"max-video-preview:-1"},"canonical":"https:\/\/lunara.fi\/?page_id=329","og_locale":"fi_FI","og_type":"article","og_title":"Tapahtumat - Lunara","og_description":"LOKAKUU 2025 Jos tahdomme el\u00e4\u00e4 luonnon rytmien mukaisesti, kuunnellen kehoamme niin lokakuu on ennen kaikkea lempeyden ja levon aikaa, jolloin meid\u00e4n kannattaa ker\u00e4t\u00e4 voimavaroja tulevaan talven pimeyteen. Ilma viilenee ja luonto tarjoilee meille viimeisen v\u00e4riloistonsa ennen talven lepoa. Lokakuu kutsuukin meit\u00e4 etsim\u00e4\u00e4n v\u00e4ri\u00e4 ja voimaa paitsi ymp\u00e4rilt\u00e4mme, my\u00f6s omista elintavoistamme, ravinnosta, luovuudesta sek\u00e4 ennen kaikkea [&hellip;]","og_url":"https:\/\/lunara.fi\/?page_id=329","og_site_name":"Lunara","og_image":[{"width":2560,"height":2560,"url":"https:\/\/lunara.fi\/wp-content\/uploads\/2025\/10\/20251001_193225-COLLAGE-scaled.jpg","type":"image\/jpeg"}],"twitter_card":"summary_large_image","twitter_misc":{"Arvioitu lukuaika":"4 minuuttia"},"schema":{"@context":"https:\/\/schema.org","@graph":[{"@type":"WebPage","@id":"https:\/\/lunara.fi\/?page_id=329","url":"https:\/\/lunara.fi\/?page_id=329","name":"Tapahtumat - Lunara","isPartOf":{"@id":"https:\/\/lunara.fi\/#website"},"primaryImageOfPage":{"@id":"https:\/\/lunara.fi\/?page_id=329#primaryimage"},"image":{"@id":"https:\/\/lunara.fi\/?page_id=329#primaryimage"},"thumbnailUrl":"https:\/\/lunara.fi\/wp-content\/uploads\/2025\/10\/20251001_193225-COLLAGE-1024x1024.jpg","datePublished":"2025-10-07T16:00:18+00:00","breadcrumb":{"@id":"https:\/\/lunara.fi\/?page_id=329#breadcrumb"},"inLanguage":"fi","potentialAction":[{"@type":"ReadAction","target":["https:\/\/lunara.fi\/?page_id=329"]}]},{"@type":"ImageObject","inLanguage":"fi","@id":"https:\/\/lunara.fi\/?page_id=329#primaryimage","url":"https:\/\/lunara.fi\/wp-content\/uploads\/2025\/10\/20251001_193225-COLLAGE-scaled.jpg","contentUrl":"https:\/\/lunara.fi\/wp-content\/uploads\/2025\/10\/20251001_193225-COLLAGE-scaled.jpg","width":2560,"height":2560},{"@type":"BreadcrumbList","@id":"https:\/\/lunara.fi\/?page_id=329#breadcrumb","itemListElement":[{"@type":"ListItem","position":1,"name":"Etusivu","item":"https:\/\/lunara.fi\/"},{"@type":"ListItem","position":2,"name":"Tapahtumat"}]},{"@type":"WebSite","@id":"https:\/\/lunara.fi\/#website","url":"https:\/\/lunara.fi\/","name":"Lunara","description":"Tie rauhaan ja tasapainoon","publisher":{"@id":"https:\/\/lunara.fi\/#organization"},"potentialAction":[{"@type":"SearchAction","target":{"@type":"EntryPoint","urlTemplate":"https:\/\/lunara.fi\/?s={search_term_string}"},"query-input":{"@type":"PropertyValueSpecification","valueRequired":true,"valueName":"search_term_string"}}],"inLanguage":"fi"},{"@type":"Organization","@id":"https:\/\/lunara.fi\/#organization","name":"Lunara","url":"https:\/\/lunara.fi\/","logo":{"@type":"ImageObject","inLanguage":"fi","@id":"https:\/\/lunara.fi\/#\/schema\/logo\/image\/","url":"https:\/\/lunara.fi\/wp-content\/uploads\/2024\/12\/logo.jpg","contentUrl":"https:\/\/lunara.fi\/wp-content\/uploads\/2024\/12\/logo.jpg","width":513,"height":481,"caption":"Lunara"},"image":{"@id":"https:\/\/lunara.fi\/#\/schema\/logo\/image\/"}}]}},"_links":{"self":[{"href":"https:\/\/lunara.fi\/index.php?rest_route=\/wp\/v2\/pages\/329","targetHints":{"allow":["GET"]}}],"collection":[{"href":"https:\/\/lunara.fi\/index.php?rest_route=\/wp\/v2\/pages"}],"about":[{"href":"https:\/\/lunara.fi\/index.php?rest_route=\/wp\/v2\/types\/page"}],"author":[{"embeddable":true,"href":"https:\/\/lunara.fi\/index.php?rest_route=\/wp\/v2\/users\/1"}],"replies":[{"embeddable":true,"href":"https:\/\/lunara.fi\/index.php?rest_route=%2Fwp%2Fv2%2Fcomments&post=329"}],"version-history":[{"count":1,"href":"https:\/\/lunara.fi\/index.php?rest_route=\/wp\/v2\/pages\/329\/revisions"}],"predecessor-version":[{"id":331,"href":"https:\/\/lunara.fi\/index.php?rest_route=\/wp\/v2\/pages\/329\/revisions\/331"}],"wp:attachment":[{"href":"https:\/\/lunara.fi\/index.php?rest_route=%2Fwp%2Fv2%2Fmedia&parent=329"}],"curies":[{"name":"wp","href":"https:\/\/api.w.org\/{rel}","templated":true}]}}