{"id":340,"date":"2025-10-07T13:25:51","date_gmt":"2025-10-07T16:25:51","guid":{"rendered":"https:\/\/lunara.fi\/?page_id=340"},"modified":"2025-10-07T13:25:52","modified_gmt":"2025-10-07T16:25:52","slug":"elamankaari-luovan-maalauksen-tyopajan-tunnelmia-kulttuurikeskus-sofiasta-4-9-ja-11-9-2025","status":"publish","type":"page","link":"https:\/\/lunara.fi\/?page_id=340","title":{"rendered":"El\u00e4m\u00e4nkaari luovan maalauksen ty\u00f6pajan tunnelmia kulttuurikeskus Sofiasta 4.9 ja 11.9.2025"},"content":{"rendered":"\n<p>Eilen matkasin Helsinkiin, Kallahden niemelle meren \u00e4\u00e4relle. Sen siimeksess\u00e4, vehre\u00e4n luonnon ja lempe\u00e4n tuulen keskell\u00e4, sijaitsee kulttuurikeskus Sofia. Se oli paikka, joka syk\u00e4hdytti heti minua. Sofia ei ole vain kaunis rakennus vaan my\u00f6s er\u00e4\u00e4nlainen sielun satama, paikka, jossa el\u00e4m\u00e4 asettuu hetken kohdalleen ja saa uudenlaisen merkityksen.<\/p>\n\n\n\n<p>Juuri n\u00e4iss\u00e4 hetkiss\u00e4, joissa hiljaisuus, taide, kohtaamiset ja merituuli kietoutuvat yhteen&nbsp; voi joskus l\u00f6yt\u00e4\u00e4 sen, mit\u00e4 itse kutsun el\u00e4m\u00e4n punaiseksi langaksi. Sen, ett\u00e4 el\u00e4m\u00e4 on ainutlaatuinen ja arvokas lahja ja ett\u00e4 sen suurin rikkaus on juuri siin\u00e4.&nbsp; El\u00e4m\u00e4ss\u00e4mme saamme jokainen olla osallisia monenlaisista tunteissa, kokemuksissa sek\u00e4 jaetussa inhimillisyydess\u00e4. Ne tekev\u00e4t el\u00e4m\u00e4st\u00e4 matkan, seikkailun ja saavat sen maistumaan el\u00e4m\u00e4lt\u00e4. Ne auttavat meit\u00e4 my\u00f6s ymm\u00e4rt\u00e4m\u00e4\u00e4n itse\u00e4mme, toisiamme ja lopulta my\u00f6s rakkautta.<\/p>\n\n\n\n<p>Olen itse saanut kohdata el\u00e4m\u00e4ss\u00e4ni monia vaikeuksia. Ja juuri niin\u00e4 hetkin\u00e4, kun myrsky on ollut voimakkain, on ollut lohduttavaa huomata, ett\u00e4 vierell\u00e4 kulkevat ihmiset, ne, jotka kuuntelevat, ymm\u00e4rt\u00e4v\u00e4t ja tukevat&nbsp; ovat kuin turvaverkko, joka pit\u00e4\u00e4 pinnalla silloinkin, kun kaikki tuntuu kaatuvan. Vertaistuki ja tukeva hiljainen vierell\u00e4kulkijuus ovat usein vaikeuksien keskell\u00e4 kultaakin kalliimpaa.<\/p>\n\n\n\n<p>Meill\u00e4 kaikilla on taipumus j\u00e4\u00e4d\u00e4 tuijottamaan omia haasteitamme, kun ne kasautuvat. Silloin ne saattavat alkaa tuntua ylitsep\u00e4\u00e4sem\u00e4tt\u00f6milt\u00e4. Niin usein ja helposti sorrumme my\u00f6s vertaamaan el\u00e4m\u00e4\u00e4mme muiden el\u00e4m\u00e4\u00e4n,&nbsp; kuvittelemme, ett\u00e4 toisilla on helpompaa, parempaa, kauniimpaa. Mutta kun pys\u00e4hdymme ja avaamme syd\u00e4memme merkitykselliselle keskustelulle toisten kanssa, huomaamme, ett\u00e4 jokaisella meist\u00e4 on omat ilonsa ja surunsa. Se on el\u00e4m\u00e4n luonto.<\/p>\n\n\n\n<p>Mieleeni nouseekin vanha tarina miehest\u00e4, joka kulki ovelta ovelle ja kysyi ihmisilt\u00e4: &#8221;Onko teill\u00e4 ollut ep\u00e4onnea?&#8221; Kaikkialla h\u00e4n sai vastaukseksi, ett\u00e4 kyll\u00e4, on ollut. Tarinan opetus on t\u00e4m\u00e4, ett\u00e4 kaikilla on omat kipunsa. Siksi ei ole syyt\u00e4 koskaan kadehtia toista sill\u00e4 emmeh\u00e4n kuitenkaan olisi valmiita vaihtamaan omaa el\u00e4m\u00e4\u00e4mme kokonaan toisen kanssa. N\u00e4emme helposti vain pintakiillon, mutta emme tunne toisen taisteluita.<\/p>\n\n\n\n<p>Oli valtavan koskettavaa eilen saada olla osa pient\u00e4 hetke\u00e4 Sofiassa taidetuokiota. Vaikka aika oli pieni ja rajallinen niin silti onnistuimme luomaan syv\u00e4\u00e4 sek\u00e4 merkityksellist\u00e4 kohtaamista ihmisten v\u00e4lille sek\u00e4 luotua yhteist\u00e4 ymm\u00e4rryst\u00e4. N\u00e4iden ik\u00e4ihmisten yhteinen oivallus el\u00e4m\u00e4st\u00e4 tiivistyi siihen, ett\u00e4 pitk\u00e4 el\u00e4m\u00e4 tuntui yht\u00e4 aikaa kaoottiselta ja kauniilta. Ja juuri sellaisena se on hyv\u00e4. Siin\u00e4 on jotain, mit\u00e4 voi rakastaa.<\/p>\n\n\n\n<p>Minua liikutti erityisesti Diakoniaty\u00f6ntekij\u00e4 Elina Palen ty\u00f6 ja se tapa, jolla h\u00e4n tekee ty\u00f6t\u00e4\u00e4n&nbsp; suuresta kutsumuksesta, rakkaudesta k\u00e4sin. Kun motiivimme on rakkaus, se n\u00e4kyy ja se levi\u00e4\u00e4. Se tuo hyv\u00e4\u00e4 monien el\u00e4m\u00e4\u00e4n. Kiitos&nbsp; Elina Pale , ett\u00e4 sain olla osa t\u00e4t\u00e4 p\u00e4iv\u00e4\u00e4. Sain mukanani kotiin jotakin, mik\u00e4 j\u00e4\u00e4 eli iloa, rauhaa ja syv\u00e4\u00e4 merkityksellisyytt\u00e4.<\/p>\n\n\n\n<p>Toivon sinulle lukijani, t\u00e4n\u00e4\u00e4n pieni\u00e4 rakkauden tekoja&nbsp; niit\u00e4 hetki\u00e4, joissa syd\u00e4n syk\u00e4ht\u00e4\u00e4 ja el\u00e4m\u00e4 saa uuden s\u00e4vyn.<\/p>\n\n\n\n<p>Pys\u00e4hdyt\u00e4\u00e4n, vaikka vain hetkeksi jakamaan ja kuulemaan el\u00e4m\u00e4n tarinoita. Koska joskus ne hetket, joita ei osannut odottaa, j\u00e4\u00e4v\u00e4t syd\u00e4meen kaikkein kirkkaimpina.<\/p>\n\n\n\n<p>Auringon paistetta ja l\u00e4mp\u00f6\u00e4 p\u00e4iv\u00e4\u00e4si sek\u00e4 ihanaa ja rentouttavaa viikonloppun alkua juurikin sinulle!<\/p>\n\n\n\n<p>(Kuvissa iloksesi eilisen ryhm\u00e4n el\u00e4m\u00e4n merkityksellisi\u00e4 hetki\u00e4 ja tarinoita)<\/p>\n\n\n\n<figure class=\"wp-block-image size-large is-resized\"><img loading=\"lazy\" decoding=\"async\" width=\"768\" height=\"1024\" src=\"https:\/\/lunara.fi\/wp-content\/uploads\/2025\/10\/20250904_150230-768x1024.jpg\" alt=\"\" class=\"wp-image-341\" style=\"width:425px;height:auto\" srcset=\"https:\/\/lunara.fi\/wp-content\/uploads\/2025\/10\/20250904_150230-768x1024.jpg 768w, https:\/\/lunara.fi\/wp-content\/uploads\/2025\/10\/20250904_150230-225x300.jpg 225w, https:\/\/lunara.fi\/wp-content\/uploads\/2025\/10\/20250904_150230-1152x1536.jpg 1152w, https:\/\/lunara.fi\/wp-content\/uploads\/2025\/10\/20250904_150230-1536x2048.jpg 1536w, https:\/\/lunara.fi\/wp-content\/uploads\/2025\/10\/20250904_150230-scaled.jpg 1920w\" sizes=\"auto, (max-width: 768px) 100vw, 768px\" \/><\/figure>\n\n\n\n<figure class=\"wp-block-image size-large is-resized\"><img loading=\"lazy\" decoding=\"async\" width=\"1024\" height=\"577\" src=\"https:\/\/lunara.fi\/wp-content\/uploads\/2025\/10\/20250904_150915-1024x577.jpg\" alt=\"\" class=\"wp-image-342\" style=\"width:426px;height:auto\" srcset=\"https:\/\/lunara.fi\/wp-content\/uploads\/2025\/10\/20250904_150915-1024x577.jpg 1024w, https:\/\/lunara.fi\/wp-content\/uploads\/2025\/10\/20250904_150915-300x169.jpg 300w, https:\/\/lunara.fi\/wp-content\/uploads\/2025\/10\/20250904_150915-768x432.jpg 768w, https:\/\/lunara.fi\/wp-content\/uploads\/2025\/10\/20250904_150915-1536x865.jpg 1536w, https:\/\/lunara.fi\/wp-content\/uploads\/2025\/10\/20250904_150915-2048x1153.jpg 2048w\" sizes=\"auto, (max-width: 1024px) 100vw, 1024px\" \/><\/figure>\n\n\n\n<figure class=\"wp-block-image size-large is-resized\"><img loading=\"lazy\" decoding=\"async\" width=\"1024\" height=\"577\" src=\"https:\/\/lunara.fi\/wp-content\/uploads\/2025\/10\/20250904_150918-1024x577.jpg\" alt=\"\" class=\"wp-image-343\" style=\"width:428px;height:auto\" srcset=\"https:\/\/lunara.fi\/wp-content\/uploads\/2025\/10\/20250904_150918-1024x577.jpg 1024w, https:\/\/lunara.fi\/wp-content\/uploads\/2025\/10\/20250904_150918-300x169.jpg 300w, https:\/\/lunara.fi\/wp-content\/uploads\/2025\/10\/20250904_150918-768x432.jpg 768w, https:\/\/lunara.fi\/wp-content\/uploads\/2025\/10\/20250904_150918-1536x865.jpg 1536w, https:\/\/lunara.fi\/wp-content\/uploads\/2025\/10\/20250904_150918-2048x1153.jpg 2048w\" sizes=\"auto, (max-width: 1024px) 100vw, 1024px\" \/><\/figure>\n\n\n\n<figure class=\"wp-block-image size-large is-resized\"><img loading=\"lazy\" decoding=\"async\" width=\"1024\" height=\"577\" src=\"https:\/\/lunara.fi\/wp-content\/uploads\/2025\/10\/20250904_150922-1024x577.jpg\" alt=\"\" class=\"wp-image-344\" style=\"width:424px;height:auto\" srcset=\"https:\/\/lunara.fi\/wp-content\/uploads\/2025\/10\/20250904_150922-1024x577.jpg 1024w, https:\/\/lunara.fi\/wp-content\/uploads\/2025\/10\/20250904_150922-300x169.jpg 300w, https:\/\/lunara.fi\/wp-content\/uploads\/2025\/10\/20250904_150922-768x432.jpg 768w, https:\/\/lunara.fi\/wp-content\/uploads\/2025\/10\/20250904_150922-1536x865.jpg 1536w, https:\/\/lunara.fi\/wp-content\/uploads\/2025\/10\/20250904_150922-2048x1153.jpg 2048w\" sizes=\"auto, (max-width: 1024px) 100vw, 1024px\" \/><\/figure>\n","protected":false},"excerpt":{"rendered":"<p>Eilen matkasin Helsinkiin, Kallahden niemelle meren \u00e4\u00e4relle. Sen siimeksess\u00e4, vehre\u00e4n luonnon ja lempe\u00e4n tuulen keskell\u00e4, sijaitsee kulttuurikeskus Sofia. Se oli paikka, joka syk\u00e4hdytti heti minua. Sofia ei ole vain kaunis rakennus vaan my\u00f6s er\u00e4\u00e4nlainen sielun satama, paikka, jossa el\u00e4m\u00e4 asettuu hetken kohdalleen ja saa uudenlaisen merkityksen. Juuri n\u00e4iss\u00e4 hetkiss\u00e4, joissa hiljaisuus, taide, kohtaamiset ja merituuli [&hellip;]<\/p>\n","protected":false},"author":1,"featured_media":0,"parent":0,"menu_order":0,"comment_status":"closed","ping_status":"closed","template":"","meta":{"footnotes":""},"class_list":["post-340","page","type-page","status-publish","hentry"],"yoast_head":"<!-- This site is optimized with the Yoast SEO plugin v27.4 - https:\/\/yoast.com\/product\/yoast-seo-wordpress\/ -->\n<title>El\u00e4m\u00e4nkaari luovan maalauksen ty\u00f6pajan tunnelmia kulttuurikeskus Sofiasta 4.9 ja 11.9.2025 - Lunara<\/title>\n<meta name=\"robots\" content=\"index, follow, max-snippet:-1, max-image-preview:large, max-video-preview:-1\" \/>\n<link rel=\"canonical\" href=\"https:\/\/lunara.fi\/?page_id=340\" \/>\n<meta property=\"og:locale\" content=\"fi_FI\" \/>\n<meta property=\"og:type\" content=\"article\" \/>\n<meta property=\"og:title\" content=\"El\u00e4m\u00e4nkaari luovan maalauksen ty\u00f6pajan tunnelmia kulttuurikeskus Sofiasta 4.9 ja 11.9.2025 - Lunara\" \/>\n<meta property=\"og:description\" content=\"Eilen matkasin Helsinkiin, Kallahden niemelle meren \u00e4\u00e4relle. Sen siimeksess\u00e4, vehre\u00e4n luonnon ja lempe\u00e4n tuulen keskell\u00e4, sijaitsee kulttuurikeskus Sofia. Se oli paikka, joka syk\u00e4hdytti heti minua. Sofia ei ole vain kaunis rakennus vaan my\u00f6s er\u00e4\u00e4nlainen sielun satama, paikka, jossa el\u00e4m\u00e4 asettuu hetken kohdalleen ja saa uudenlaisen merkityksen. Juuri n\u00e4iss\u00e4 hetkiss\u00e4, joissa hiljaisuus, taide, kohtaamiset ja merituuli [&hellip;]\" \/>\n<meta property=\"og:url\" content=\"https:\/\/lunara.fi\/?page_id=340\" \/>\n<meta property=\"og:site_name\" content=\"Lunara\" \/>\n<meta property=\"article:modified_time\" content=\"2025-10-07T16:25:52+00:00\" \/>\n<meta property=\"og:image\" content=\"https:\/\/lunara.fi\/wp-content\/uploads\/2025\/10\/20250904_150230-scaled.jpg\" \/>\n\t<meta property=\"og:image:width\" content=\"1920\" \/>\n\t<meta property=\"og:image:height\" content=\"2560\" \/>\n\t<meta property=\"og:image:type\" content=\"image\/jpeg\" \/>\n<meta name=\"twitter:card\" content=\"summary_large_image\" \/>\n<meta name=\"twitter:label1\" content=\"Arvioitu lukuaika\" \/>\n\t<meta name=\"twitter:data1\" content=\"4 minuuttia\" \/>\n<script type=\"application\/ld+json\" class=\"yoast-schema-graph\">{\"@context\":\"https:\\\/\\\/schema.org\",\"@graph\":[{\"@type\":\"WebPage\",\"@id\":\"https:\\\/\\\/lunara.fi\\\/?page_id=340\",\"url\":\"https:\\\/\\\/lunara.fi\\\/?page_id=340\",\"name\":\"El\u00e4m\u00e4nkaari luovan maalauksen ty\u00f6pajan tunnelmia kulttuurikeskus Sofiasta 4.9 ja 11.9.2025 - Lunara\",\"isPartOf\":{\"@id\":\"https:\\\/\\\/lunara.fi\\\/#website\"},\"primaryImageOfPage\":{\"@id\":\"https:\\\/\\\/lunara.fi\\\/?page_id=340#primaryimage\"},\"image\":{\"@id\":\"https:\\\/\\\/lunara.fi\\\/?page_id=340#primaryimage\"},\"thumbnailUrl\":\"https:\\\/\\\/lunara.fi\\\/wp-content\\\/uploads\\\/2025\\\/10\\\/20250904_150230-768x1024.jpg\",\"datePublished\":\"2025-10-07T16:25:51+00:00\",\"dateModified\":\"2025-10-07T16:25:52+00:00\",\"breadcrumb\":{\"@id\":\"https:\\\/\\\/lunara.fi\\\/?page_id=340#breadcrumb\"},\"inLanguage\":\"fi\",\"potentialAction\":[{\"@type\":\"ReadAction\",\"target\":[\"https:\\\/\\\/lunara.fi\\\/?page_id=340\"]}]},{\"@type\":\"ImageObject\",\"inLanguage\":\"fi\",\"@id\":\"https:\\\/\\\/lunara.fi\\\/?page_id=340#primaryimage\",\"url\":\"https:\\\/\\\/lunara.fi\\\/wp-content\\\/uploads\\\/2025\\\/10\\\/20250904_150230-scaled.jpg\",\"contentUrl\":\"https:\\\/\\\/lunara.fi\\\/wp-content\\\/uploads\\\/2025\\\/10\\\/20250904_150230-scaled.jpg\",\"width\":1920,\"height\":2560},{\"@type\":\"BreadcrumbList\",\"@id\":\"https:\\\/\\\/lunara.fi\\\/?page_id=340#breadcrumb\",\"itemListElement\":[{\"@type\":\"ListItem\",\"position\":1,\"name\":\"Etusivu\",\"item\":\"https:\\\/\\\/lunara.fi\\\/\"},{\"@type\":\"ListItem\",\"position\":2,\"name\":\"El\u00e4m\u00e4nkaari luovan maalauksen ty\u00f6pajan tunnelmia kulttuurikeskus Sofiasta 4.9 ja 11.9.2025\"}]},{\"@type\":\"WebSite\",\"@id\":\"https:\\\/\\\/lunara.fi\\\/#website\",\"url\":\"https:\\\/\\\/lunara.fi\\\/\",\"name\":\"Lunara\",\"description\":\"Tie rauhaan ja tasapainoon\",\"publisher\":{\"@id\":\"https:\\\/\\\/lunara.fi\\\/#organization\"},\"potentialAction\":[{\"@type\":\"SearchAction\",\"target\":{\"@type\":\"EntryPoint\",\"urlTemplate\":\"https:\\\/\\\/lunara.fi\\\/?s={search_term_string}\"},\"query-input\":{\"@type\":\"PropertyValueSpecification\",\"valueRequired\":true,\"valueName\":\"search_term_string\"}}],\"inLanguage\":\"fi\"},{\"@type\":\"Organization\",\"@id\":\"https:\\\/\\\/lunara.fi\\\/#organization\",\"name\":\"Lunara\",\"url\":\"https:\\\/\\\/lunara.fi\\\/\",\"logo\":{\"@type\":\"ImageObject\",\"inLanguage\":\"fi\",\"@id\":\"https:\\\/\\\/lunara.fi\\\/#\\\/schema\\\/logo\\\/image\\\/\",\"url\":\"https:\\\/\\\/lunara.fi\\\/wp-content\\\/uploads\\\/2024\\\/12\\\/logo.jpg\",\"contentUrl\":\"https:\\\/\\\/lunara.fi\\\/wp-content\\\/uploads\\\/2024\\\/12\\\/logo.jpg\",\"width\":513,\"height\":481,\"caption\":\"Lunara\"},\"image\":{\"@id\":\"https:\\\/\\\/lunara.fi\\\/#\\\/schema\\\/logo\\\/image\\\/\"}}]}<\/script>\n<!-- \/ Yoast SEO plugin. -->","yoast_head_json":{"title":"El\u00e4m\u00e4nkaari luovan maalauksen ty\u00f6pajan tunnelmia kulttuurikeskus Sofiasta 4.9 ja 11.9.2025 - Lunara","robots":{"index":"index","follow":"follow","max-snippet":"max-snippet:-1","max-image-preview":"max-image-preview:large","max-video-preview":"max-video-preview:-1"},"canonical":"https:\/\/lunara.fi\/?page_id=340","og_locale":"fi_FI","og_type":"article","og_title":"El\u00e4m\u00e4nkaari luovan maalauksen ty\u00f6pajan tunnelmia kulttuurikeskus Sofiasta 4.9 ja 11.9.2025 - Lunara","og_description":"Eilen matkasin Helsinkiin, Kallahden niemelle meren \u00e4\u00e4relle. Sen siimeksess\u00e4, vehre\u00e4n luonnon ja lempe\u00e4n tuulen keskell\u00e4, sijaitsee kulttuurikeskus Sofia. Se oli paikka, joka syk\u00e4hdytti heti minua. Sofia ei ole vain kaunis rakennus vaan my\u00f6s er\u00e4\u00e4nlainen sielun satama, paikka, jossa el\u00e4m\u00e4 asettuu hetken kohdalleen ja saa uudenlaisen merkityksen. Juuri n\u00e4iss\u00e4 hetkiss\u00e4, joissa hiljaisuus, taide, kohtaamiset ja merituuli [&hellip;]","og_url":"https:\/\/lunara.fi\/?page_id=340","og_site_name":"Lunara","article_modified_time":"2025-10-07T16:25:52+00:00","og_image":[{"width":1920,"height":2560,"url":"https:\/\/lunara.fi\/wp-content\/uploads\/2025\/10\/20250904_150230-scaled.jpg","type":"image\/jpeg"}],"twitter_card":"summary_large_image","twitter_misc":{"Arvioitu lukuaika":"4 minuuttia"},"schema":{"@context":"https:\/\/schema.org","@graph":[{"@type":"WebPage","@id":"https:\/\/lunara.fi\/?page_id=340","url":"https:\/\/lunara.fi\/?page_id=340","name":"El\u00e4m\u00e4nkaari luovan maalauksen ty\u00f6pajan tunnelmia kulttuurikeskus Sofiasta 4.9 ja 11.9.2025 - Lunara","isPartOf":{"@id":"https:\/\/lunara.fi\/#website"},"primaryImageOfPage":{"@id":"https:\/\/lunara.fi\/?page_id=340#primaryimage"},"image":{"@id":"https:\/\/lunara.fi\/?page_id=340#primaryimage"},"thumbnailUrl":"https:\/\/lunara.fi\/wp-content\/uploads\/2025\/10\/20250904_150230-768x1024.jpg","datePublished":"2025-10-07T16:25:51+00:00","dateModified":"2025-10-07T16:25:52+00:00","breadcrumb":{"@id":"https:\/\/lunara.fi\/?page_id=340#breadcrumb"},"inLanguage":"fi","potentialAction":[{"@type":"ReadAction","target":["https:\/\/lunara.fi\/?page_id=340"]}]},{"@type":"ImageObject","inLanguage":"fi","@id":"https:\/\/lunara.fi\/?page_id=340#primaryimage","url":"https:\/\/lunara.fi\/wp-content\/uploads\/2025\/10\/20250904_150230-scaled.jpg","contentUrl":"https:\/\/lunara.fi\/wp-content\/uploads\/2025\/10\/20250904_150230-scaled.jpg","width":1920,"height":2560},{"@type":"BreadcrumbList","@id":"https:\/\/lunara.fi\/?page_id=340#breadcrumb","itemListElement":[{"@type":"ListItem","position":1,"name":"Etusivu","item":"https:\/\/lunara.fi\/"},{"@type":"ListItem","position":2,"name":"El\u00e4m\u00e4nkaari luovan maalauksen ty\u00f6pajan tunnelmia kulttuurikeskus Sofiasta 4.9 ja 11.9.2025"}]},{"@type":"WebSite","@id":"https:\/\/lunara.fi\/#website","url":"https:\/\/lunara.fi\/","name":"Lunara","description":"Tie rauhaan ja tasapainoon","publisher":{"@id":"https:\/\/lunara.fi\/#organization"},"potentialAction":[{"@type":"SearchAction","target":{"@type":"EntryPoint","urlTemplate":"https:\/\/lunara.fi\/?s={search_term_string}"},"query-input":{"@type":"PropertyValueSpecification","valueRequired":true,"valueName":"search_term_string"}}],"inLanguage":"fi"},{"@type":"Organization","@id":"https:\/\/lunara.fi\/#organization","name":"Lunara","url":"https:\/\/lunara.fi\/","logo":{"@type":"ImageObject","inLanguage":"fi","@id":"https:\/\/lunara.fi\/#\/schema\/logo\/image\/","url":"https:\/\/lunara.fi\/wp-content\/uploads\/2024\/12\/logo.jpg","contentUrl":"https:\/\/lunara.fi\/wp-content\/uploads\/2024\/12\/logo.jpg","width":513,"height":481,"caption":"Lunara"},"image":{"@id":"https:\/\/lunara.fi\/#\/schema\/logo\/image\/"}}]}},"_links":{"self":[{"href":"https:\/\/lunara.fi\/index.php?rest_route=\/wp\/v2\/pages\/340","targetHints":{"allow":["GET"]}}],"collection":[{"href":"https:\/\/lunara.fi\/index.php?rest_route=\/wp\/v2\/pages"}],"about":[{"href":"https:\/\/lunara.fi\/index.php?rest_route=\/wp\/v2\/types\/page"}],"author":[{"embeddable":true,"href":"https:\/\/lunara.fi\/index.php?rest_route=\/wp\/v2\/users\/1"}],"replies":[{"embeddable":true,"href":"https:\/\/lunara.fi\/index.php?rest_route=%2Fwp%2Fv2%2Fcomments&post=340"}],"version-history":[{"count":1,"href":"https:\/\/lunara.fi\/index.php?rest_route=\/wp\/v2\/pages\/340\/revisions"}],"predecessor-version":[{"id":345,"href":"https:\/\/lunara.fi\/index.php?rest_route=\/wp\/v2\/pages\/340\/revisions\/345"}],"wp:attachment":[{"href":"https:\/\/lunara.fi\/index.php?rest_route=%2Fwp%2Fv2%2Fmedia&parent=340"}],"curies":[{"name":"wp","href":"https:\/\/api.w.org\/{rel}","templated":true}]}}