{"id":348,"date":"2025-10-07T13:37:14","date_gmt":"2025-10-07T16:37:14","guid":{"rendered":"https:\/\/lunara.fi\/?page_id=348"},"modified":"2025-10-07T13:37:15","modified_gmt":"2025-10-07T16:37:15","slug":"enkelit-vierellamme-illan-tunnelmia-20-9-25","status":"publish","type":"page","link":"https:\/\/lunara.fi\/?page_id=348","title":{"rendered":"Enkelit vierell\u00e4mme illan tunnelmia 20.9.25"},"content":{"rendered":"\n<p>Eilen saimme luoda yhdess\u00e4 jotain todella ainutlaatuista sill\u00e4 jokainen enkeli syntyi yht\u00e4 uniikiksi kuin tekij\u00e4ns\u00e4. Tunnelma oli t\u00e4ynn\u00e4 lempe\u00e4\u00e4 valoa, iloa ja syv\u00e4\u00e4 yhteytt\u00e4. L\u00e4mmin kiitos kaikille osallistujille, olette ihania! Jos haluat mukaan seuraavalle enkelimatkalle, ole kuulolla,uusi kurssi tulee viel\u00e4 ennen joulua! Siell\u00e4 valmistamme oman kristallin s\u00e4teit\u00e4 hehkuvan enkeli kuiskaajan, valon ja rakkauden l\u00e4hettil\u00e4\u00e4n ja p\u00e4\u00e4t\u00e4mme illan syv\u00e4rentouttavaan \u00e4\u00e4nimaljahoitoon. Kuten eilenkin. Kiitos viel\u00e4 ihanille osallistujille! Halauksin, Satu&nbsp;<\/p>\n\n\n\n<figure class=\"wp-block-image size-large\"><img loading=\"lazy\" decoding=\"async\" width=\"1024\" height=\"577\" src=\"https:\/\/lunara.fi\/wp-content\/uploads\/2025\/10\/20250920_163046-1024x577.jpg\" alt=\"\" class=\"wp-image-349\" srcset=\"https:\/\/lunara.fi\/wp-content\/uploads\/2025\/10\/20250920_163046-1024x577.jpg 1024w, https:\/\/lunara.fi\/wp-content\/uploads\/2025\/10\/20250920_163046-300x169.jpg 300w, https:\/\/lunara.fi\/wp-content\/uploads\/2025\/10\/20250920_163046-768x432.jpg 768w, https:\/\/lunara.fi\/wp-content\/uploads\/2025\/10\/20250920_163046-1536x865.jpg 1536w, https:\/\/lunara.fi\/wp-content\/uploads\/2025\/10\/20250920_163046-2048x1153.jpg 2048w\" sizes=\"auto, (max-width: 1024px) 100vw, 1024px\" \/><\/figure>\n\n\n\n<figure class=\"wp-block-image size-large is-resized\"><img loading=\"lazy\" decoding=\"async\" width=\"577\" height=\"1024\" src=\"https:\/\/lunara.fi\/wp-content\/uploads\/2025\/10\/20250920_161910-577x1024.jpg\" alt=\"\" class=\"wp-image-350\" style=\"width:377px;height:auto\" srcset=\"https:\/\/lunara.fi\/wp-content\/uploads\/2025\/10\/20250920_161910-577x1024.jpg 577w, https:\/\/lunara.fi\/wp-content\/uploads\/2025\/10\/20250920_161910-169x300.jpg 169w, https:\/\/lunara.fi\/wp-content\/uploads\/2025\/10\/20250920_161910-768x1364.jpg 768w, https:\/\/lunara.fi\/wp-content\/uploads\/2025\/10\/20250920_161910-865x1536.jpg 865w, https:\/\/lunara.fi\/wp-content\/uploads\/2025\/10\/20250920_161910-1153x2048.jpg 1153w, https:\/\/lunara.fi\/wp-content\/uploads\/2025\/10\/20250920_161910-scaled.jpg 1442w\" sizes=\"auto, (max-width: 577px) 100vw, 577px\" \/><\/figure>\n\n\n\n<figure class=\"wp-block-image size-large is-resized\"><img loading=\"lazy\" decoding=\"async\" width=\"577\" height=\"1024\" src=\"https:\/\/lunara.fi\/wp-content\/uploads\/2025\/10\/20250920_163118-577x1024.jpg\" alt=\"\" class=\"wp-image-351\" style=\"width:360px;height:auto\" srcset=\"https:\/\/lunara.fi\/wp-content\/uploads\/2025\/10\/20250920_163118-577x1024.jpg 577w, https:\/\/lunara.fi\/wp-content\/uploads\/2025\/10\/20250920_163118-169x300.jpg 169w, https:\/\/lunara.fi\/wp-content\/uploads\/2025\/10\/20250920_163118-768x1364.jpg 768w, https:\/\/lunara.fi\/wp-content\/uploads\/2025\/10\/20250920_163118-865x1536.jpg 865w, https:\/\/lunara.fi\/wp-content\/uploads\/2025\/10\/20250920_163118-1153x2048.jpg 1153w, https:\/\/lunara.fi\/wp-content\/uploads\/2025\/10\/20250920_163118-scaled.jpg 1442w\" sizes=\"auto, (max-width: 577px) 100vw, 577px\" \/><\/figure>\n\n\n\n<figure class=\"wp-block-image size-large is-resized\"><img loading=\"lazy\" decoding=\"async\" width=\"577\" height=\"1024\" src=\"https:\/\/lunara.fi\/wp-content\/uploads\/2025\/10\/20250920_165005-577x1024.jpg\" alt=\"\" class=\"wp-image-352\" style=\"width:380px;height:auto\" srcset=\"https:\/\/lunara.fi\/wp-content\/uploads\/2025\/10\/20250920_165005-577x1024.jpg 577w, https:\/\/lunara.fi\/wp-content\/uploads\/2025\/10\/20250920_165005-169x300.jpg 169w, https:\/\/lunara.fi\/wp-content\/uploads\/2025\/10\/20250920_165005-768x1364.jpg 768w, https:\/\/lunara.fi\/wp-content\/uploads\/2025\/10\/20250920_165005-865x1536.jpg 865w, https:\/\/lunara.fi\/wp-content\/uploads\/2025\/10\/20250920_165005-1153x2048.jpg 1153w, https:\/\/lunara.fi\/wp-content\/uploads\/2025\/10\/20250920_165005-scaled.jpg 1442w\" sizes=\"auto, (max-width: 577px) 100vw, 577px\" \/><\/figure>\n\n\n\n<figure class=\"wp-block-image size-large is-resized\"><img loading=\"lazy\" decoding=\"async\" width=\"577\" height=\"1024\" src=\"https:\/\/lunara.fi\/wp-content\/uploads\/2025\/10\/20250920_165106-577x1024.jpg\" alt=\"\" class=\"wp-image-353\" style=\"width:392px;height:auto\" srcset=\"https:\/\/lunara.fi\/wp-content\/uploads\/2025\/10\/20250920_165106-577x1024.jpg 577w, https:\/\/lunara.fi\/wp-content\/uploads\/2025\/10\/20250920_165106-169x300.jpg 169w, https:\/\/lunara.fi\/wp-content\/uploads\/2025\/10\/20250920_165106-768x1364.jpg 768w, https:\/\/lunara.fi\/wp-content\/uploads\/2025\/10\/20250920_165106-865x1536.jpg 865w, https:\/\/lunara.fi\/wp-content\/uploads\/2025\/10\/20250920_165106-1153x2048.jpg 1153w, https:\/\/lunara.fi\/wp-content\/uploads\/2025\/10\/20250920_165106-scaled.jpg 1442w\" sizes=\"auto, (max-width: 577px) 100vw, 577px\" \/><\/figure>\n","protected":false},"excerpt":{"rendered":"<p>Eilen saimme luoda yhdess\u00e4 jotain todella ainutlaatuista sill\u00e4 jokainen enkeli syntyi yht\u00e4 uniikiksi kuin tekij\u00e4ns\u00e4. Tunnelma oli t\u00e4ynn\u00e4 lempe\u00e4\u00e4 valoa, iloa ja syv\u00e4\u00e4 yhteytt\u00e4. L\u00e4mmin kiitos kaikille osallistujille, olette ihania! Jos haluat mukaan seuraavalle enkelimatkalle, ole kuulolla,uusi kurssi tulee viel\u00e4 ennen joulua! Siell\u00e4 valmistamme oman kristallin s\u00e4teit\u00e4 hehkuvan enkeli kuiskaajan, valon ja rakkauden l\u00e4hettil\u00e4\u00e4n ja [&hellip;]<\/p>\n","protected":false},"author":1,"featured_media":0,"parent":0,"menu_order":0,"comment_status":"closed","ping_status":"closed","template":"","meta":{"footnotes":""},"class_list":["post-348","page","type-page","status-publish","hentry"],"yoast_head":"<!-- This site is optimized with the Yoast SEO plugin v27.4 - https:\/\/yoast.com\/product\/yoast-seo-wordpress\/ -->\n<title>Enkelit vierell\u00e4mme illan tunnelmia 20.9.25 - Lunara<\/title>\n<meta name=\"robots\" content=\"index, follow, max-snippet:-1, max-image-preview:large, max-video-preview:-1\" \/>\n<link rel=\"canonical\" href=\"https:\/\/lunara.fi\/?page_id=348\" \/>\n<meta property=\"og:locale\" content=\"fi_FI\" \/>\n<meta property=\"og:type\" content=\"article\" \/>\n<meta property=\"og:title\" content=\"Enkelit vierell\u00e4mme illan tunnelmia 20.9.25 - Lunara\" \/>\n<meta property=\"og:description\" content=\"Eilen saimme luoda yhdess\u00e4 jotain todella ainutlaatuista sill\u00e4 jokainen enkeli syntyi yht\u00e4 uniikiksi kuin tekij\u00e4ns\u00e4. Tunnelma oli t\u00e4ynn\u00e4 lempe\u00e4\u00e4 valoa, iloa ja syv\u00e4\u00e4 yhteytt\u00e4. L\u00e4mmin kiitos kaikille osallistujille, olette ihania! Jos haluat mukaan seuraavalle enkelimatkalle, ole kuulolla,uusi kurssi tulee viel\u00e4 ennen joulua! Siell\u00e4 valmistamme oman kristallin s\u00e4teit\u00e4 hehkuvan enkeli kuiskaajan, valon ja rakkauden l\u00e4hettil\u00e4\u00e4n ja [&hellip;]\" \/>\n<meta property=\"og:url\" content=\"https:\/\/lunara.fi\/?page_id=348\" \/>\n<meta property=\"og:site_name\" content=\"Lunara\" \/>\n<meta property=\"article:modified_time\" content=\"2025-10-07T16:37:15+00:00\" \/>\n<meta property=\"og:image\" content=\"https:\/\/lunara.fi\/wp-content\/uploads\/2025\/10\/20250920_163046-scaled.jpg\" \/>\n\t<meta property=\"og:image:width\" content=\"2560\" \/>\n\t<meta property=\"og:image:height\" content=\"1442\" \/>\n\t<meta property=\"og:image:type\" content=\"image\/jpeg\" \/>\n<meta name=\"twitter:card\" content=\"summary_large_image\" \/>\n<meta name=\"twitter:label1\" content=\"Arvioitu lukuaika\" \/>\n\t<meta name=\"twitter:data1\" content=\"2 minuuttia\" \/>\n<script type=\"application\/ld+json\" class=\"yoast-schema-graph\">{\"@context\":\"https:\\\/\\\/schema.org\",\"@graph\":[{\"@type\":\"WebPage\",\"@id\":\"https:\\\/\\\/lunara.fi\\\/?page_id=348\",\"url\":\"https:\\\/\\\/lunara.fi\\\/?page_id=348\",\"name\":\"Enkelit vierell\u00e4mme illan tunnelmia 20.9.25 - Lunara\",\"isPartOf\":{\"@id\":\"https:\\\/\\\/lunara.fi\\\/#website\"},\"primaryImageOfPage\":{\"@id\":\"https:\\\/\\\/lunara.fi\\\/?page_id=348#primaryimage\"},\"image\":{\"@id\":\"https:\\\/\\\/lunara.fi\\\/?page_id=348#primaryimage\"},\"thumbnailUrl\":\"https:\\\/\\\/lunara.fi\\\/wp-content\\\/uploads\\\/2025\\\/10\\\/20250920_163046-1024x577.jpg\",\"datePublished\":\"2025-10-07T16:37:14+00:00\",\"dateModified\":\"2025-10-07T16:37:15+00:00\",\"breadcrumb\":{\"@id\":\"https:\\\/\\\/lunara.fi\\\/?page_id=348#breadcrumb\"},\"inLanguage\":\"fi\",\"potentialAction\":[{\"@type\":\"ReadAction\",\"target\":[\"https:\\\/\\\/lunara.fi\\\/?page_id=348\"]}]},{\"@type\":\"ImageObject\",\"inLanguage\":\"fi\",\"@id\":\"https:\\\/\\\/lunara.fi\\\/?page_id=348#primaryimage\",\"url\":\"https:\\\/\\\/lunara.fi\\\/wp-content\\\/uploads\\\/2025\\\/10\\\/20250920_163046-scaled.jpg\",\"contentUrl\":\"https:\\\/\\\/lunara.fi\\\/wp-content\\\/uploads\\\/2025\\\/10\\\/20250920_163046-scaled.jpg\",\"width\":2560,\"height\":1442},{\"@type\":\"BreadcrumbList\",\"@id\":\"https:\\\/\\\/lunara.fi\\\/?page_id=348#breadcrumb\",\"itemListElement\":[{\"@type\":\"ListItem\",\"position\":1,\"name\":\"Etusivu\",\"item\":\"https:\\\/\\\/lunara.fi\\\/\"},{\"@type\":\"ListItem\",\"position\":2,\"name\":\"Enkelit vierell\u00e4mme illan tunnelmia 20.9.25\"}]},{\"@type\":\"WebSite\",\"@id\":\"https:\\\/\\\/lunara.fi\\\/#website\",\"url\":\"https:\\\/\\\/lunara.fi\\\/\",\"name\":\"Lunara\",\"description\":\"Tie rauhaan ja tasapainoon\",\"publisher\":{\"@id\":\"https:\\\/\\\/lunara.fi\\\/#organization\"},\"potentialAction\":[{\"@type\":\"SearchAction\",\"target\":{\"@type\":\"EntryPoint\",\"urlTemplate\":\"https:\\\/\\\/lunara.fi\\\/?s={search_term_string}\"},\"query-input\":{\"@type\":\"PropertyValueSpecification\",\"valueRequired\":true,\"valueName\":\"search_term_string\"}}],\"inLanguage\":\"fi\"},{\"@type\":\"Organization\",\"@id\":\"https:\\\/\\\/lunara.fi\\\/#organization\",\"name\":\"Lunara\",\"url\":\"https:\\\/\\\/lunara.fi\\\/\",\"logo\":{\"@type\":\"ImageObject\",\"inLanguage\":\"fi\",\"@id\":\"https:\\\/\\\/lunara.fi\\\/#\\\/schema\\\/logo\\\/image\\\/\",\"url\":\"https:\\\/\\\/lunara.fi\\\/wp-content\\\/uploads\\\/2024\\\/12\\\/logo.jpg\",\"contentUrl\":\"https:\\\/\\\/lunara.fi\\\/wp-content\\\/uploads\\\/2024\\\/12\\\/logo.jpg\",\"width\":513,\"height\":481,\"caption\":\"Lunara\"},\"image\":{\"@id\":\"https:\\\/\\\/lunara.fi\\\/#\\\/schema\\\/logo\\\/image\\\/\"}}]}<\/script>\n<!-- \/ Yoast SEO plugin. -->","yoast_head_json":{"title":"Enkelit vierell\u00e4mme illan tunnelmia 20.9.25 - Lunara","robots":{"index":"index","follow":"follow","max-snippet":"max-snippet:-1","max-image-preview":"max-image-preview:large","max-video-preview":"max-video-preview:-1"},"canonical":"https:\/\/lunara.fi\/?page_id=348","og_locale":"fi_FI","og_type":"article","og_title":"Enkelit vierell\u00e4mme illan tunnelmia 20.9.25 - Lunara","og_description":"Eilen saimme luoda yhdess\u00e4 jotain todella ainutlaatuista sill\u00e4 jokainen enkeli syntyi yht\u00e4 uniikiksi kuin tekij\u00e4ns\u00e4. Tunnelma oli t\u00e4ynn\u00e4 lempe\u00e4\u00e4 valoa, iloa ja syv\u00e4\u00e4 yhteytt\u00e4. L\u00e4mmin kiitos kaikille osallistujille, olette ihania! Jos haluat mukaan seuraavalle enkelimatkalle, ole kuulolla,uusi kurssi tulee viel\u00e4 ennen joulua! Siell\u00e4 valmistamme oman kristallin s\u00e4teit\u00e4 hehkuvan enkeli kuiskaajan, valon ja rakkauden l\u00e4hettil\u00e4\u00e4n ja [&hellip;]","og_url":"https:\/\/lunara.fi\/?page_id=348","og_site_name":"Lunara","article_modified_time":"2025-10-07T16:37:15+00:00","og_image":[{"width":2560,"height":1442,"url":"https:\/\/lunara.fi\/wp-content\/uploads\/2025\/10\/20250920_163046-scaled.jpg","type":"image\/jpeg"}],"twitter_card":"summary_large_image","twitter_misc":{"Arvioitu lukuaika":"2 minuuttia"},"schema":{"@context":"https:\/\/schema.org","@graph":[{"@type":"WebPage","@id":"https:\/\/lunara.fi\/?page_id=348","url":"https:\/\/lunara.fi\/?page_id=348","name":"Enkelit vierell\u00e4mme illan tunnelmia 20.9.25 - Lunara","isPartOf":{"@id":"https:\/\/lunara.fi\/#website"},"primaryImageOfPage":{"@id":"https:\/\/lunara.fi\/?page_id=348#primaryimage"},"image":{"@id":"https:\/\/lunara.fi\/?page_id=348#primaryimage"},"thumbnailUrl":"https:\/\/lunara.fi\/wp-content\/uploads\/2025\/10\/20250920_163046-1024x577.jpg","datePublished":"2025-10-07T16:37:14+00:00","dateModified":"2025-10-07T16:37:15+00:00","breadcrumb":{"@id":"https:\/\/lunara.fi\/?page_id=348#breadcrumb"},"inLanguage":"fi","potentialAction":[{"@type":"ReadAction","target":["https:\/\/lunara.fi\/?page_id=348"]}]},{"@type":"ImageObject","inLanguage":"fi","@id":"https:\/\/lunara.fi\/?page_id=348#primaryimage","url":"https:\/\/lunara.fi\/wp-content\/uploads\/2025\/10\/20250920_163046-scaled.jpg","contentUrl":"https:\/\/lunara.fi\/wp-content\/uploads\/2025\/10\/20250920_163046-scaled.jpg","width":2560,"height":1442},{"@type":"BreadcrumbList","@id":"https:\/\/lunara.fi\/?page_id=348#breadcrumb","itemListElement":[{"@type":"ListItem","position":1,"name":"Etusivu","item":"https:\/\/lunara.fi\/"},{"@type":"ListItem","position":2,"name":"Enkelit vierell\u00e4mme illan tunnelmia 20.9.25"}]},{"@type":"WebSite","@id":"https:\/\/lunara.fi\/#website","url":"https:\/\/lunara.fi\/","name":"Lunara","description":"Tie rauhaan ja tasapainoon","publisher":{"@id":"https:\/\/lunara.fi\/#organization"},"potentialAction":[{"@type":"SearchAction","target":{"@type":"EntryPoint","urlTemplate":"https:\/\/lunara.fi\/?s={search_term_string}"},"query-input":{"@type":"PropertyValueSpecification","valueRequired":true,"valueName":"search_term_string"}}],"inLanguage":"fi"},{"@type":"Organization","@id":"https:\/\/lunara.fi\/#organization","name":"Lunara","url":"https:\/\/lunara.fi\/","logo":{"@type":"ImageObject","inLanguage":"fi","@id":"https:\/\/lunara.fi\/#\/schema\/logo\/image\/","url":"https:\/\/lunara.fi\/wp-content\/uploads\/2024\/12\/logo.jpg","contentUrl":"https:\/\/lunara.fi\/wp-content\/uploads\/2024\/12\/logo.jpg","width":513,"height":481,"caption":"Lunara"},"image":{"@id":"https:\/\/lunara.fi\/#\/schema\/logo\/image\/"}}]}},"_links":{"self":[{"href":"https:\/\/lunara.fi\/index.php?rest_route=\/wp\/v2\/pages\/348","targetHints":{"allow":["GET"]}}],"collection":[{"href":"https:\/\/lunara.fi\/index.php?rest_route=\/wp\/v2\/pages"}],"about":[{"href":"https:\/\/lunara.fi\/index.php?rest_route=\/wp\/v2\/types\/page"}],"author":[{"embeddable":true,"href":"https:\/\/lunara.fi\/index.php?rest_route=\/wp\/v2\/users\/1"}],"replies":[{"embeddable":true,"href":"https:\/\/lunara.fi\/index.php?rest_route=%2Fwp%2Fv2%2Fcomments&post=348"}],"version-history":[{"count":1,"href":"https:\/\/lunara.fi\/index.php?rest_route=\/wp\/v2\/pages\/348\/revisions"}],"predecessor-version":[{"id":354,"href":"https:\/\/lunara.fi\/index.php?rest_route=\/wp\/v2\/pages\/348\/revisions\/354"}],"wp:attachment":[{"href":"https:\/\/lunara.fi\/index.php?rest_route=%2Fwp%2Fv2%2Fmedia&parent=348"}],"curies":[{"name":"wp","href":"https:\/\/api.w.org\/{rel}","templated":true}]}}