{"id":35,"date":"2024-12-05T14:26:13","date_gmt":"2024-12-05T17:26:13","guid":{"rendered":"https:\/\/lunara.fi\/?page_id=35"},"modified":"2024-12-10T10:50:19","modified_gmt":"2024-12-10T13:50:19","slug":"rentous-ja-palautuminen","status":"publish","type":"page","link":"https:\/\/lunara.fi\/?page_id=35","title":{"rendered":"Rentous ja palautuminen"},"content":{"rendered":"\n<figure class=\"wp-block-image size-large\"><img loading=\"lazy\" decoding=\"async\" width=\"1024\" height=\"300\" src=\"https:\/\/lunara.fi\/wp-content\/uploads\/2024\/12\/rentous-3-1024x300.jpg\" alt=\"\" class=\"wp-image-37\" srcset=\"https:\/\/lunara.fi\/wp-content\/uploads\/2024\/12\/rentous-3-1024x300.jpg 1024w, https:\/\/lunara.fi\/wp-content\/uploads\/2024\/12\/rentous-3-300x88.jpg 300w, https:\/\/lunara.fi\/wp-content\/uploads\/2024\/12\/rentous-3-768x225.jpg 768w, https:\/\/lunara.fi\/wp-content\/uploads\/2024\/12\/rentous-3.jpg 1029w\" sizes=\"auto, (max-width: 1024px) 100vw, 1024px\" \/><\/figure>\n\n\n\n<p><strong>Prana Syv\u00e4rentoutus &amp; Palautushoito<\/strong> &#8211; Hyvinvointia keholle ja mielelle<\/p>\n\n\n\n<p>Anna itsellesi mahdollisuus palauttaa elinvoima ja tasapaino t\u00e4m\u00e4n ainutlaatuisen, kokonaisvaltaisen hoidon avulla. Prana Syv\u00e4rentoutus &amp; Palautushoito on syv\u00e4hoitava el\u00e4mys, joka eheytt\u00e4\u00e4 kehoa ja mielt\u00e4 vapauttamalla tukoksia ja palauttamalla sis\u00e4isen harmonian.<\/p>\n\n\n\n<p>T\u00e4m\u00e4 hoito on erinomainen stressin lievitykseen sill\u00e4 se rauhoittaa hermostoa ja laskee sit\u00e4kautta stressitasoja<strong>.<\/strong>  T\u00e4m\u00e4 kokonaisvaltainen syv\u00e4rentouttava hoito tuo helpotusta my\u00f6s uniongelmiin ja auttaa saavuttamaan levollisemman unen. Hoito tukee my\u00f6s elinvoiman vapaata virtausta kehossa tasapainottaen energiakanavat ja chakrat. Hoito tuo kokonaisvaltaista eheytt\u00e4, koska se vapauttaa kehoon j\u00e4\u00e4neit\u00e4 tunteita ja traumoja, palauttaen mielen tyyneyden ja levollisuuden.<\/p>\n\n\n\n<p>Prana Syv\u00e4rentoutus yhdist\u00e4\u00e4 monipuolisesti erilaisia hyvinvointimenetelmi\u00e4 sek\u00e4 hoitoja, joista on koottu erityisesti niiden rentouttavat sek\u00e4 vapaata elinvoiman virtausta edustavat elementit. Hoito sis\u00e4lt\u00e4\u00e4 my\u00f6s suggestiivisen syv\u00e4rentoutus osuuden, joka saattelee milen t\u00e4ydelliseen levollisuuden tilaan.<\/p>\n\n\n\n<p>Hoidon tavoitteena on saavuttaa kokonaisvaltainen tasapaino, jossa keho, mieli ja sielu ty\u00f6skentelev\u00e4t harmoniassa. T\u00e4m\u00e4 tehokas rentoutushoito palauttaa rauhan ja el\u00e4m\u00e4nilon \u2013 ja j\u00e4tt\u00e4\u00e4 sinut t\u00e4ynn\u00e4 uutta energiaa.<\/p>\n\n\n\n<p>Tule kokemaan syv\u00e4 rauha ja elinvoiman virtaus \u2013 ansaitset sen!<\/p>\n\n\n\n<p><\/p>\n\n\n\n<p><\/p>\n\n\n\n<p><\/p>\n\n\n\n<p><\/p>\n\n\n\n<p><\/p>\n\n\n\n<p><strong>Tiibetil\u00e4inen \u00c4\u00e4nimaljahoito \/ Sointukylpy<\/strong> &#8211; Hyvinvointia keholle ja mielelle<\/p>\n\n\n\n<p>Anna itsellesi lahjaksi syv\u00e4rentoutuksen hetki, jossa soivat tiibetil\u00e4iset \u00e4\u00e4nimaljat hoitavat lempe\u00e4sti kehoa, mielt\u00e4 ja sielua.<\/p>\n\n\n\n<p>Tiibetil\u00e4inen \u00e4\u00e4nimaljahoito on ikiaikainen menetelm\u00e4, joka hy\u00f6dynt\u00e4\u00e4 resonanssia ja \u00e4\u00e4niaaltojen parantavaa voimaa. \u00c4\u00e4net ja v\u00e4r\u00e4htelyt resonoivat kehossa vapauttaen j\u00e4nnityksi\u00e4, tasapainottaen energiakentti\u00e4 ja edist\u00e4en hormonitoimintaa, kuten oksitosiinin ja serotoniinin erityst\u00e4.<\/p>\n\n\n\n<p>\u00c4\u00e4ni hoitaa meit\u00e4 monitasoisesti<em>; Fysiologisesti<\/em> se v\u00e4hent\u00e4\u00e4 lihasj\u00e4nnityst\u00e4, parantaa hengityst\u00e4 ja sykett\u00e4.<em> Psykologisesti <\/em>se rauhoittaa mielt\u00e4, lievitt\u00e4\u00e4 stressi\u00e4 ja unettomuutta<strong><em>. <\/em><\/strong><em>Energeettisesti<\/em> se tasapainottaa chakroja, auraa ja energiakanavia.<\/p>\n\n\n\n<p>Sointukylpy auttaa sinua l\u00f6yt\u00e4m\u00e4\u00e4n sis\u00e4isen rauhan, pys\u00e4htym\u00e4\u00e4n ja p\u00e4\u00e4sem\u00e4\u00e4n yhteyteen itsesi kanssa. Se on t\u00e4ydellinen apu kiireen keskell\u00e4, stressaavissa tilanteissa tai vain silloin, kun kaipaat harmoniaa ja uutta virtaa.<\/p>\n\n\n\n<p>Tule ja virit\u00e4 itsesi uuteen lempe\u00e4\u00e4n tasapainoon \u2013 keho ja mieli kiitt\u00e4v\u00e4t!<\/p>\n\n\n\n<p><\/p>\n\n\n\n<p><\/p>\n\n\n\n<p><\/p>\n\n\n\n<p><\/p>\n\n\n\n<p><\/p>\n\n\n\n<p><\/p>\n\n\n\n<p><strong>Neurosonic <\/strong>\u2013 syv\u00e4rentoutusta keholle ja mielelle<\/p>\n\n\n\n<p>Neurosonic-hoito on ainutlaatuinen matalataajuusv\u00e4r\u00e4htelyyn perustuva rentoutusmenetelm\u00e4, joka auttaa kehoa ja mielt\u00e4 palautumaan tehokkaasti. Hoito tapahtuu mukavalla patjalla, joka l\u00e4hett\u00e4\u00e4 kehoon lempeit\u00e4 v\u00e4r\u00e4htelyj\u00e4. N\u00e4m\u00e4 vaikuttavat hermostoon, lihaksiin ja kudoksiin, auttaen lievitt\u00e4m\u00e4\u00e4n stressi\u00e4, uniongelmia ja kiputiloja.<\/p>\n\n\n\n<p>Neurosonic ei vaadi aktiivista osallistumista \u2013 voit vain sulkea silm\u00e4si ja antaa kehosi rauhoittua. Hoito on luonnollinen ja turvallinen tapa saavuttaa syv\u00e4 rentoutus, lis\u00e4t\u00e4 hyvinvointia ja edist\u00e4\u00e4 palautumista.<\/p>\n\n\n\n<p>Kokeile ja tunne itse, miten Neurosonic voi tuoda tasapainoa arkeesi.<\/p>\n\n\n\n<p><strong><em>&#8221;Anna itsellesi tai l\u00e4heisellesi lahja, joka hoitaa syd\u00e4nt\u00e4, mielt\u00e4 ja kehoa \u2013 askel kohti tasapainoa ja hyvinvointia alkaa t\u00e4st\u00e4.&#8221;<\/em><\/strong><\/p>\n\n\n\n<p>&nbsp;<\/p>\n\n\n\n<div class=\"wp-block-group alignfull has-base-color has-contrast-background-color has-text-color has-background has-global-padding is-layout-constrained wp-container-core-group-is-layout-ef3d885c wp-block-group-is-layout-constrained\" style=\"margin-top:0;margin-bottom:0;padding-top:var(--wp--preset--spacing--60);padding-right:var(--wp--preset--spacing--60);padding-bottom:var(--wp--preset--spacing--60);padding-left:var(--wp--preset--spacing--60)\">\n<div class=\"wp-block-group has-global-padding is-layout-constrained wp-block-group-is-layout-constrained\">\n<p class=\"has-text-align-center has-base-color has-text-color has-heading-font-family has-x-large-font-size\" style=\"line-height:1.2\"><em>\u201c&#8221;El\u00e4m\u00e4n k\u00e4tketty salaisuus on ymm\u00e4rrys, ett\u00e4 onnellisuus ei synny ulkoisista asioista, vaan kyvyst\u00e4 olla kiitollinen kaikesta ja ottaa el\u00e4m\u00e4 vastaan sellaisenaan. Se l\u00f6ytyy, kun luovut vaatimuksista, miten sen tulisi menn\u00e4, ja lakkaat vertaamasta itse\u00e4si muihin.&#8221;<\/em><\/p>\n<\/div>\n<\/div>\n","protected":false},"excerpt":{"rendered":"<p>Prana Syv\u00e4rentoutus &amp; Palautushoito &#8211; Hyvinvointia keholle ja mielelle Anna itsellesi mahdollisuus palauttaa elinvoima ja tasapaino t\u00e4m\u00e4n ainutlaatuisen, kokonaisvaltaisen hoidon avulla. Prana Syv\u00e4rentoutus &amp; Palautushoito on syv\u00e4hoitava el\u00e4mys, joka eheytt\u00e4\u00e4 kehoa ja mielt\u00e4 vapauttamalla tukoksia ja palauttamalla sis\u00e4isen harmonian. T\u00e4m\u00e4 hoito on erinomainen stressin lievitykseen sill\u00e4 se rauhoittaa hermostoa ja laskee sit\u00e4kautta stressitasoja. T\u00e4m\u00e4 kokonaisvaltainen [&hellip;]<\/p>\n","protected":false},"author":1,"featured_media":0,"parent":0,"menu_order":0,"comment_status":"closed","ping_status":"closed","template":"","meta":{"footnotes":""},"class_list":["post-35","page","type-page","status-publish","hentry"],"yoast_head":"<!-- This site is optimized with the Yoast SEO plugin v27.4 - https:\/\/yoast.com\/product\/yoast-seo-wordpress\/ -->\n<title>Rentous ja palautuminen - Lunara<\/title>\n<meta name=\"robots\" content=\"index, follow, max-snippet:-1, max-image-preview:large, max-video-preview:-1\" \/>\n<link rel=\"canonical\" href=\"https:\/\/lunara.fi\/?page_id=35\" \/>\n<meta property=\"og:locale\" content=\"fi_FI\" \/>\n<meta property=\"og:type\" content=\"article\" \/>\n<meta property=\"og:title\" content=\"Rentous ja palautuminen - Lunara\" \/>\n<meta property=\"og:description\" content=\"Prana Syv\u00e4rentoutus &amp; Palautushoito &#8211; Hyvinvointia keholle ja mielelle Anna itsellesi mahdollisuus palauttaa elinvoima ja tasapaino t\u00e4m\u00e4n ainutlaatuisen, kokonaisvaltaisen hoidon avulla. Prana Syv\u00e4rentoutus &amp; Palautushoito on syv\u00e4hoitava el\u00e4mys, joka eheytt\u00e4\u00e4 kehoa ja mielt\u00e4 vapauttamalla tukoksia ja palauttamalla sis\u00e4isen harmonian. T\u00e4m\u00e4 hoito on erinomainen stressin lievitykseen sill\u00e4 se rauhoittaa hermostoa ja laskee sit\u00e4kautta stressitasoja. T\u00e4m\u00e4 kokonaisvaltainen [&hellip;]\" \/>\n<meta property=\"og:url\" content=\"https:\/\/lunara.fi\/?page_id=35\" \/>\n<meta property=\"og:site_name\" content=\"Lunara\" \/>\n<meta property=\"article:modified_time\" content=\"2024-12-10T13:50:19+00:00\" \/>\n<meta property=\"og:image\" content=\"https:\/\/lunara.fi\/wp-content\/uploads\/2024\/12\/rentous-3.jpg\" \/>\n\t<meta property=\"og:image:width\" content=\"1029\" \/>\n\t<meta property=\"og:image:height\" content=\"301\" \/>\n\t<meta property=\"og:image:type\" content=\"image\/jpeg\" \/>\n<meta name=\"twitter:card\" content=\"summary_large_image\" \/>\n<meta name=\"twitter:label1\" content=\"Arvioitu lukuaika\" \/>\n\t<meta name=\"twitter:data1\" content=\"2 minuuttia\" \/>\n<script type=\"application\/ld+json\" class=\"yoast-schema-graph\">{\"@context\":\"https:\\\/\\\/schema.org\",\"@graph\":[{\"@type\":\"WebPage\",\"@id\":\"https:\\\/\\\/lunara.fi\\\/?page_id=35\",\"url\":\"https:\\\/\\\/lunara.fi\\\/?page_id=35\",\"name\":\"Rentous ja palautuminen - Lunara\",\"isPartOf\":{\"@id\":\"https:\\\/\\\/lunara.fi\\\/#website\"},\"primaryImageOfPage\":{\"@id\":\"https:\\\/\\\/lunara.fi\\\/?page_id=35#primaryimage\"},\"image\":{\"@id\":\"https:\\\/\\\/lunara.fi\\\/?page_id=35#primaryimage\"},\"thumbnailUrl\":\"https:\\\/\\\/lunara.fi\\\/wp-content\\\/uploads\\\/2024\\\/12\\\/rentous-3-1024x300.jpg\",\"datePublished\":\"2024-12-05T17:26:13+00:00\",\"dateModified\":\"2024-12-10T13:50:19+00:00\",\"breadcrumb\":{\"@id\":\"https:\\\/\\\/lunara.fi\\\/?page_id=35#breadcrumb\"},\"inLanguage\":\"fi\",\"potentialAction\":[{\"@type\":\"ReadAction\",\"target\":[\"https:\\\/\\\/lunara.fi\\\/?page_id=35\"]}]},{\"@type\":\"ImageObject\",\"inLanguage\":\"fi\",\"@id\":\"https:\\\/\\\/lunara.fi\\\/?page_id=35#primaryimage\",\"url\":\"https:\\\/\\\/lunara.fi\\\/wp-content\\\/uploads\\\/2024\\\/12\\\/rentous-3.jpg\",\"contentUrl\":\"https:\\\/\\\/lunara.fi\\\/wp-content\\\/uploads\\\/2024\\\/12\\\/rentous-3.jpg\",\"width\":1029,\"height\":301},{\"@type\":\"BreadcrumbList\",\"@id\":\"https:\\\/\\\/lunara.fi\\\/?page_id=35#breadcrumb\",\"itemListElement\":[{\"@type\":\"ListItem\",\"position\":1,\"name\":\"Etusivu\",\"item\":\"https:\\\/\\\/lunara.fi\\\/\"},{\"@type\":\"ListItem\",\"position\":2,\"name\":\"Rentous ja palautuminen\"}]},{\"@type\":\"WebSite\",\"@id\":\"https:\\\/\\\/lunara.fi\\\/#website\",\"url\":\"https:\\\/\\\/lunara.fi\\\/\",\"name\":\"Lunara\",\"description\":\"Tie rauhaan ja tasapainoon\",\"publisher\":{\"@id\":\"https:\\\/\\\/lunara.fi\\\/#organization\"},\"potentialAction\":[{\"@type\":\"SearchAction\",\"target\":{\"@type\":\"EntryPoint\",\"urlTemplate\":\"https:\\\/\\\/lunara.fi\\\/?s={search_term_string}\"},\"query-input\":{\"@type\":\"PropertyValueSpecification\",\"valueRequired\":true,\"valueName\":\"search_term_string\"}}],\"inLanguage\":\"fi\"},{\"@type\":\"Organization\",\"@id\":\"https:\\\/\\\/lunara.fi\\\/#organization\",\"name\":\"Lunara\",\"url\":\"https:\\\/\\\/lunara.fi\\\/\",\"logo\":{\"@type\":\"ImageObject\",\"inLanguage\":\"fi\",\"@id\":\"https:\\\/\\\/lunara.fi\\\/#\\\/schema\\\/logo\\\/image\\\/\",\"url\":\"https:\\\/\\\/lunara.fi\\\/wp-content\\\/uploads\\\/2024\\\/12\\\/logo.jpg\",\"contentUrl\":\"https:\\\/\\\/lunara.fi\\\/wp-content\\\/uploads\\\/2024\\\/12\\\/logo.jpg\",\"width\":513,\"height\":481,\"caption\":\"Lunara\"},\"image\":{\"@id\":\"https:\\\/\\\/lunara.fi\\\/#\\\/schema\\\/logo\\\/image\\\/\"}}]}<\/script>\n<!-- \/ Yoast SEO plugin. -->","yoast_head_json":{"title":"Rentous ja palautuminen - Lunara","robots":{"index":"index","follow":"follow","max-snippet":"max-snippet:-1","max-image-preview":"max-image-preview:large","max-video-preview":"max-video-preview:-1"},"canonical":"https:\/\/lunara.fi\/?page_id=35","og_locale":"fi_FI","og_type":"article","og_title":"Rentous ja palautuminen - Lunara","og_description":"Prana Syv\u00e4rentoutus &amp; Palautushoito &#8211; Hyvinvointia keholle ja mielelle Anna itsellesi mahdollisuus palauttaa elinvoima ja tasapaino t\u00e4m\u00e4n ainutlaatuisen, kokonaisvaltaisen hoidon avulla. Prana Syv\u00e4rentoutus &amp; Palautushoito on syv\u00e4hoitava el\u00e4mys, joka eheytt\u00e4\u00e4 kehoa ja mielt\u00e4 vapauttamalla tukoksia ja palauttamalla sis\u00e4isen harmonian. T\u00e4m\u00e4 hoito on erinomainen stressin lievitykseen sill\u00e4 se rauhoittaa hermostoa ja laskee sit\u00e4kautta stressitasoja. T\u00e4m\u00e4 kokonaisvaltainen [&hellip;]","og_url":"https:\/\/lunara.fi\/?page_id=35","og_site_name":"Lunara","article_modified_time":"2024-12-10T13:50:19+00:00","og_image":[{"width":1029,"height":301,"url":"https:\/\/lunara.fi\/wp-content\/uploads\/2024\/12\/rentous-3.jpg","type":"image\/jpeg"}],"twitter_card":"summary_large_image","twitter_misc":{"Arvioitu lukuaika":"2 minuuttia"},"schema":{"@context":"https:\/\/schema.org","@graph":[{"@type":"WebPage","@id":"https:\/\/lunara.fi\/?page_id=35","url":"https:\/\/lunara.fi\/?page_id=35","name":"Rentous ja palautuminen - Lunara","isPartOf":{"@id":"https:\/\/lunara.fi\/#website"},"primaryImageOfPage":{"@id":"https:\/\/lunara.fi\/?page_id=35#primaryimage"},"image":{"@id":"https:\/\/lunara.fi\/?page_id=35#primaryimage"},"thumbnailUrl":"https:\/\/lunara.fi\/wp-content\/uploads\/2024\/12\/rentous-3-1024x300.jpg","datePublished":"2024-12-05T17:26:13+00:00","dateModified":"2024-12-10T13:50:19+00:00","breadcrumb":{"@id":"https:\/\/lunara.fi\/?page_id=35#breadcrumb"},"inLanguage":"fi","potentialAction":[{"@type":"ReadAction","target":["https:\/\/lunara.fi\/?page_id=35"]}]},{"@type":"ImageObject","inLanguage":"fi","@id":"https:\/\/lunara.fi\/?page_id=35#primaryimage","url":"https:\/\/lunara.fi\/wp-content\/uploads\/2024\/12\/rentous-3.jpg","contentUrl":"https:\/\/lunara.fi\/wp-content\/uploads\/2024\/12\/rentous-3.jpg","width":1029,"height":301},{"@type":"BreadcrumbList","@id":"https:\/\/lunara.fi\/?page_id=35#breadcrumb","itemListElement":[{"@type":"ListItem","position":1,"name":"Etusivu","item":"https:\/\/lunara.fi\/"},{"@type":"ListItem","position":2,"name":"Rentous ja palautuminen"}]},{"@type":"WebSite","@id":"https:\/\/lunara.fi\/#website","url":"https:\/\/lunara.fi\/","name":"Lunara","description":"Tie rauhaan ja tasapainoon","publisher":{"@id":"https:\/\/lunara.fi\/#organization"},"potentialAction":[{"@type":"SearchAction","target":{"@type":"EntryPoint","urlTemplate":"https:\/\/lunara.fi\/?s={search_term_string}"},"query-input":{"@type":"PropertyValueSpecification","valueRequired":true,"valueName":"search_term_string"}}],"inLanguage":"fi"},{"@type":"Organization","@id":"https:\/\/lunara.fi\/#organization","name":"Lunara","url":"https:\/\/lunara.fi\/","logo":{"@type":"ImageObject","inLanguage":"fi","@id":"https:\/\/lunara.fi\/#\/schema\/logo\/image\/","url":"https:\/\/lunara.fi\/wp-content\/uploads\/2024\/12\/logo.jpg","contentUrl":"https:\/\/lunara.fi\/wp-content\/uploads\/2024\/12\/logo.jpg","width":513,"height":481,"caption":"Lunara"},"image":{"@id":"https:\/\/lunara.fi\/#\/schema\/logo\/image\/"}}]}},"_links":{"self":[{"href":"https:\/\/lunara.fi\/index.php?rest_route=\/wp\/v2\/pages\/35","targetHints":{"allow":["GET"]}}],"collection":[{"href":"https:\/\/lunara.fi\/index.php?rest_route=\/wp\/v2\/pages"}],"about":[{"href":"https:\/\/lunara.fi\/index.php?rest_route=\/wp\/v2\/types\/page"}],"author":[{"embeddable":true,"href":"https:\/\/lunara.fi\/index.php?rest_route=\/wp\/v2\/users\/1"}],"replies":[{"embeddable":true,"href":"https:\/\/lunara.fi\/index.php?rest_route=%2Fwp%2Fv2%2Fcomments&post=35"}],"version-history":[{"count":17,"href":"https:\/\/lunara.fi\/index.php?rest_route=\/wp\/v2\/pages\/35\/revisions"}],"predecessor-version":[{"id":204,"href":"https:\/\/lunara.fi\/index.php?rest_route=\/wp\/v2\/pages\/35\/revisions\/204"}],"wp:attachment":[{"href":"https:\/\/lunara.fi\/index.php?rest_route=%2Fwp%2Fv2%2Fmedia&parent=35"}],"curies":[{"name":"wp","href":"https:\/\/api.w.org\/{rel}","templated":true}]}}