{"id":359,"date":"2025-10-07T13:43:11","date_gmt":"2025-10-07T16:43:11","guid":{"rendered":"https:\/\/lunara.fi\/?page_id=359"},"modified":"2025-10-07T13:43:11","modified_gmt":"2025-10-07T16:43:11","slug":"luovan-maalauksen-illan-tunnelmia-27-9-2025","status":"publish","type":"page","link":"https:\/\/lunara.fi\/?page_id=359","title":{"rendered":"Luovan maalauksen illan tunnelmia 27.9.2025"},"content":{"rendered":"\n<p>Kiitos ihanat asiakkaat ja l\u00e4mmin kiitos Stifla &#8211; kenk\u00e4kahvila &amp; viinibaari .<\/p>\n\n\n\n<p>Eilinen maalaus- ja viini-ilta oli t\u00e4ynn\u00e4 iloa, luovuutta ja l\u00e4mp\u00f6\u00e4.&nbsp;<\/p>\n\n\n\n<p>Saimme yhdess\u00e4 kokea ihania hetki\u00e4, ja ilta synnytti upean kokoelman uniikkeja maalauksia&nbsp; v\u00e4rit, muodot ja luovuus p\u00e4\u00e4siv\u00e4t todella loistamaan! Jokaisella teoksella oli oma tarinansa ja minulla oli etuoikeus kuulla niin monia koskettavia el\u00e4m\u00e4ntarinoita teid\u00e4n suustanne.<\/p>\n\n\n\n<p>Monessa ty\u00f6ss\u00e4 v\u00e4littyi toivo ja luottamus , ne voimat, jotka kantavat meit\u00e4 my\u00f6s el\u00e4m\u00e4n myrskyiss\u00e4 ja aallokoissa.&nbsp;<\/p>\n\n\n\n<p>Eilinen ilta muistutti taas, miten taide yhdist\u00e4\u00e4 ja antaa tilaa oivaltaa.<\/p>\n\n\n\n<p>L\u00e4mmin kiitos viel\u00e4 kaikille mukana olleille, te teitte illasta ikimuistoisen.&nbsp;<\/p>\n\n\n\n<p>Ja t\u00e4ss\u00e4 viel\u00e4 eilisen tunnelmia taiteen siivin aitoina ja k\u00e4sittelem\u00e4tt\u00f6min\u00e4\u00a0<\/p>\n\n\n\n<p>Jos tahdot kokea itsekin luovuuden vapauttavan voiman niin j\u00e4\u00e4 seuraamaan sill\u00e4 lis\u00e4\u00e4 vastaavia tapahtumia tulossa syksyn aikana ymp\u00e4ri p\u00e4\u00e4kaupunki seutua. Tai jos sait t\u00e4st\u00e4 idean j\u00e4rjest\u00e4\u00e4 yst\u00e4viesi kanssa t\u00e4ll\u00e4isen illan niin ota yhteytt\u00e4. Luovan maalauksen illat sopivat my\u00f6s tyky p\u00e4ivien ohjelmaksi<\/p>\n\n\n\n<figure class=\"wp-block-image size-large\"><img loading=\"lazy\" decoding=\"async\" width=\"577\" height=\"1024\" src=\"https:\/\/lunara.fi\/wp-content\/uploads\/2025\/10\/20250927_181451-577x1024.jpg\" alt=\"\" class=\"wp-image-360\" srcset=\"https:\/\/lunara.fi\/wp-content\/uploads\/2025\/10\/20250927_181451-577x1024.jpg 577w, https:\/\/lunara.fi\/wp-content\/uploads\/2025\/10\/20250927_181451-169x300.jpg 169w, https:\/\/lunara.fi\/wp-content\/uploads\/2025\/10\/20250927_181451-768x1364.jpg 768w, https:\/\/lunara.fi\/wp-content\/uploads\/2025\/10\/20250927_181451-865x1536.jpg 865w, https:\/\/lunara.fi\/wp-content\/uploads\/2025\/10\/20250927_181451-1153x2048.jpg 1153w, https:\/\/lunara.fi\/wp-content\/uploads\/2025\/10\/20250927_181451-scaled.jpg 1442w\" sizes=\"auto, (max-width: 577px) 100vw, 577px\" \/><\/figure>\n","protected":false},"excerpt":{"rendered":"<p>Kiitos ihanat asiakkaat ja l\u00e4mmin kiitos Stifla &#8211; kenk\u00e4kahvila &amp; viinibaari . Eilinen maalaus- ja viini-ilta oli t\u00e4ynn\u00e4 iloa, luovuutta ja l\u00e4mp\u00f6\u00e4.&nbsp; Saimme yhdess\u00e4 kokea ihania hetki\u00e4, ja ilta synnytti upean kokoelman uniikkeja maalauksia&nbsp; v\u00e4rit, muodot ja luovuus p\u00e4\u00e4siv\u00e4t todella loistamaan! Jokaisella teoksella oli oma tarinansa ja minulla oli etuoikeus kuulla niin monia koskettavia el\u00e4m\u00e4ntarinoita [&hellip;]<\/p>\n","protected":false},"author":1,"featured_media":0,"parent":0,"menu_order":0,"comment_status":"closed","ping_status":"closed","template":"","meta":{"footnotes":""},"class_list":["post-359","page","type-page","status-publish","hentry"],"yoast_head":"<!-- This site is optimized with the Yoast SEO plugin v27.4 - https:\/\/yoast.com\/product\/yoast-seo-wordpress\/ -->\n<title>Luovan maalauksen illan tunnelmia 27.9.2025 - Lunara<\/title>\n<meta name=\"robots\" content=\"index, follow, max-snippet:-1, max-image-preview:large, max-video-preview:-1\" \/>\n<link rel=\"canonical\" href=\"https:\/\/lunara.fi\/?page_id=359\" \/>\n<meta property=\"og:locale\" content=\"fi_FI\" \/>\n<meta property=\"og:type\" content=\"article\" \/>\n<meta property=\"og:title\" content=\"Luovan maalauksen illan tunnelmia 27.9.2025 - Lunara\" \/>\n<meta property=\"og:description\" content=\"Kiitos ihanat asiakkaat ja l\u00e4mmin kiitos Stifla &#8211; kenk\u00e4kahvila &amp; viinibaari . Eilinen maalaus- ja viini-ilta oli t\u00e4ynn\u00e4 iloa, luovuutta ja l\u00e4mp\u00f6\u00e4.&nbsp; Saimme yhdess\u00e4 kokea ihania hetki\u00e4, ja ilta synnytti upean kokoelman uniikkeja maalauksia&nbsp; v\u00e4rit, muodot ja luovuus p\u00e4\u00e4siv\u00e4t todella loistamaan! Jokaisella teoksella oli oma tarinansa ja minulla oli etuoikeus kuulla niin monia koskettavia el\u00e4m\u00e4ntarinoita [&hellip;]\" \/>\n<meta property=\"og:url\" content=\"https:\/\/lunara.fi\/?page_id=359\" \/>\n<meta property=\"og:site_name\" content=\"Lunara\" \/>\n<meta property=\"og:image\" content=\"https:\/\/lunara.fi\/wp-content\/uploads\/2025\/10\/20250927_181451-scaled.jpg\" \/>\n\t<meta property=\"og:image:width\" content=\"1442\" \/>\n\t<meta property=\"og:image:height\" content=\"2560\" \/>\n\t<meta property=\"og:image:type\" content=\"image\/jpeg\" \/>\n<meta name=\"twitter:card\" content=\"summary_large_image\" \/>\n<meta name=\"twitter:label1\" content=\"Arvioitu lukuaika\" \/>\n\t<meta name=\"twitter:data1\" content=\"2 minuuttia\" \/>\n<script type=\"application\/ld+json\" class=\"yoast-schema-graph\">{\"@context\":\"https:\\\/\\\/schema.org\",\"@graph\":[{\"@type\":\"WebPage\",\"@id\":\"https:\\\/\\\/lunara.fi\\\/?page_id=359\",\"url\":\"https:\\\/\\\/lunara.fi\\\/?page_id=359\",\"name\":\"Luovan maalauksen illan tunnelmia 27.9.2025 - Lunara\",\"isPartOf\":{\"@id\":\"https:\\\/\\\/lunara.fi\\\/#website\"},\"primaryImageOfPage\":{\"@id\":\"https:\\\/\\\/lunara.fi\\\/?page_id=359#primaryimage\"},\"image\":{\"@id\":\"https:\\\/\\\/lunara.fi\\\/?page_id=359#primaryimage\"},\"thumbnailUrl\":\"https:\\\/\\\/lunara.fi\\\/wp-content\\\/uploads\\\/2025\\\/10\\\/20250927_181451-577x1024.jpg\",\"datePublished\":\"2025-10-07T16:43:11+00:00\",\"breadcrumb\":{\"@id\":\"https:\\\/\\\/lunara.fi\\\/?page_id=359#breadcrumb\"},\"inLanguage\":\"fi\",\"potentialAction\":[{\"@type\":\"ReadAction\",\"target\":[\"https:\\\/\\\/lunara.fi\\\/?page_id=359\"]}]},{\"@type\":\"ImageObject\",\"inLanguage\":\"fi\",\"@id\":\"https:\\\/\\\/lunara.fi\\\/?page_id=359#primaryimage\",\"url\":\"https:\\\/\\\/lunara.fi\\\/wp-content\\\/uploads\\\/2025\\\/10\\\/20250927_181451-scaled.jpg\",\"contentUrl\":\"https:\\\/\\\/lunara.fi\\\/wp-content\\\/uploads\\\/2025\\\/10\\\/20250927_181451-scaled.jpg\",\"width\":1442,\"height\":2560},{\"@type\":\"BreadcrumbList\",\"@id\":\"https:\\\/\\\/lunara.fi\\\/?page_id=359#breadcrumb\",\"itemListElement\":[{\"@type\":\"ListItem\",\"position\":1,\"name\":\"Etusivu\",\"item\":\"https:\\\/\\\/lunara.fi\\\/\"},{\"@type\":\"ListItem\",\"position\":2,\"name\":\"Luovan maalauksen illan tunnelmia 27.9.2025\"}]},{\"@type\":\"WebSite\",\"@id\":\"https:\\\/\\\/lunara.fi\\\/#website\",\"url\":\"https:\\\/\\\/lunara.fi\\\/\",\"name\":\"Lunara\",\"description\":\"Tie rauhaan ja tasapainoon\",\"publisher\":{\"@id\":\"https:\\\/\\\/lunara.fi\\\/#organization\"},\"potentialAction\":[{\"@type\":\"SearchAction\",\"target\":{\"@type\":\"EntryPoint\",\"urlTemplate\":\"https:\\\/\\\/lunara.fi\\\/?s={search_term_string}\"},\"query-input\":{\"@type\":\"PropertyValueSpecification\",\"valueRequired\":true,\"valueName\":\"search_term_string\"}}],\"inLanguage\":\"fi\"},{\"@type\":\"Organization\",\"@id\":\"https:\\\/\\\/lunara.fi\\\/#organization\",\"name\":\"Lunara\",\"url\":\"https:\\\/\\\/lunara.fi\\\/\",\"logo\":{\"@type\":\"ImageObject\",\"inLanguage\":\"fi\",\"@id\":\"https:\\\/\\\/lunara.fi\\\/#\\\/schema\\\/logo\\\/image\\\/\",\"url\":\"https:\\\/\\\/lunara.fi\\\/wp-content\\\/uploads\\\/2024\\\/12\\\/logo.jpg\",\"contentUrl\":\"https:\\\/\\\/lunara.fi\\\/wp-content\\\/uploads\\\/2024\\\/12\\\/logo.jpg\",\"width\":513,\"height\":481,\"caption\":\"Lunara\"},\"image\":{\"@id\":\"https:\\\/\\\/lunara.fi\\\/#\\\/schema\\\/logo\\\/image\\\/\"}}]}<\/script>\n<!-- \/ Yoast SEO plugin. -->","yoast_head_json":{"title":"Luovan maalauksen illan tunnelmia 27.9.2025 - Lunara","robots":{"index":"index","follow":"follow","max-snippet":"max-snippet:-1","max-image-preview":"max-image-preview:large","max-video-preview":"max-video-preview:-1"},"canonical":"https:\/\/lunara.fi\/?page_id=359","og_locale":"fi_FI","og_type":"article","og_title":"Luovan maalauksen illan tunnelmia 27.9.2025 - Lunara","og_description":"Kiitos ihanat asiakkaat ja l\u00e4mmin kiitos Stifla &#8211; kenk\u00e4kahvila &amp; viinibaari . Eilinen maalaus- ja viini-ilta oli t\u00e4ynn\u00e4 iloa, luovuutta ja l\u00e4mp\u00f6\u00e4.&nbsp; Saimme yhdess\u00e4 kokea ihania hetki\u00e4, ja ilta synnytti upean kokoelman uniikkeja maalauksia&nbsp; v\u00e4rit, muodot ja luovuus p\u00e4\u00e4siv\u00e4t todella loistamaan! Jokaisella teoksella oli oma tarinansa ja minulla oli etuoikeus kuulla niin monia koskettavia el\u00e4m\u00e4ntarinoita [&hellip;]","og_url":"https:\/\/lunara.fi\/?page_id=359","og_site_name":"Lunara","og_image":[{"width":1442,"height":2560,"url":"https:\/\/lunara.fi\/wp-content\/uploads\/2025\/10\/20250927_181451-scaled.jpg","type":"image\/jpeg"}],"twitter_card":"summary_large_image","twitter_misc":{"Arvioitu lukuaika":"2 minuuttia"},"schema":{"@context":"https:\/\/schema.org","@graph":[{"@type":"WebPage","@id":"https:\/\/lunara.fi\/?page_id=359","url":"https:\/\/lunara.fi\/?page_id=359","name":"Luovan maalauksen illan tunnelmia 27.9.2025 - Lunara","isPartOf":{"@id":"https:\/\/lunara.fi\/#website"},"primaryImageOfPage":{"@id":"https:\/\/lunara.fi\/?page_id=359#primaryimage"},"image":{"@id":"https:\/\/lunara.fi\/?page_id=359#primaryimage"},"thumbnailUrl":"https:\/\/lunara.fi\/wp-content\/uploads\/2025\/10\/20250927_181451-577x1024.jpg","datePublished":"2025-10-07T16:43:11+00:00","breadcrumb":{"@id":"https:\/\/lunara.fi\/?page_id=359#breadcrumb"},"inLanguage":"fi","potentialAction":[{"@type":"ReadAction","target":["https:\/\/lunara.fi\/?page_id=359"]}]},{"@type":"ImageObject","inLanguage":"fi","@id":"https:\/\/lunara.fi\/?page_id=359#primaryimage","url":"https:\/\/lunara.fi\/wp-content\/uploads\/2025\/10\/20250927_181451-scaled.jpg","contentUrl":"https:\/\/lunara.fi\/wp-content\/uploads\/2025\/10\/20250927_181451-scaled.jpg","width":1442,"height":2560},{"@type":"BreadcrumbList","@id":"https:\/\/lunara.fi\/?page_id=359#breadcrumb","itemListElement":[{"@type":"ListItem","position":1,"name":"Etusivu","item":"https:\/\/lunara.fi\/"},{"@type":"ListItem","position":2,"name":"Luovan maalauksen illan tunnelmia 27.9.2025"}]},{"@type":"WebSite","@id":"https:\/\/lunara.fi\/#website","url":"https:\/\/lunara.fi\/","name":"Lunara","description":"Tie rauhaan ja tasapainoon","publisher":{"@id":"https:\/\/lunara.fi\/#organization"},"potentialAction":[{"@type":"SearchAction","target":{"@type":"EntryPoint","urlTemplate":"https:\/\/lunara.fi\/?s={search_term_string}"},"query-input":{"@type":"PropertyValueSpecification","valueRequired":true,"valueName":"search_term_string"}}],"inLanguage":"fi"},{"@type":"Organization","@id":"https:\/\/lunara.fi\/#organization","name":"Lunara","url":"https:\/\/lunara.fi\/","logo":{"@type":"ImageObject","inLanguage":"fi","@id":"https:\/\/lunara.fi\/#\/schema\/logo\/image\/","url":"https:\/\/lunara.fi\/wp-content\/uploads\/2024\/12\/logo.jpg","contentUrl":"https:\/\/lunara.fi\/wp-content\/uploads\/2024\/12\/logo.jpg","width":513,"height":481,"caption":"Lunara"},"image":{"@id":"https:\/\/lunara.fi\/#\/schema\/logo\/image\/"}}]}},"_links":{"self":[{"href":"https:\/\/lunara.fi\/index.php?rest_route=\/wp\/v2\/pages\/359","targetHints":{"allow":["GET"]}}],"collection":[{"href":"https:\/\/lunara.fi\/index.php?rest_route=\/wp\/v2\/pages"}],"about":[{"href":"https:\/\/lunara.fi\/index.php?rest_route=\/wp\/v2\/types\/page"}],"author":[{"embeddable":true,"href":"https:\/\/lunara.fi\/index.php?rest_route=\/wp\/v2\/users\/1"}],"replies":[{"embeddable":true,"href":"https:\/\/lunara.fi\/index.php?rest_route=%2Fwp%2Fv2%2Fcomments&post=359"}],"version-history":[{"count":1,"href":"https:\/\/lunara.fi\/index.php?rest_route=\/wp\/v2\/pages\/359\/revisions"}],"predecessor-version":[{"id":361,"href":"https:\/\/lunara.fi\/index.php?rest_route=\/wp\/v2\/pages\/359\/revisions\/361"}],"wp:attachment":[{"href":"https:\/\/lunara.fi\/index.php?rest_route=%2Fwp%2Fv2%2Fmedia&parent=359"}],"curies":[{"name":"wp","href":"https:\/\/api.w.org\/{rel}","templated":true}]}}