{"id":363,"date":"2025-10-07T13:50:34","date_gmt":"2025-10-07T16:50:34","guid":{"rendered":"https:\/\/lunara.fi\/?page_id=363"},"modified":"2025-10-07T13:50:35","modified_gmt":"2025-10-07T16:50:35","slug":"elama-on-karsivallinen-opastaja","status":"publish","type":"page","link":"https:\/\/lunara.fi\/?page_id=363","title":{"rendered":"El\u00e4m\u00e4 on k\u00e4rsiv\u00e4llinen opastaja"},"content":{"rendered":"\n<p>Katson ikkunasta ulos. Syystuuli py\u00f6ritt\u00e4\u00e4 puita ja lehdet irtoavat oksistaan kevyesti, aivan kuin ne tiet\u00e4isiv\u00e4t tarkalleen, milloin on aika p\u00e4\u00e4st\u00e4\u00e4 irti.<\/p>\n\n\n\n<p>Luonnossa mik\u00e4\u00e4n ei suorita. Puut eiv\u00e4t tarraudu lehtiins\u00e4, lehdet eiv\u00e4t taistele vastaan. Kaikki tapahtuu vaivattomasti, omassa rytmiss\u00e4\u00e4n, paitsi me ihmiset. Me takerrumme, ponnistelemme ja yrit\u00e4mme hallita el\u00e4m\u00e4\u00e4, vaikka sen luonne on kuljettaa meit\u00e4 lempe\u00e4sti eteenp\u00e4in, vaiheesta toiseen.<\/p>\n\n\n\n<p>Mieleeni nousee hetki vuoden takaa, jolloin sain viestin rakkaan yst\u00e4v\u00e4ni kuolemasta. H\u00e4n l\u00e4hti aivan liian varhain, j\u00e4tt\u00e4en j\u00e4lkeens\u00e4 nuoret lapset ja suuren rakkauden, joka viel\u00e4kin tuntuu monien syd\u00e4miss\u00e4. Pari vuotta aiemmin h\u00e4n oli saanut tiet\u00e4\u00e4 sairastavansa vakavasti. Sain kulkea h\u00e4nen rinnallaan tuossa prosessissa, jossa el\u00e4m\u00e4 pys\u00e4ytti musertavalla tavalla.<\/p>\n\n\n\n<p>En voinut neuvoa, enk\u00e4 oikeastaan lohduttaakaan sill\u00e4 minulla ei ollut samanlaista kokemusta. Mutta huomasin, ett\u00e4 vierell\u00e4 kulkeminen riitti. Alkuj\u00e4rkytyksen ja taistelun j\u00e4lkeen yst\u00e4v\u00e4ni alkoi v\u00e4hitellen hyv\u00e4ksy\u00e4 tilanteensa. Se oli pys\u00e4ytt\u00e4v\u00e4\u00e4 n\u00e4hd\u00e4: kaiken kamppailun keskell\u00e4 h\u00e4nen olemuksensa alkoi s\u00e4teill\u00e4 vapautta, rauhaa ja syv\u00e4\u00e4 luottamusta, jollaista en ollut ennen n\u00e4hnyt.<\/p>\n\n\n\n<p>H\u00e4n lakkasi s\u00e4\u00e4stelem\u00e4st\u00e4 el\u00e4m\u00e4\u00e4 kuin juhlakakkua, jota ei uskalla koskaan sy\u00f6d\u00e4&nbsp; ja alkoi todella el\u00e4\u00e4 jokaisen p\u00e4iv\u00e4n kuin se olisi viimeinen. Viimeisin\u00e4 kuukausinaan h\u00e4n puhui avoimesti ja viisaasti, rakasti t\u00e4ydemmin kuin koskaan ja antoi rakkautensa n\u00e4ky\u00e4 teoissaan. H\u00e4n oli kuin enkeli: aina valmis auttamaan muita, silloinkin kun itse oli heikoimmillaan. H\u00e4n j\u00e4tti j\u00e4lkeens\u00e4 rakkauden j\u00e4ljen, joka kantaa edelleen.<\/p>\n\n\n\n<p>Kun muistelen h\u00e4nt\u00e4 ja katselen ikkunasta leijuvia lehti\u00e4, ymm\u00e4rr\u00e4n j\u00e4lleen, kuinka el\u00e4m\u00e4 on meille kaikille k\u00e4rsiv\u00e4llinen, kaunis opettaja. Se puhuu meille jokaiselle omalla tavallaan, joskus lempe\u00e4sti kuiskaten, joskus pys\u00e4ytt\u00e4m\u00e4ll\u00e4 syv\u00e4sti. Todellinen hyvinvointi ei ole s\u00e4\u00e4nt\u00f6jen noudattamista, t\u00e4ydellisi\u00e4 el\u00e4m\u00e4ntapoja tai el\u00e4m\u00e4n kontrollointia. Se on vapautta, joka syntyy luottamuksesta ja sis\u00e4isest\u00e4 rauhasta.<\/p>\n\n\n\n<p>Se l\u00f6ytyy silloin, kun suostumme p\u00e4\u00e4st\u00e4m\u00e4\u00e4n irti, hyv\u00e4ksym\u00e4\u00e4n sen, mit\u00e4 on ja el\u00e4m\u00e4\u00e4n syd\u00e4mest\u00e4 k\u00e4sin. Se on hiljaista tietoa: min\u00e4 selvi\u00e4n. Se on halua rakastaa ja palvella muita,&nbsp; ei suorittamalla, vaan olemalla l\u00e4sn\u00e4.<\/p>\n\n\n\n<p>Ehk\u00e4 juuri t\u00e4n\u00e4\u00e4n, kun syksyn lehdet muistuttavat meit\u00e4 irti p\u00e4\u00e4st\u00e4misen kauneudesta, voisimme pys\u00e4hty\u00e4 ja kysy\u00e4 itselt\u00e4mme:<\/p>\n\n\n\n<p>\u201cMit\u00e4 el\u00e4m\u00e4 yritt\u00e4\u00e4 opettaa minulle juuri nyt?\u201d<\/p>\n\n\n\n<p>\u201cMiss\u00e4 kohdassa voisin lakata ponnistelemasta ja vain luottaa?\u201d&nbsp;<\/p>\n\n\n\n<p>El\u00e4m\u00e4 ei ole meit\u00e4 vastaan vaan se on aina meid\u00e4n puolellamme. Jokainen hetki, my\u00f6s ne vaikeat, k\u00e4tkee sis\u00e4\u00e4ns\u00e4 lahjan. Kun opimme kuuntelemaan, l\u00f6yd\u00e4mme todellisen hyvinvoinnin: rauhan, joka ei horju edes el\u00e4m\u00e4n myrskyiss\u00e4.&nbsp;<\/p>\n\n\n\n<p>Lempe\u00e4\u00e4 lepop\u00e4iv\u00e4\u00e4 sinulle toivoen,<\/p>\n\n\n\n<p>Satu<\/p>\n\n\n\n<figure class=\"wp-block-image size-large\"><img loading=\"lazy\" decoding=\"async\" width=\"768\" height=\"1024\" src=\"https:\/\/lunara.fi\/wp-content\/uploads\/2025\/10\/IMG-20250929-WA0042-4-768x1024.jpg\" alt=\"\" class=\"wp-image-364\" srcset=\"https:\/\/lunara.fi\/wp-content\/uploads\/2025\/10\/IMG-20250929-WA0042-4-768x1024.jpg 768w, https:\/\/lunara.fi\/wp-content\/uploads\/2025\/10\/IMG-20250929-WA0042-4-225x300.jpg 225w, https:\/\/lunara.fi\/wp-content\/uploads\/2025\/10\/IMG-20250929-WA0042-4-1152x1536.jpg 1152w, https:\/\/lunara.fi\/wp-content\/uploads\/2025\/10\/IMG-20250929-WA0042-4.jpg 1500w\" sizes=\"auto, (max-width: 768px) 100vw, 768px\" \/><\/figure>\n","protected":false},"excerpt":{"rendered":"<p>Katson ikkunasta ulos. Syystuuli py\u00f6ritt\u00e4\u00e4 puita ja lehdet irtoavat oksistaan kevyesti, aivan kuin ne tiet\u00e4isiv\u00e4t tarkalleen, milloin on aika p\u00e4\u00e4st\u00e4\u00e4 irti. Luonnossa mik\u00e4\u00e4n ei suorita. Puut eiv\u00e4t tarraudu lehtiins\u00e4, lehdet eiv\u00e4t taistele vastaan. Kaikki tapahtuu vaivattomasti, omassa rytmiss\u00e4\u00e4n, paitsi me ihmiset. Me takerrumme, ponnistelemme ja yrit\u00e4mme hallita el\u00e4m\u00e4\u00e4, vaikka sen luonne on kuljettaa meit\u00e4 lempe\u00e4sti [&hellip;]<\/p>\n","protected":false},"author":1,"featured_media":0,"parent":0,"menu_order":0,"comment_status":"closed","ping_status":"closed","template":"","meta":{"footnotes":""},"class_list":["post-363","page","type-page","status-publish","hentry"],"yoast_head":"<!-- This site is optimized with the Yoast SEO plugin v27.4 - https:\/\/yoast.com\/product\/yoast-seo-wordpress\/ -->\n<title>El\u00e4m\u00e4 on k\u00e4rsiv\u00e4llinen opastaja - Lunara<\/title>\n<meta name=\"robots\" content=\"index, follow, max-snippet:-1, max-image-preview:large, max-video-preview:-1\" \/>\n<link rel=\"canonical\" href=\"https:\/\/lunara.fi\/?page_id=363\" \/>\n<meta property=\"og:locale\" content=\"fi_FI\" \/>\n<meta property=\"og:type\" content=\"article\" \/>\n<meta property=\"og:title\" content=\"El\u00e4m\u00e4 on k\u00e4rsiv\u00e4llinen opastaja - Lunara\" \/>\n<meta property=\"og:description\" content=\"Katson ikkunasta ulos. Syystuuli py\u00f6ritt\u00e4\u00e4 puita ja lehdet irtoavat oksistaan kevyesti, aivan kuin ne tiet\u00e4isiv\u00e4t tarkalleen, milloin on aika p\u00e4\u00e4st\u00e4\u00e4 irti. Luonnossa mik\u00e4\u00e4n ei suorita. Puut eiv\u00e4t tarraudu lehtiins\u00e4, lehdet eiv\u00e4t taistele vastaan. Kaikki tapahtuu vaivattomasti, omassa rytmiss\u00e4\u00e4n, paitsi me ihmiset. Me takerrumme, ponnistelemme ja yrit\u00e4mme hallita el\u00e4m\u00e4\u00e4, vaikka sen luonne on kuljettaa meit\u00e4 lempe\u00e4sti [&hellip;]\" \/>\n<meta property=\"og:url\" content=\"https:\/\/lunara.fi\/?page_id=363\" \/>\n<meta property=\"og:site_name\" content=\"Lunara\" \/>\n<meta property=\"article:modified_time\" content=\"2025-10-07T16:50:35+00:00\" \/>\n<meta property=\"og:image\" content=\"https:\/\/lunara.fi\/wp-content\/uploads\/2025\/10\/IMG-20250929-WA0042-4.jpg\" \/>\n\t<meta property=\"og:image:width\" content=\"1500\" \/>\n\t<meta property=\"og:image:height\" content=\"2000\" \/>\n\t<meta property=\"og:image:type\" content=\"image\/jpeg\" \/>\n<meta name=\"twitter:card\" content=\"summary_large_image\" \/>\n<meta name=\"twitter:label1\" content=\"Arvioitu lukuaika\" \/>\n\t<meta name=\"twitter:data1\" content=\"3 minuuttia\" \/>\n<script type=\"application\/ld+json\" class=\"yoast-schema-graph\">{\"@context\":\"https:\\\/\\\/schema.org\",\"@graph\":[{\"@type\":\"WebPage\",\"@id\":\"https:\\\/\\\/lunara.fi\\\/?page_id=363\",\"url\":\"https:\\\/\\\/lunara.fi\\\/?page_id=363\",\"name\":\"El\u00e4m\u00e4 on k\u00e4rsiv\u00e4llinen opastaja - Lunara\",\"isPartOf\":{\"@id\":\"https:\\\/\\\/lunara.fi\\\/#website\"},\"primaryImageOfPage\":{\"@id\":\"https:\\\/\\\/lunara.fi\\\/?page_id=363#primaryimage\"},\"image\":{\"@id\":\"https:\\\/\\\/lunara.fi\\\/?page_id=363#primaryimage\"},\"thumbnailUrl\":\"https:\\\/\\\/lunara.fi\\\/wp-content\\\/uploads\\\/2025\\\/10\\\/IMG-20250929-WA0042-4-768x1024.jpg\",\"datePublished\":\"2025-10-07T16:50:34+00:00\",\"dateModified\":\"2025-10-07T16:50:35+00:00\",\"breadcrumb\":{\"@id\":\"https:\\\/\\\/lunara.fi\\\/?page_id=363#breadcrumb\"},\"inLanguage\":\"fi\",\"potentialAction\":[{\"@type\":\"ReadAction\",\"target\":[\"https:\\\/\\\/lunara.fi\\\/?page_id=363\"]}]},{\"@type\":\"ImageObject\",\"inLanguage\":\"fi\",\"@id\":\"https:\\\/\\\/lunara.fi\\\/?page_id=363#primaryimage\",\"url\":\"https:\\\/\\\/lunara.fi\\\/wp-content\\\/uploads\\\/2025\\\/10\\\/IMG-20250929-WA0042-4.jpg\",\"contentUrl\":\"https:\\\/\\\/lunara.fi\\\/wp-content\\\/uploads\\\/2025\\\/10\\\/IMG-20250929-WA0042-4.jpg\",\"width\":1500,\"height\":2000},{\"@type\":\"BreadcrumbList\",\"@id\":\"https:\\\/\\\/lunara.fi\\\/?page_id=363#breadcrumb\",\"itemListElement\":[{\"@type\":\"ListItem\",\"position\":1,\"name\":\"Etusivu\",\"item\":\"https:\\\/\\\/lunara.fi\\\/\"},{\"@type\":\"ListItem\",\"position\":2,\"name\":\"El\u00e4m\u00e4 on k\u00e4rsiv\u00e4llinen opastaja\"}]},{\"@type\":\"WebSite\",\"@id\":\"https:\\\/\\\/lunara.fi\\\/#website\",\"url\":\"https:\\\/\\\/lunara.fi\\\/\",\"name\":\"Lunara\",\"description\":\"Tie rauhaan ja tasapainoon\",\"publisher\":{\"@id\":\"https:\\\/\\\/lunara.fi\\\/#organization\"},\"potentialAction\":[{\"@type\":\"SearchAction\",\"target\":{\"@type\":\"EntryPoint\",\"urlTemplate\":\"https:\\\/\\\/lunara.fi\\\/?s={search_term_string}\"},\"query-input\":{\"@type\":\"PropertyValueSpecification\",\"valueRequired\":true,\"valueName\":\"search_term_string\"}}],\"inLanguage\":\"fi\"},{\"@type\":\"Organization\",\"@id\":\"https:\\\/\\\/lunara.fi\\\/#organization\",\"name\":\"Lunara\",\"url\":\"https:\\\/\\\/lunara.fi\\\/\",\"logo\":{\"@type\":\"ImageObject\",\"inLanguage\":\"fi\",\"@id\":\"https:\\\/\\\/lunara.fi\\\/#\\\/schema\\\/logo\\\/image\\\/\",\"url\":\"https:\\\/\\\/lunara.fi\\\/wp-content\\\/uploads\\\/2024\\\/12\\\/logo.jpg\",\"contentUrl\":\"https:\\\/\\\/lunara.fi\\\/wp-content\\\/uploads\\\/2024\\\/12\\\/logo.jpg\",\"width\":513,\"height\":481,\"caption\":\"Lunara\"},\"image\":{\"@id\":\"https:\\\/\\\/lunara.fi\\\/#\\\/schema\\\/logo\\\/image\\\/\"}}]}<\/script>\n<!-- \/ Yoast SEO plugin. -->","yoast_head_json":{"title":"El\u00e4m\u00e4 on k\u00e4rsiv\u00e4llinen opastaja - Lunara","robots":{"index":"index","follow":"follow","max-snippet":"max-snippet:-1","max-image-preview":"max-image-preview:large","max-video-preview":"max-video-preview:-1"},"canonical":"https:\/\/lunara.fi\/?page_id=363","og_locale":"fi_FI","og_type":"article","og_title":"El\u00e4m\u00e4 on k\u00e4rsiv\u00e4llinen opastaja - Lunara","og_description":"Katson ikkunasta ulos. Syystuuli py\u00f6ritt\u00e4\u00e4 puita ja lehdet irtoavat oksistaan kevyesti, aivan kuin ne tiet\u00e4isiv\u00e4t tarkalleen, milloin on aika p\u00e4\u00e4st\u00e4\u00e4 irti. Luonnossa mik\u00e4\u00e4n ei suorita. Puut eiv\u00e4t tarraudu lehtiins\u00e4, lehdet eiv\u00e4t taistele vastaan. Kaikki tapahtuu vaivattomasti, omassa rytmiss\u00e4\u00e4n, paitsi me ihmiset. Me takerrumme, ponnistelemme ja yrit\u00e4mme hallita el\u00e4m\u00e4\u00e4, vaikka sen luonne on kuljettaa meit\u00e4 lempe\u00e4sti [&hellip;]","og_url":"https:\/\/lunara.fi\/?page_id=363","og_site_name":"Lunara","article_modified_time":"2025-10-07T16:50:35+00:00","og_image":[{"width":1500,"height":2000,"url":"https:\/\/lunara.fi\/wp-content\/uploads\/2025\/10\/IMG-20250929-WA0042-4.jpg","type":"image\/jpeg"}],"twitter_card":"summary_large_image","twitter_misc":{"Arvioitu lukuaika":"3 minuuttia"},"schema":{"@context":"https:\/\/schema.org","@graph":[{"@type":"WebPage","@id":"https:\/\/lunara.fi\/?page_id=363","url":"https:\/\/lunara.fi\/?page_id=363","name":"El\u00e4m\u00e4 on k\u00e4rsiv\u00e4llinen opastaja - Lunara","isPartOf":{"@id":"https:\/\/lunara.fi\/#website"},"primaryImageOfPage":{"@id":"https:\/\/lunara.fi\/?page_id=363#primaryimage"},"image":{"@id":"https:\/\/lunara.fi\/?page_id=363#primaryimage"},"thumbnailUrl":"https:\/\/lunara.fi\/wp-content\/uploads\/2025\/10\/IMG-20250929-WA0042-4-768x1024.jpg","datePublished":"2025-10-07T16:50:34+00:00","dateModified":"2025-10-07T16:50:35+00:00","breadcrumb":{"@id":"https:\/\/lunara.fi\/?page_id=363#breadcrumb"},"inLanguage":"fi","potentialAction":[{"@type":"ReadAction","target":["https:\/\/lunara.fi\/?page_id=363"]}]},{"@type":"ImageObject","inLanguage":"fi","@id":"https:\/\/lunara.fi\/?page_id=363#primaryimage","url":"https:\/\/lunara.fi\/wp-content\/uploads\/2025\/10\/IMG-20250929-WA0042-4.jpg","contentUrl":"https:\/\/lunara.fi\/wp-content\/uploads\/2025\/10\/IMG-20250929-WA0042-4.jpg","width":1500,"height":2000},{"@type":"BreadcrumbList","@id":"https:\/\/lunara.fi\/?page_id=363#breadcrumb","itemListElement":[{"@type":"ListItem","position":1,"name":"Etusivu","item":"https:\/\/lunara.fi\/"},{"@type":"ListItem","position":2,"name":"El\u00e4m\u00e4 on k\u00e4rsiv\u00e4llinen opastaja"}]},{"@type":"WebSite","@id":"https:\/\/lunara.fi\/#website","url":"https:\/\/lunara.fi\/","name":"Lunara","description":"Tie rauhaan ja tasapainoon","publisher":{"@id":"https:\/\/lunara.fi\/#organization"},"potentialAction":[{"@type":"SearchAction","target":{"@type":"EntryPoint","urlTemplate":"https:\/\/lunara.fi\/?s={search_term_string}"},"query-input":{"@type":"PropertyValueSpecification","valueRequired":true,"valueName":"search_term_string"}}],"inLanguage":"fi"},{"@type":"Organization","@id":"https:\/\/lunara.fi\/#organization","name":"Lunara","url":"https:\/\/lunara.fi\/","logo":{"@type":"ImageObject","inLanguage":"fi","@id":"https:\/\/lunara.fi\/#\/schema\/logo\/image\/","url":"https:\/\/lunara.fi\/wp-content\/uploads\/2024\/12\/logo.jpg","contentUrl":"https:\/\/lunara.fi\/wp-content\/uploads\/2024\/12\/logo.jpg","width":513,"height":481,"caption":"Lunara"},"image":{"@id":"https:\/\/lunara.fi\/#\/schema\/logo\/image\/"}}]}},"_links":{"self":[{"href":"https:\/\/lunara.fi\/index.php?rest_route=\/wp\/v2\/pages\/363","targetHints":{"allow":["GET"]}}],"collection":[{"href":"https:\/\/lunara.fi\/index.php?rest_route=\/wp\/v2\/pages"}],"about":[{"href":"https:\/\/lunara.fi\/index.php?rest_route=\/wp\/v2\/types\/page"}],"author":[{"embeddable":true,"href":"https:\/\/lunara.fi\/index.php?rest_route=\/wp\/v2\/users\/1"}],"replies":[{"embeddable":true,"href":"https:\/\/lunara.fi\/index.php?rest_route=%2Fwp%2Fv2%2Fcomments&post=363"}],"version-history":[{"count":1,"href":"https:\/\/lunara.fi\/index.php?rest_route=\/wp\/v2\/pages\/363\/revisions"}],"predecessor-version":[{"id":365,"href":"https:\/\/lunara.fi\/index.php?rest_route=\/wp\/v2\/pages\/363\/revisions\/365"}],"wp:attachment":[{"href":"https:\/\/lunara.fi\/index.php?rest_route=%2Fwp%2Fv2%2Fmedia&parent=363"}],"curies":[{"name":"wp","href":"https:\/\/api.w.org\/{rel}","templated":true}]}}