{"id":386,"date":"2025-11-19T08:00:42","date_gmt":"2025-11-19T11:00:42","guid":{"rendered":"https:\/\/lunara.fi\/?page_id=386"},"modified":"2025-11-19T08:00:43","modified_gmt":"2025-11-19T11:00:43","slug":"luovan-maalauksen-ryhmat","status":"publish","type":"page","link":"https:\/\/lunara.fi\/?page_id=386","title":{"rendered":"Luovan maalauksen ryhm\u00e4t"},"content":{"rendered":"\n<p id=\"m_7922011689950683292docs-internal-guid-aaef2dd8-7fff-016d-90aa-827cbd5bddd9\">Luovan maalauksen illat ovat t\u00e4ynn\u00e4 el\u00e4myksi\u00e4, oivalluksia ja yhteis\u00f6llisyytt\u00e4<\/p>\n\n\n\n<p>Luovan maalauksen illat ovat kutsu pys\u00e4htymiseen, inspiroitumiseen ja yhdess\u00e4 tekemisen iloon. Ne tarjoavat rennon ja el\u00e4myksellisen tavan kokea luovuuden flow niin yst\u00e4v\u00e4porukoille, ty\u00f6yhteis\u00f6ille, j\u00e4rjest\u00f6ille kuin juhlap\u00e4ivien ohjelmanumeroksikin.<\/p>\n\n\n\n<p>Ty\u00f6paja sopii loistavasti esimerkiksi tiimip\u00e4iviin, tyky- ja tyhy-p\u00e4iviin, kickoff-tilaisuuksiin, pikkujouluihin, syntym\u00e4p\u00e4iville, polttareihin \u2013 tai kun kaipaatte yksinkertaisesti merkityksellist\u00e4 tapaa viett\u00e4\u00e4 yhteist\u00e4 aikaa.<\/p>\n\n\n\n<p>Kaikille avoin, turvallinen ja kannustava tila luovuudelle. Luovan maalauksen ty\u00f6paja ei vaadi aiempaa kokemusta taiteesta. Ohjaaja kulkee ryhm\u00e4n mukana koko prosessin ajan, antaa tarpeen mukaan teknisi\u00e4 vinkkej\u00e4 ja kannustaa jokaista l\u00f6yt\u00e4m\u00e4\u00e4n oman n\u00e4k\u00f6isen visuaalisen ilmaisun.<\/p>\n\n\n\n<p>Jokainen osallistuja p\u00e4\u00e4see toteuttamaan itse\u00e4\u00e4n omassa rytmiss\u00e4\u00e4n, onnistuen juuri sellaisena kuin on.El\u00e4m\u00e4nkaari-ty\u00f6pajat tukee syvemp\u00e4\u00e4 l\u00e4sn\u00e4oloa ja hyvinvointia<\/p>\n\n\n\n<p>Ohjaan El\u00e4m\u00e4nkaari-luovia maalausty\u00f6pajoja sek\u00e4 \u00e4\u00e4nimaljarentoutuksia, jotka voidaan yhdist\u00e4\u00e4 kokonaisvaltaiseksi hyvinvointihetkeksi tai toteuttaa erikseen. Yhdess\u00e4 ne muodostavat syv\u00e4sti palauttavan kokemuksen, jossa luovuus, rentoutuminen ja lempe\u00e4 oivaltaminen kulkevat rinnakkain.<\/p>\n\n\n\n<p>Ty\u00f6pajat avaavat tilan omien el\u00e4m\u00e4npolkujen, ajatusten ja tunteiden maalaamiseen. Ne rohkaisevat heitt\u00e4ytym\u00e4\u00e4n, lis\u00e4\u00e4v\u00e4t l\u00e4sn\u00e4oloa ja vahvistavat yhteytt\u00e4 sek\u00e4 itseen ett\u00e4 muihin.<\/p>\n\n\n\n<p>Erityisen hyvin ne sopivat ty\u00f6yhteis\u00f6ille, jotka haluavat lis\u00e4t\u00e4 me-henke\u00e4, aitoa kohtaamista, yhteisty\u00f6t\u00e4 ja henkist\u00e4 hyvinvointia.<\/p>\n\n\n\n<ul class=\"wp-block-list\">\n<li>Luovuus vahvistaa hyvinvointia<\/li>\n<\/ul>\n\n\n\n<ul class=\"wp-block-list\">\n<li>Maalaaminen ja piirt\u00e4minen auttavat:<\/li>\n<\/ul>\n\n\n\n<ul class=\"wp-block-list\">\n<li>rauhoittumaan ja palautumaan kiireen keskell\u00e4<\/li>\n<\/ul>\n\n\n\n<ul class=\"wp-block-list\">\n<li>katsomaan asioita uusista n\u00e4k\u00f6kulmista<\/li>\n<\/ul>\n\n\n\n<ul class=\"wp-block-list\">\n<li>vahvistamaan tiimihenke\u00e4 ja yhteist\u00e4 ymm\u00e4rryst\u00e4<\/li>\n<\/ul>\n\n\n\n<ul class=\"wp-block-list\">\n<li>her\u00e4tt\u00e4m\u00e4\u00e4n inspiraatiota ja uusia oivalluksia<\/li>\n<\/ul>\n\n\n\n<ul class=\"wp-block-list\">\n<li>tuomaan arkeen iloa ja keveytt\u00e4<\/li>\n<\/ul>\n\n\n\n<p>Luovuus on mit\u00e4 lempeint\u00e4, kokonaisvaltaisinta rentoutumista mielelle, keholle ja sielulle.Malaa tiesi keveyteen ja l\u00f6yd\u00e4 harmonia, yhteys ja luovuuden tuoma ilo.<\/p>\n\n\n\n<p>Tervetuloa kokemaan jotain uutta, innostavaa ja syv\u00e4sti voimaannuttavaa.<\/p>\n\n\n\n<figure class=\"wp-block-image size-large\"><img loading=\"lazy\" decoding=\"async\" width=\"1024\" height=\"1024\" src=\"https:\/\/lunara.fi\/wp-content\/uploads\/2025\/11\/20251113_113303-COLLAGE2-1-1024x1024.jpg\" alt=\"\" class=\"wp-image-387\" srcset=\"https:\/\/lunara.fi\/wp-content\/uploads\/2025\/11\/20251113_113303-COLLAGE2-1-1024x1024.jpg 1024w, https:\/\/lunara.fi\/wp-content\/uploads\/2025\/11\/20251113_113303-COLLAGE2-1-300x300.jpg 300w, https:\/\/lunara.fi\/wp-content\/uploads\/2025\/11\/20251113_113303-COLLAGE2-1-150x150.jpg 150w, https:\/\/lunara.fi\/wp-content\/uploads\/2025\/11\/20251113_113303-COLLAGE2-1-768x768.jpg 768w, https:\/\/lunara.fi\/wp-content\/uploads\/2025\/11\/20251113_113303-COLLAGE2-1-1536x1536.jpg 1536w, https:\/\/lunara.fi\/wp-content\/uploads\/2025\/11\/20251113_113303-COLLAGE2-1-2048x2048.jpg 2048w\" sizes=\"auto, (max-width: 1024px) 100vw, 1024px\" \/><\/figure>\n\n\n\n<figure class=\"wp-block-image size-large\"><img loading=\"lazy\" decoding=\"async\" width=\"1024\" height=\"1024\" src=\"https:\/\/lunara.fi\/wp-content\/uploads\/2025\/11\/1000121891-1024x1024.jpg\" alt=\"\" class=\"wp-image-388\" srcset=\"https:\/\/lunara.fi\/wp-content\/uploads\/2025\/11\/1000121891-1024x1024.jpg 1024w, https:\/\/lunara.fi\/wp-content\/uploads\/2025\/11\/1000121891-300x300.jpg 300w, https:\/\/lunara.fi\/wp-content\/uploads\/2025\/11\/1000121891-150x150.jpg 150w, https:\/\/lunara.fi\/wp-content\/uploads\/2025\/11\/1000121891-768x768.jpg 768w, https:\/\/lunara.fi\/wp-content\/uploads\/2025\/11\/1000121891-1536x1536.jpg 1536w, https:\/\/lunara.fi\/wp-content\/uploads\/2025\/11\/1000121891-2048x2048.jpg 2048w\" sizes=\"auto, (max-width: 1024px) 100vw, 1024px\" \/><\/figure>\n","protected":false},"excerpt":{"rendered":"<p>Luovan maalauksen illat ovat t\u00e4ynn\u00e4 el\u00e4myksi\u00e4, oivalluksia ja yhteis\u00f6llisyytt\u00e4 Luovan maalauksen illat ovat kutsu pys\u00e4htymiseen, inspiroitumiseen ja yhdess\u00e4 tekemisen iloon. Ne tarjoavat rennon ja el\u00e4myksellisen tavan kokea luovuuden flow niin yst\u00e4v\u00e4porukoille, ty\u00f6yhteis\u00f6ille, j\u00e4rjest\u00f6ille kuin juhlap\u00e4ivien ohjelmanumeroksikin. Ty\u00f6paja sopii loistavasti esimerkiksi tiimip\u00e4iviin, tyky- ja tyhy-p\u00e4iviin, kickoff-tilaisuuksiin, pikkujouluihin, syntym\u00e4p\u00e4iville, polttareihin \u2013 tai kun kaipaatte yksinkertaisesti merkityksellist\u00e4 tapaa [&hellip;]<\/p>\n","protected":false},"author":1,"featured_media":0,"parent":0,"menu_order":0,"comment_status":"closed","ping_status":"closed","template":"","meta":{"footnotes":""},"class_list":["post-386","page","type-page","status-publish","hentry"],"yoast_head":"<!-- This site is optimized with the Yoast SEO plugin v27.4 - https:\/\/yoast.com\/product\/yoast-seo-wordpress\/ -->\n<title>Luovan maalauksen ryhm\u00e4t - Lunara<\/title>\n<meta name=\"robots\" content=\"index, follow, max-snippet:-1, max-image-preview:large, max-video-preview:-1\" \/>\n<link rel=\"canonical\" href=\"https:\/\/lunara.fi\/?page_id=386\" \/>\n<meta property=\"og:locale\" content=\"fi_FI\" \/>\n<meta property=\"og:type\" content=\"article\" \/>\n<meta property=\"og:title\" content=\"Luovan maalauksen ryhm\u00e4t - Lunara\" \/>\n<meta property=\"og:description\" content=\"Luovan maalauksen illat ovat t\u00e4ynn\u00e4 el\u00e4myksi\u00e4, oivalluksia ja yhteis\u00f6llisyytt\u00e4 Luovan maalauksen illat ovat kutsu pys\u00e4htymiseen, inspiroitumiseen ja yhdess\u00e4 tekemisen iloon. Ne tarjoavat rennon ja el\u00e4myksellisen tavan kokea luovuuden flow niin yst\u00e4v\u00e4porukoille, ty\u00f6yhteis\u00f6ille, j\u00e4rjest\u00f6ille kuin juhlap\u00e4ivien ohjelmanumeroksikin. Ty\u00f6paja sopii loistavasti esimerkiksi tiimip\u00e4iviin, tyky- ja tyhy-p\u00e4iviin, kickoff-tilaisuuksiin, pikkujouluihin, syntym\u00e4p\u00e4iville, polttareihin \u2013 tai kun kaipaatte yksinkertaisesti merkityksellist\u00e4 tapaa [&hellip;]\" \/>\n<meta property=\"og:url\" content=\"https:\/\/lunara.fi\/?page_id=386\" \/>\n<meta property=\"og:site_name\" content=\"Lunara\" \/>\n<meta property=\"article:modified_time\" content=\"2025-11-19T11:00:43+00:00\" \/>\n<meta property=\"og:image\" content=\"https:\/\/lunara.fi\/wp-content\/uploads\/2025\/11\/20251113_113303-COLLAGE2-1-scaled.jpg\" \/>\n\t<meta property=\"og:image:width\" content=\"2560\" \/>\n\t<meta property=\"og:image:height\" content=\"2560\" \/>\n\t<meta property=\"og:image:type\" content=\"image\/jpeg\" \/>\n<meta name=\"twitter:card\" content=\"summary_large_image\" \/>\n<meta name=\"twitter:label1\" content=\"Arvioitu lukuaika\" \/>\n\t<meta name=\"twitter:data1\" content=\"2 minuuttia\" \/>\n<script type=\"application\/ld+json\" class=\"yoast-schema-graph\">{\"@context\":\"https:\\\/\\\/schema.org\",\"@graph\":[{\"@type\":\"WebPage\",\"@id\":\"https:\\\/\\\/lunara.fi\\\/?page_id=386\",\"url\":\"https:\\\/\\\/lunara.fi\\\/?page_id=386\",\"name\":\"Luovan maalauksen ryhm\u00e4t - Lunara\",\"isPartOf\":{\"@id\":\"https:\\\/\\\/lunara.fi\\\/#website\"},\"primaryImageOfPage\":{\"@id\":\"https:\\\/\\\/lunara.fi\\\/?page_id=386#primaryimage\"},\"image\":{\"@id\":\"https:\\\/\\\/lunara.fi\\\/?page_id=386#primaryimage\"},\"thumbnailUrl\":\"https:\\\/\\\/lunara.fi\\\/wp-content\\\/uploads\\\/2025\\\/11\\\/20251113_113303-COLLAGE2-1-1024x1024.jpg\",\"datePublished\":\"2025-11-19T11:00:42+00:00\",\"dateModified\":\"2025-11-19T11:00:43+00:00\",\"breadcrumb\":{\"@id\":\"https:\\\/\\\/lunara.fi\\\/?page_id=386#breadcrumb\"},\"inLanguage\":\"fi\",\"potentialAction\":[{\"@type\":\"ReadAction\",\"target\":[\"https:\\\/\\\/lunara.fi\\\/?page_id=386\"]}]},{\"@type\":\"ImageObject\",\"inLanguage\":\"fi\",\"@id\":\"https:\\\/\\\/lunara.fi\\\/?page_id=386#primaryimage\",\"url\":\"https:\\\/\\\/lunara.fi\\\/wp-content\\\/uploads\\\/2025\\\/11\\\/20251113_113303-COLLAGE2-1-scaled.jpg\",\"contentUrl\":\"https:\\\/\\\/lunara.fi\\\/wp-content\\\/uploads\\\/2025\\\/11\\\/20251113_113303-COLLAGE2-1-scaled.jpg\",\"width\":2560,\"height\":2560},{\"@type\":\"BreadcrumbList\",\"@id\":\"https:\\\/\\\/lunara.fi\\\/?page_id=386#breadcrumb\",\"itemListElement\":[{\"@type\":\"ListItem\",\"position\":1,\"name\":\"Etusivu\",\"item\":\"https:\\\/\\\/lunara.fi\\\/\"},{\"@type\":\"ListItem\",\"position\":2,\"name\":\"Luovan maalauksen ryhm\u00e4t\"}]},{\"@type\":\"WebSite\",\"@id\":\"https:\\\/\\\/lunara.fi\\\/#website\",\"url\":\"https:\\\/\\\/lunara.fi\\\/\",\"name\":\"Lunara\",\"description\":\"Tie rauhaan ja tasapainoon\",\"publisher\":{\"@id\":\"https:\\\/\\\/lunara.fi\\\/#organization\"},\"potentialAction\":[{\"@type\":\"SearchAction\",\"target\":{\"@type\":\"EntryPoint\",\"urlTemplate\":\"https:\\\/\\\/lunara.fi\\\/?s={search_term_string}\"},\"query-input\":{\"@type\":\"PropertyValueSpecification\",\"valueRequired\":true,\"valueName\":\"search_term_string\"}}],\"inLanguage\":\"fi\"},{\"@type\":\"Organization\",\"@id\":\"https:\\\/\\\/lunara.fi\\\/#organization\",\"name\":\"Lunara\",\"url\":\"https:\\\/\\\/lunara.fi\\\/\",\"logo\":{\"@type\":\"ImageObject\",\"inLanguage\":\"fi\",\"@id\":\"https:\\\/\\\/lunara.fi\\\/#\\\/schema\\\/logo\\\/image\\\/\",\"url\":\"https:\\\/\\\/lunara.fi\\\/wp-content\\\/uploads\\\/2024\\\/12\\\/logo.jpg\",\"contentUrl\":\"https:\\\/\\\/lunara.fi\\\/wp-content\\\/uploads\\\/2024\\\/12\\\/logo.jpg\",\"width\":513,\"height\":481,\"caption\":\"Lunara\"},\"image\":{\"@id\":\"https:\\\/\\\/lunara.fi\\\/#\\\/schema\\\/logo\\\/image\\\/\"}}]}<\/script>\n<!-- \/ Yoast SEO plugin. -->","yoast_head_json":{"title":"Luovan maalauksen ryhm\u00e4t - Lunara","robots":{"index":"index","follow":"follow","max-snippet":"max-snippet:-1","max-image-preview":"max-image-preview:large","max-video-preview":"max-video-preview:-1"},"canonical":"https:\/\/lunara.fi\/?page_id=386","og_locale":"fi_FI","og_type":"article","og_title":"Luovan maalauksen ryhm\u00e4t - Lunara","og_description":"Luovan maalauksen illat ovat t\u00e4ynn\u00e4 el\u00e4myksi\u00e4, oivalluksia ja yhteis\u00f6llisyytt\u00e4 Luovan maalauksen illat ovat kutsu pys\u00e4htymiseen, inspiroitumiseen ja yhdess\u00e4 tekemisen iloon. Ne tarjoavat rennon ja el\u00e4myksellisen tavan kokea luovuuden flow niin yst\u00e4v\u00e4porukoille, ty\u00f6yhteis\u00f6ille, j\u00e4rjest\u00f6ille kuin juhlap\u00e4ivien ohjelmanumeroksikin. Ty\u00f6paja sopii loistavasti esimerkiksi tiimip\u00e4iviin, tyky- ja tyhy-p\u00e4iviin, kickoff-tilaisuuksiin, pikkujouluihin, syntym\u00e4p\u00e4iville, polttareihin \u2013 tai kun kaipaatte yksinkertaisesti merkityksellist\u00e4 tapaa [&hellip;]","og_url":"https:\/\/lunara.fi\/?page_id=386","og_site_name":"Lunara","article_modified_time":"2025-11-19T11:00:43+00:00","og_image":[{"width":2560,"height":2560,"url":"https:\/\/lunara.fi\/wp-content\/uploads\/2025\/11\/20251113_113303-COLLAGE2-1-scaled.jpg","type":"image\/jpeg"}],"twitter_card":"summary_large_image","twitter_misc":{"Arvioitu lukuaika":"2 minuuttia"},"schema":{"@context":"https:\/\/schema.org","@graph":[{"@type":"WebPage","@id":"https:\/\/lunara.fi\/?page_id=386","url":"https:\/\/lunara.fi\/?page_id=386","name":"Luovan maalauksen ryhm\u00e4t - Lunara","isPartOf":{"@id":"https:\/\/lunara.fi\/#website"},"primaryImageOfPage":{"@id":"https:\/\/lunara.fi\/?page_id=386#primaryimage"},"image":{"@id":"https:\/\/lunara.fi\/?page_id=386#primaryimage"},"thumbnailUrl":"https:\/\/lunara.fi\/wp-content\/uploads\/2025\/11\/20251113_113303-COLLAGE2-1-1024x1024.jpg","datePublished":"2025-11-19T11:00:42+00:00","dateModified":"2025-11-19T11:00:43+00:00","breadcrumb":{"@id":"https:\/\/lunara.fi\/?page_id=386#breadcrumb"},"inLanguage":"fi","potentialAction":[{"@type":"ReadAction","target":["https:\/\/lunara.fi\/?page_id=386"]}]},{"@type":"ImageObject","inLanguage":"fi","@id":"https:\/\/lunara.fi\/?page_id=386#primaryimage","url":"https:\/\/lunara.fi\/wp-content\/uploads\/2025\/11\/20251113_113303-COLLAGE2-1-scaled.jpg","contentUrl":"https:\/\/lunara.fi\/wp-content\/uploads\/2025\/11\/20251113_113303-COLLAGE2-1-scaled.jpg","width":2560,"height":2560},{"@type":"BreadcrumbList","@id":"https:\/\/lunara.fi\/?page_id=386#breadcrumb","itemListElement":[{"@type":"ListItem","position":1,"name":"Etusivu","item":"https:\/\/lunara.fi\/"},{"@type":"ListItem","position":2,"name":"Luovan maalauksen ryhm\u00e4t"}]},{"@type":"WebSite","@id":"https:\/\/lunara.fi\/#website","url":"https:\/\/lunara.fi\/","name":"Lunara","description":"Tie rauhaan ja tasapainoon","publisher":{"@id":"https:\/\/lunara.fi\/#organization"},"potentialAction":[{"@type":"SearchAction","target":{"@type":"EntryPoint","urlTemplate":"https:\/\/lunara.fi\/?s={search_term_string}"},"query-input":{"@type":"PropertyValueSpecification","valueRequired":true,"valueName":"search_term_string"}}],"inLanguage":"fi"},{"@type":"Organization","@id":"https:\/\/lunara.fi\/#organization","name":"Lunara","url":"https:\/\/lunara.fi\/","logo":{"@type":"ImageObject","inLanguage":"fi","@id":"https:\/\/lunara.fi\/#\/schema\/logo\/image\/","url":"https:\/\/lunara.fi\/wp-content\/uploads\/2024\/12\/logo.jpg","contentUrl":"https:\/\/lunara.fi\/wp-content\/uploads\/2024\/12\/logo.jpg","width":513,"height":481,"caption":"Lunara"},"image":{"@id":"https:\/\/lunara.fi\/#\/schema\/logo\/image\/"}}]}},"_links":{"self":[{"href":"https:\/\/lunara.fi\/index.php?rest_route=\/wp\/v2\/pages\/386","targetHints":{"allow":["GET"]}}],"collection":[{"href":"https:\/\/lunara.fi\/index.php?rest_route=\/wp\/v2\/pages"}],"about":[{"href":"https:\/\/lunara.fi\/index.php?rest_route=\/wp\/v2\/types\/page"}],"author":[{"embeddable":true,"href":"https:\/\/lunara.fi\/index.php?rest_route=\/wp\/v2\/users\/1"}],"replies":[{"embeddable":true,"href":"https:\/\/lunara.fi\/index.php?rest_route=%2Fwp%2Fv2%2Fcomments&post=386"}],"version-history":[{"count":1,"href":"https:\/\/lunara.fi\/index.php?rest_route=\/wp\/v2\/pages\/386\/revisions"}],"predecessor-version":[{"id":389,"href":"https:\/\/lunara.fi\/index.php?rest_route=\/wp\/v2\/pages\/386\/revisions\/389"}],"wp:attachment":[{"href":"https:\/\/lunara.fi\/index.php?rest_route=%2Fwp%2Fv2%2Fmedia&parent=386"}],"curies":[{"name":"wp","href":"https:\/\/api.w.org\/{rel}","templated":true}]}}